{"id":4362,"date":"2024-07-14T18:15:58","date_gmt":"2024-07-14T10:15:58","guid":{"rendered":"https:\/\/hingelocks.com\/product\/hl215\/"},"modified":"2024-08-30T21:45:58","modified_gmt":"2024-08-30T13:45:58","slug":"zinc-alloy-black-metal-180-degree-folding-panel-electrical-cabinet-hinge-hl215","status":"publish","type":"product","link":"https:\/\/hingelocks.com\/fr\/produit\/zinc-alloy-black-metal-180-degree-folding-panel-electrical-cabinet-hinge-hl215\/","title":{"rendered":"Charni\u00e8re pour armoire \u00e9lectrique en alliage de zinc, m\u00e9tal noir, 180 degr\u00e9s, pliable Hl215"},"content":{"rendered":"<p><img decoding=\"async\" src=\"https:\/\/hingelocks.com\/wp-content\/uploads\/2024\/07\/202276134046267.jpg\" \/><\/p>\n<h2>Sp\u00e9cifications<\/h2>\n<p><img decoding=\"async\" class=\"w80\" src=\"https:\/\/hingelocks.com\/wp-content\/uploads\/2024\/07\/EN02-11.jpg\" \/><\/p>","protected":false},"excerpt":{"rendered":"<div class=\"name\">Caract\u00e9ristiques<\/div>\n<p>\u25cf Mat\u00e9riau : alliage de zinc, charni\u00e8re statique, broches en acier inoxydable.<br \/>\n\u25cf Finition : noir mat par pulv\u00e9risation<br \/>\n\u25cf Remarque : charni\u00e8re \u00e0 180<\/p>\n<div class=\"name\">Mat\u00e9riau<\/div>\n<p>\u25cf Alliage de zinc<\/p>\n<div class=\"name\">Finition<\/div>\n<p>\u25cf Spray plastique<\/p>","protected":false},"featured_media":4365,"template":"","meta":{"_seopress_robots_primary_cat":"none","_seopress_titles_title":"","_seopress_titles_desc":"","_seopress_robots_index":"","_import_markdown_pro_load_document_selector":0,"_import_markdown_pro_submit_text_textarea":""},"product_cat":[53],"product_tag":[],"_links":{"self":[{"href":"https:\/\/hingelocks.com\/fr\/wp-json\/wp\/v2\/product\/4362"}],"collection":[{"href":"https:\/\/hingelocks.com\/fr\/wp-json\/wp\/v2\/product"}],"about":[{"href":"https:\/\/hingelocks.com\/fr\/wp-json\/wp\/v2\/types\/product"}],"wp:featuredmedia":[{"embeddable":true,"href":"https:\/\/hingelocks.com\/fr\/wp-json\/wp\/v2\/media\/4365"}],"wp:attachment":[{"href":"https:\/\/hingelocks.com\/fr\/wp-json\/wp\/v2\/media?parent=4362"}],"wp:term":[{"taxonomy":"product_cat","embeddable":true,"href":"https:\/\/hingelocks.com\/fr\/wp-json\/wp\/v2\/product_cat?post=4362"},{"taxonomy":"product_tag","embeddable":true,"href":"https:\/\/hingelocks.com\/fr\/wp-json\/wp\/v2\/product_tag?post=4362"}],"curies":[{"name":"wp","href":"https:\/\/api.w.org\/{rel}","templated":true}]}}