{"id":4375,"date":"2024-07-14T18:16:34","date_gmt":"2024-07-14T10:16:34","guid":{"rendered":"https:\/\/hingelocks.com\/product\/hl301z-1\/"},"modified":"2024-08-30T21:39:37","modified_gmt":"2024-08-30T13:39:37","slug":"hl301z-adjustable-torque-position-control-hinges-friction-stay-hinge","status":"publish","type":"product","link":"https:\/\/hingelocks.com\/fr\/produit\/hl301z-adjustable-torque-position-control-hinges-friction-stay-hinge\/","title":{"rendered":"Hl301z Charni\u00e8res de contr\u00f4le de position \u00e0 couple r\u00e9glable Charni\u00e8re \u00e0 friction"},"content":{"rendered":"<p><img decoding=\"async\" src=\"https:\/\/hingelocks.com\/wp-content\/uploads\/2024\/07\/20201010112544282.jpg\" \/><\/p>\n<h2>Sp\u00e9cifications<\/h2>\n<p><img decoding=\"async\" class=\"w80\" src=\"https:\/\/hingelocks.com\/wp-content\/uploads\/2024\/07\/20201010112553883EN02.jpg\" \/><\/p>","protected":false},"excerpt":{"rendered":"<div class=\"name\">Caract\u00e9ristiques<\/div>\n<p>\u25cf Mat\u00e9riau:charni\u00e8re en zinc moul\u00e9 sous pression, axe en acier inoxydable et en acier nickel\u00e9 disponibles.<br \/>\n\u25cf Structure et fonction : 2 Nm<br \/>\n\u25cf couple sym\u00e9trique,<br \/>\n\u25cf Sp\u00e9cification du couple statique \u00b1 20%<br \/>\n\u25cf une dur\u00e9e de vie de plus de 25 000 fois<br \/>\n\u25cf Applicable \u00e0 gauche et \u00e0 droite<br \/>\n\u25cf Avec vis M5 pour l'assemblage<br \/>\n\u25cf Finition : Chromage piqu\u00e9<br \/>\n\u25cf Rem<\/p>\n<div class=\"name\">Mat\u00e9riau<\/div>\n<p>\u25cf Alliage de zinc<\/p>\n<div class=\"name\">Finition<\/div>\n<p>\u25cf Spray plastique<\/p>","protected":false},"featured_media":4378,"template":"","meta":{"_seopress_robots_primary_cat":"none","_seopress_titles_title":"","_seopress_titles_desc":"","_seopress_robots_index":"","_import_markdown_pro_load_document_selector":0,"_import_markdown_pro_submit_text_textarea":""},"product_cat":[53],"product_tag":[],"_links":{"self":[{"href":"https:\/\/hingelocks.com\/fr\/wp-json\/wp\/v2\/product\/4375"}],"collection":[{"href":"https:\/\/hingelocks.com\/fr\/wp-json\/wp\/v2\/product"}],"about":[{"href":"https:\/\/hingelocks.com\/fr\/wp-json\/wp\/v2\/types\/product"}],"wp:featuredmedia":[{"embeddable":true,"href":"https:\/\/hingelocks.com\/fr\/wp-json\/wp\/v2\/media\/4378"}],"wp:attachment":[{"href":"https:\/\/hingelocks.com\/fr\/wp-json\/wp\/v2\/media?parent=4375"}],"wp:term":[{"taxonomy":"product_cat","embeddable":true,"href":"https:\/\/hingelocks.com\/fr\/wp-json\/wp\/v2\/product_cat?post=4375"},{"taxonomy":"product_tag","embeddable":true,"href":"https:\/\/hingelocks.com\/fr\/wp-json\/wp\/v2\/product_tag?post=4375"}],"curies":[{"name":"wp","href":"https:\/\/api.w.org\/{rel}","templated":true}]}}