{"id":4522,"date":"2024-07-19T15:05:52","date_gmt":"2024-07-19T07:05:52","guid":{"rendered":"https:\/\/hingelocks.com\/?page_id=4522"},"modified":"2024-07-19T19:48:03","modified_gmt":"2024-07-19T11:48:03","slug":"alkalmazas","status":"publish","type":"page","link":"https:\/\/hingelocks.com\/hu\/alkalmazas\/","title":{"rendered":"Alkalmaz\u00e1s"},"content":{"rendered":"<div data-elementor-type=\"wp-page\" data-elementor-id=\"4522\" class=\"elementor elementor-4522\" data-elementor-post-type=\"page\">\n\t\t\t\t<div class=\"elementor-element elementor-element-4dc181d e-flex e-con-boxed e-con e-parent\" data-id=\"4dc181d\" data-element_type=\"container\" data-settings=\"{&quot;background_background&quot;:&quot;classic&quot;}\">\n\t\t\t\t\t<div class=\"e-con-inner\">\n\t\t<div class=\"elementor-element elementor-element-66e8e15 e-grid e-con-full e-con e-child\" data-id=\"66e8e15\" data-element_type=\"container\" data-settings=\"{&quot;background_background&quot;:&quot;classic&quot;}\">\n\t\t\t\t<div class=\"elementor-element elementor-element-dbd4fcd elementor-widget elementor-widget-heading\" data-id=\"dbd4fcd\" data-element_type=\"widget\" data-widget_type=\"heading.default\">\n\t\t\t\t<div class=\"elementor-widget-container\">\n\t\t\t\t\t<h2 class=\"elementor-heading-title elementor-size-default\">Alkalmaz\u00e1sok<\/h2>\t\t\t\t<\/div>\n\t\t\t\t<\/div>\n\t\t\t\t<div class=\"elementor-element elementor-element-b237dc6 elementor-widget elementor-widget-text-editor\" data-id=\"b237dc6\" data-element_type=\"widget\" data-widget_type=\"text-editor.default\">\n\t\t\t\t<div class=\"elementor-widget-container\">\n\t\t\t\t\t\t\t\t\t<p>Professzion\u00e1lis reteszeket \u00e9s zsan\u00e9rokat k\u00edn\u00e1lunk az \u00d6n ipar\u00e1gai sz\u00e1m\u00e1ra.<\/p>\t\t\t\t\t\t\t\t<\/div>\n\t\t\t\t<\/div>\n\t\t\t\t<\/div>\n\t\t\t\t\t<\/div>\n\t\t\t\t<\/div>\n\t\t<div class=\"elementor-element elementor-element-247bd10 e-flex e-con-boxed e-con e-parent\" data-id=\"247bd10\" data-element_type=\"container\">\n\t\t\t\t\t<div class=\"e-con-inner\">\n\t\t<div class=\"elementor-element elementor-element-c3684d4 e-con-full e-flex e-con e-child\" data-id=\"c3684d4\" data-element_type=\"container\">\n\t\t\t\t<div class=\"elementor-element elementor-element-2c3b0c2 elementor-widget elementor-widget-image\" data-id=\"2c3b0c2\" data-element_type=\"widget\" data-widget_type=\"image.default\">\n\t\t\t\t<div class=\"elementor-widget-container\">\n\t\t\t\t\t\t\t\t\t\t\t\t\t\t\t<img fetchpriority=\"high\" decoding=\"async\" width=\"600\" height=\"400\" src=\"https:\/\/hingelocks.com\/wp-content\/uploads\/2024\/07\/Special-Vehicle-Shipping-Industry.jpg\" class=\"attachment-large size-large wp-image-1238\" alt=\"\" srcset=\"https:\/\/hingelocks.com\/wp-content\/uploads\/2024\/07\/Special-Vehicle-Shipping-Industry.jpg 600w, https:\/\/hingelocks.com\/wp-content\/uploads\/2024\/07\/Special-Vehicle-Shipping-Industry-300x200.jpg 300w\" sizes=\"(max-width: 600px) 100vw, 600px\" \/>\t\t\t\t\t\t\t\t\t\t\t\t\t\t\t<\/div>\n\t\t\t\t<\/div>\n\t\t\t\t<div class=\"elementor-element elementor-element-dbf1bb2 elementor-widget elementor-widget-heading\" data-id=\"dbf1bb2\" data-element_type=\"widget\" data-widget_type=\"heading.default\">\n\t\t\t\t<div class=\"elementor-widget-container\">\n\t\t\t\t\t<h2 class=\"elementor-heading-title elementor-size-default\">Speci\u00e1lis j\u00e1rm\u0171sz\u00e1ll\u00edt\u00e1si \u00e1gazat\n<\/h2>\t\t\t\t<\/div>\n\t\t\t\t<\/div>\n\t\t\t\t<div class=\"elementor-element elementor-element-adee5aa elementor-widget elementor-widget-text-editor\" data-id=\"adee5aa\" data-element_type=\"widget\" data-widget_type=\"text-editor.default\">\n\t\t\t\t<div class=\"elementor-widget-container\">\n\t\t\t\t\t\t\t\t\t<p>Nagy teherb\u00edr\u00e1s\u00fa, tart\u00f3s term\u00e9kkialak\u00edt\u00e1sok, amelyek megb\u00edzhat\u00f3 teljes\u00edtm\u00e9nyt \u00e9s hossz\u00fa t\u00e1v\u00fa haszn\u00e1latot biztos\u00edtanak.<\/p>\t\t\t\t\t\t\t\t<\/div>\n\t\t\t\t<\/div>\n\t\t\t\t<div class=\"elementor-element elementor-element-bb44cae elementor-widget elementor-widget-button\" data-id=\"bb44cae\" data-element_type=\"widget\" data-widget_type=\"button.default\">\n\t\t\t\t<div class=\"elementor-widget-container\">\n\t\t\t\t\t\t\t\t\t<div class=\"elementor-button-wrapper\">\n\t\t\t\t\t<a class=\"elementor-button elementor-button-link elementor-size-sm\" href=\"https:\/\/hingelocks.com\/hu\/specialis-jarmuhajozasi-agazat\/\">\n\t\t\t\t\t\t<span class=\"elementor-button-content-wrapper\">\n\t\t\t\t\t\t\t\t\t<span class=\"elementor-button-text\">Fedezzen fel t\u00f6bbet<\/span>\n\t\t\t\t\t<\/span>\n\t\t\t\t\t<\/a>\n\t\t\t\t<\/div>\n\t\t\t\t\t\t\t\t<\/div>\n\t\t\t\t<\/div>\n\t\t\t\t<\/div>\n\t\t<div class=\"elementor-element elementor-element-01ead56 e-con-full e-flex e-con e-child\" data-id=\"01ead56\" data-element_type=\"container\">\n\t\t\t\t<div class=\"elementor-element elementor-element-1a7d219 elementor-widget elementor-widget-image\" data-id=\"1a7d219\" data-element_type=\"widget\" data-widget_type=\"image.default\">\n\t\t\t\t<div class=\"elementor-widget-container\">\n\t\t\t\t\t\t\t\t\t\t\t\t\t\t\t<img decoding=\"async\" width=\"600\" height=\"400\" src=\"https:\/\/hingelocks.com\/wp-content\/uploads\/2024\/07\/high-speed-train.jpg\" class=\"attachment-large size-large wp-image-1239\" alt=\"\" srcset=\"https:\/\/hingelocks.com\/wp-content\/uploads\/2024\/07\/high-speed-train.jpg 600w, https:\/\/hingelocks.com\/wp-content\/uploads\/2024\/07\/high-speed-train-300x200.jpg 300w\" sizes=\"(max-width: 600px) 100vw, 600px\" \/>\t\t\t\t\t\t\t\t\t\t\t\t\t\t\t<\/div>\n\t\t\t\t<\/div>\n\t\t\t\t<div class=\"elementor-element elementor-element-26b33c2 elementor-widget elementor-widget-heading\" data-id=\"26b33c2\" data-element_type=\"widget\" data-widget_type=\"heading.default\">\n\t\t\t\t<div class=\"elementor-widget-container\">\n\t\t\t\t\t<h2 class=\"elementor-heading-title elementor-size-default\">Vas\u00fati \u00e9s sz\u00e1ll\u00edt\u00e1si ipar\u00e1gak\n<\/h2>\t\t\t\t<\/div>\n\t\t\t\t<\/div>\n\t\t\t\t<div class=\"elementor-element elementor-element-2750ca7 elementor-widget elementor-widget-text-editor\" data-id=\"2750ca7\" data-element_type=\"widget\" data-widget_type=\"text-editor.default\">\n\t\t\t\t<div class=\"elementor-widget-container\">\n\t\t\t\t\t\t\t\t\t<p>Innovat\u00edv megold\u00e1sok a rezg\u00e9s \u00e9s a zaj hat\u00e9kony cs\u00f6kkent\u00e9s\u00e9re vas\u00fati \u00e9s k\u00f6zleked\u00e9si alkalmaz\u00e1sokban.<\/p>\t\t\t\t\t\t\t\t<\/div>\n\t\t\t\t<\/div>\n\t\t\t\t<div class=\"elementor-element elementor-element-db3b1ac elementor-widget elementor-widget-button\" data-id=\"db3b1ac\" data-element_type=\"widget\" data-widget_type=\"button.default\">\n\t\t\t\t<div class=\"elementor-widget-container\">\n\t\t\t\t\t\t\t\t\t<div class=\"elementor-button-wrapper\">\n\t\t\t\t\t<a class=\"elementor-button elementor-button-link elementor-size-sm\" href=\"https:\/\/hingelocks.com\/hu\/railway-and-transportation-industries\/\">\n\t\t\t\t\t\t<span class=\"elementor-button-content-wrapper\">\n\t\t\t\t\t\t\t\t\t<span class=\"elementor-button-text\">Fedezzen fel t\u00f6bbet<\/span>\n\t\t\t\t\t<\/span>\n\t\t\t\t\t<\/a>\n\t\t\t\t<\/div>\n\t\t\t\t\t\t\t\t<\/div>\n\t\t\t\t<\/div>\n\t\t\t\t<\/div>\n\t\t<div class=\"elementor-element elementor-element-dab5305 e-con-full e-flex e-con e-child\" data-id=\"dab5305\" data-element_type=\"container\">\n\t\t\t\t<div class=\"elementor-element elementor-element-3d6f735 elementor-widget elementor-widget-image\" data-id=\"3d6f735\" data-element_type=\"widget\" data-widget_type=\"image.default\">\n\t\t\t\t<div class=\"elementor-widget-container\">\n\t\t\t\t\t\t\t\t\t\t\t\t\t\t\t<img decoding=\"async\" width=\"600\" height=\"400\" src=\"https:\/\/hingelocks.com\/wp-content\/uploads\/2024\/07\/Power-distribution-cabinet.jpg\" class=\"attachment-large size-large wp-image-1240\" alt=\"\" srcset=\"https:\/\/hingelocks.com\/wp-content\/uploads\/2024\/07\/Power-distribution-cabinet.jpg 600w, https:\/\/hingelocks.com\/wp-content\/uploads\/2024\/07\/Power-distribution-cabinet-300x200.jpg 300w\" sizes=\"(max-width: 600px) 100vw, 600px\" \/>\t\t\t\t\t\t\t\t\t\t\t\t\t\t\t<\/div>\n\t\t\t\t<\/div>\n\t\t\t\t<div class=\"elementor-element elementor-element-9827935 elementor-widget elementor-widget-heading\" data-id=\"9827935\" data-element_type=\"widget\" data-widget_type=\"heading.default\">\n\t\t\t\t<div class=\"elementor-widget-container\">\n\t\t\t\t\t<h2 class=\"elementor-heading-title elementor-size-default\">Energiaeloszt\u00f3 szekr\u00e9ny\n<\/h2>\t\t\t\t<\/div>\n\t\t\t\t<\/div>\n\t\t\t\t<div class=\"elementor-element elementor-element-27e7fd8 elementor-widget elementor-widget-text-editor\" data-id=\"27e7fd8\" data-element_type=\"widget\" data-widget_type=\"text-editor.default\">\n\t\t\t\t<div class=\"elementor-widget-container\">\n\t\t\t\t\t\t\t\t\t<p>Nagy teherb\u00edr\u00e1s\u00fa term\u00e9kek, amelyek zajszigetel\u00e9st \u00e9s rezg\u00e9scsillap\u00edt\u00e1st k\u00edn\u00e1lnak \u00e1rameloszt\u00f3 szekr\u00e9nyekhez.<\/p>\t\t\t\t\t\t\t\t<\/div>\n\t\t\t\t<\/div>\n\t\t\t\t<div class=\"elementor-element elementor-element-2c2465f elementor-widget elementor-widget-button\" data-id=\"2c2465f\" data-element_type=\"widget\" data-widget_type=\"button.default\">\n\t\t\t\t<div class=\"elementor-widget-container\">\n\t\t\t\t\t\t\t\t\t<div class=\"elementor-button-wrapper\">\n\t\t\t\t\t<a class=\"elementor-button elementor-button-link elementor-size-sm\" href=\"https:\/\/hingelocks.com\/hu\/high-low-voltage-power-distribution-cabinet\/\">\n\t\t\t\t\t\t<span class=\"elementor-button-content-wrapper\">\n\t\t\t\t\t\t\t\t\t<span class=\"elementor-button-text\">Fedezzen fel t\u00f6bbet<\/span>\n\t\t\t\t\t<\/span>\n\t\t\t\t\t<\/a>\n\t\t\t\t<\/div>\n\t\t\t\t\t\t\t\t<\/div>\n\t\t\t\t<\/div>\n\t\t\t\t<\/div>\n\t\t\t\t\t<\/div>\n\t\t\t\t<\/div>\n\t\t<div class=\"elementor-element elementor-element-fa0a320 e-flex e-con-boxed e-con e-parent\" data-id=\"fa0a320\" data-element_type=\"container\">\n\t\t\t\t\t<div class=\"e-con-inner\">\n\t\t<div class=\"elementor-element elementor-element-98cc6ae e-con-full e-flex e-con e-child\" data-id=\"98cc6ae\" data-element_type=\"container\">\n\t\t\t\t<div class=\"elementor-element elementor-element-1c87d4f elementor-widget elementor-widget-image\" data-id=\"1c87d4f\" data-element_type=\"widget\" data-widget_type=\"image.default\">\n\t\t\t\t<div class=\"elementor-widget-container\">\n\t\t\t\t\t\t\t\t\t\t\t\t\t\t\t<img loading=\"lazy\" decoding=\"async\" width=\"600\" height=\"400\" src=\"https:\/\/hingelocks.com\/wp-content\/uploads\/2024\/07\/Charging-Pile.jpg\" class=\"attachment-large size-large wp-image-1242\" alt=\"\" srcset=\"https:\/\/hingelocks.com\/wp-content\/uploads\/2024\/07\/Charging-Pile.jpg 600w, https:\/\/hingelocks.com\/wp-content\/uploads\/2024\/07\/Charging-Pile-300x200.jpg 300w\" sizes=\"(max-width: 600px) 100vw, 600px\" \/>\t\t\t\t\t\t\t\t\t\t\t\t\t\t\t<\/div>\n\t\t\t\t<\/div>\n\t\t\t\t<div class=\"elementor-element elementor-element-720ec1e elementor-widget elementor-widget-heading\" data-id=\"720ec1e\" data-element_type=\"widget\" data-widget_type=\"heading.default\">\n\t\t\t\t<div class=\"elementor-widget-container\">\n\t\t\t\t\t<h2 class=\"elementor-heading-title elementor-size-default\">\u00daj energiaipar\n<\/h2>\t\t\t\t<\/div>\n\t\t\t\t<\/div>\n\t\t\t\t<div class=\"elementor-element elementor-element-14dda8f elementor-widget elementor-widget-text-editor\" data-id=\"14dda8f\" data-element_type=\"widget\" data-widget_type=\"text-editor.default\">\n\t\t\t\t<div class=\"elementor-widget-container\">\n\t\t\t\t\t\t\t\t\t<p>T\u00f6lt\u0151oszlopos megold\u00e1sok magas v\u00e9delmi szint\u0171 reteszekkel a fokozott biztons\u00e1g \u00e9s megb\u00edzhat\u00f3s\u00e1g \u00e9rdek\u00e9ben.<\/p>\t\t\t\t\t\t\t\t<\/div>\n\t\t\t\t<\/div>\n\t\t\t\t<div class=\"elementor-element elementor-element-f257452 elementor-widget elementor-widget-button\" data-id=\"f257452\" data-element_type=\"widget\" data-widget_type=\"button.default\">\n\t\t\t\t<div class=\"elementor-widget-container\">\n\t\t\t\t\t\t\t\t\t<div class=\"elementor-button-wrapper\">\n\t\t\t\t\t<a class=\"elementor-button elementor-button-link elementor-size-sm\" href=\"https:\/\/hingelocks.com\/hu\/new-energy-industry\/\">\n\t\t\t\t\t\t<span class=\"elementor-button-content-wrapper\">\n\t\t\t\t\t\t\t\t\t<span class=\"elementor-button-text\">Fedezzen fel t\u00f6bbet<\/span>\n\t\t\t\t\t<\/span>\n\t\t\t\t\t<\/a>\n\t\t\t\t<\/div>\n\t\t\t\t\t\t\t\t<\/div>\n\t\t\t\t<\/div>\n\t\t\t\t<\/div>\n\t\t<div class=\"elementor-element elementor-element-99d30af e-con-full e-flex e-con e-child\" data-id=\"99d30af\" data-element_type=\"container\">\n\t\t\t\t<div class=\"elementor-element elementor-element-20735c9 elementor-widget elementor-widget-image\" data-id=\"20735c9\" data-element_type=\"widget\" data-widget_type=\"image.default\">\n\t\t\t\t<div class=\"elementor-widget-container\">\n\t\t\t\t\t\t\t\t\t\t\t\t\t\t\t<img loading=\"lazy\" decoding=\"async\" width=\"600\" height=\"400\" src=\"https:\/\/hingelocks.com\/wp-content\/uploads\/2024\/07\/Electrical-System.jpg\" class=\"attachment-large size-large wp-image-1247\" alt=\"\" srcset=\"https:\/\/hingelocks.com\/wp-content\/uploads\/2024\/07\/Electrical-System.jpg 600w, https:\/\/hingelocks.com\/wp-content\/uploads\/2024\/07\/Electrical-System-300x200.jpg 300w\" sizes=\"(max-width: 600px) 100vw, 600px\" \/>\t\t\t\t\t\t\t\t\t\t\t\t\t\t\t<\/div>\n\t\t\t\t<\/div>\n\t\t\t\t<div class=\"elementor-element elementor-element-7f8bff8 elementor-widget elementor-widget-heading\" data-id=\"7f8bff8\" data-element_type=\"widget\" data-widget_type=\"heading.default\">\n\t\t\t\t<div class=\"elementor-widget-container\">\n\t\t\t\t\t<h2 class=\"elementor-heading-title elementor-size-default\">Elektromos rendszer\n<\/h2>\t\t\t\t<\/div>\n\t\t\t\t<\/div>\n\t\t\t\t<div class=\"elementor-element elementor-element-14101e9 elementor-widget elementor-widget-text-editor\" data-id=\"14101e9\" data-element_type=\"widget\" data-widget_type=\"text-editor.default\">\n\t\t\t\t<div class=\"elementor-widget-container\">\n\t\t\t\t\t\t\t\t\t<p>Biztons\u00e1gos z\u00e1rak, zsan\u00e9rok \u00e9s kieg\u00e9sz\u00edt\u0151k \u00e1tfog\u00f3 v\u00e1laszt\u00e9ka belt\u00e9ri \u00e9s k\u00fclt\u00e9ri szekr\u00e9nyekhez egyar\u00e1nt.<\/p>\t\t\t\t\t\t\t\t<\/div>\n\t\t\t\t<\/div>\n\t\t\t\t<div class=\"elementor-element elementor-element-2f29048 elementor-widget elementor-widget-button\" data-id=\"2f29048\" data-element_type=\"widget\" data-widget_type=\"button.default\">\n\t\t\t\t<div class=\"elementor-widget-container\">\n\t\t\t\t\t\t\t\t\t<div class=\"elementor-button-wrapper\">\n\t\t\t\t\t<a class=\"elementor-button elementor-button-link elementor-size-sm\" href=\"https:\/\/hingelocks.com\/hu\/elektromos-rendszer\/\">\n\t\t\t\t\t\t<span class=\"elementor-button-content-wrapper\">\n\t\t\t\t\t\t\t\t\t<span class=\"elementor-button-text\">Fedezzen fel t\u00f6bbet<\/span>\n\t\t\t\t\t<\/span>\n\t\t\t\t\t<\/a>\n\t\t\t\t<\/div>\n\t\t\t\t\t\t\t\t<\/div>\n\t\t\t\t<\/div>\n\t\t\t\t<\/div>\n\t\t<div class=\"elementor-element elementor-element-9211475 e-con-full e-flex e-con e-child\" data-id=\"9211475\" data-element_type=\"container\">\n\t\t\t\t<div class=\"elementor-element elementor-element-4eeabde elementor-widget elementor-widget-image\" data-id=\"4eeabde\" data-element_type=\"widget\" data-widget_type=\"image.default\">\n\t\t\t\t<div class=\"elementor-widget-container\">\n\t\t\t\t\t\t\t\t\t\t\t\t\t\t\t<img loading=\"lazy\" decoding=\"async\" width=\"600\" height=\"400\" src=\"https:\/\/hingelocks.com\/wp-content\/uploads\/2024\/07\/IT-Industry-Data-Center.jpg\" class=\"attachment-large size-large wp-image-1243\" alt=\"\" srcset=\"https:\/\/hingelocks.com\/wp-content\/uploads\/2024\/07\/IT-Industry-Data-Center.jpg 600w, https:\/\/hingelocks.com\/wp-content\/uploads\/2024\/07\/IT-Industry-Data-Center-300x200.jpg 300w\" sizes=\"(max-width: 600px) 100vw, 600px\" \/>\t\t\t\t\t\t\t\t\t\t\t\t\t\t\t<\/div>\n\t\t\t\t<\/div>\n\t\t\t\t<div class=\"elementor-element elementor-element-303895d elementor-widget elementor-widget-heading\" data-id=\"303895d\" data-element_type=\"widget\" data-widget_type=\"heading.default\">\n\t\t\t\t<div class=\"elementor-widget-container\">\n\t\t\t\t\t<h2 class=\"elementor-heading-title elementor-size-default\">IT ipari szekr\u00e9ny\n<\/h2>\t\t\t\t<\/div>\n\t\t\t\t<\/div>\n\t\t\t\t<div class=\"elementor-element elementor-element-3c8ef3f elementor-widget elementor-widget-text-editor\" data-id=\"3c8ef3f\" data-element_type=\"widget\" data-widget_type=\"text-editor.default\">\n\t\t\t\t<div class=\"elementor-widget-container\">\n\t\t\t\t\t\t\t\t\t<p>A szervezeti adatok v\u00e9delm\u00e9re tervezett, nagy biztons\u00e1g\u00fa term\u00e9kek IT-ipari szekr\u00e9nyekben.<\/p>\t\t\t\t\t\t\t\t<\/div>\n\t\t\t\t<\/div>\n\t\t\t\t<div class=\"elementor-element elementor-element-eb7878f elementor-widget elementor-widget-button\" data-id=\"eb7878f\" data-element_type=\"widget\" data-widget_type=\"button.default\">\n\t\t\t\t<div class=\"elementor-widget-container\">\n\t\t\t\t\t\t\t\t\t<div class=\"elementor-button-wrapper\">\n\t\t\t\t\t<a class=\"elementor-button elementor-button-link elementor-size-sm\" href=\"https:\/\/hingelocks.com\/hu\/it-industrial-cabinet\/\">\n\t\t\t\t\t\t<span class=\"elementor-button-content-wrapper\">\n\t\t\t\t\t\t\t\t\t<span class=\"elementor-button-text\">Fedezzen fel t\u00f6bbet<\/span>\n\t\t\t\t\t<\/span>\n\t\t\t\t\t<\/a>\n\t\t\t\t<\/div>\n\t\t\t\t\t\t\t\t<\/div>\n\t\t\t\t<\/div>\n\t\t\t\t<\/div>\n\t\t\t\t\t<\/div>\n\t\t\t\t<\/div>\n\t\t<div class=\"elementor-element elementor-element-761f400 e-flex e-con-boxed e-con e-parent\" data-id=\"761f400\" data-element_type=\"container\">\n\t\t\t\t\t<div class=\"e-con-inner\">\n\t\t<div class=\"elementor-element elementor-element-ed9e480 e-con-full e-flex e-con e-child\" data-id=\"ed9e480\" data-element_type=\"container\">\n\t\t\t\t<div class=\"elementor-element elementor-element-1c13cf0 elementor-widget elementor-widget-image\" data-id=\"1c13cf0\" data-element_type=\"widget\" data-widget_type=\"image.default\">\n\t\t\t\t<div class=\"elementor-widget-container\">\n\t\t\t\t\t\t\t\t\t\t\t\t\t\t\t<img loading=\"lazy\" decoding=\"async\" width=\"600\" height=\"400\" src=\"https:\/\/hingelocks.com\/wp-content\/uploads\/2024\/07\/Industrial-Equipment-1.jpg\" class=\"attachment-large size-large wp-image-1241\" alt=\"\" srcset=\"https:\/\/hingelocks.com\/wp-content\/uploads\/2024\/07\/Industrial-Equipment-1.jpg 600w, https:\/\/hingelocks.com\/wp-content\/uploads\/2024\/07\/Industrial-Equipment-1-300x200.jpg 300w\" sizes=\"(max-width: 600px) 100vw, 600px\" \/>\t\t\t\t\t\t\t\t\t\t\t\t\t\t\t<\/div>\n\t\t\t\t<\/div>\n\t\t\t\t<div class=\"elementor-element elementor-element-6286952 elementor-widget elementor-widget-heading\" data-id=\"6286952\" data-element_type=\"widget\" data-widget_type=\"heading.default\">\n\t\t\t\t<div class=\"elementor-widget-container\">\n\t\t\t\t\t<h2 class=\"elementor-heading-title elementor-size-default\">Ipari g\u00e9pek \u00e9s berendez\u00e9sek\n<\/h2>\t\t\t\t<\/div>\n\t\t\t\t<\/div>\n\t\t\t\t<div class=\"elementor-element elementor-element-fe13490 elementor-widget elementor-widget-text-editor\" data-id=\"fe13490\" data-element_type=\"widget\" data-widget_type=\"text-editor.default\">\n\t\t\t\t<div class=\"elementor-widget-container\">\n\t\t\t\t\t\t\t\t\t<p>K\u00f6lts\u00e9ghat\u00e9kony g\u00e9pbiztons\u00e1gi reteszek, amelyek val\u00f3di \u00e9rt\u00e9ket k\u00e9pviselnek.<\/p>\t\t\t\t\t\t\t\t<\/div>\n\t\t\t\t<\/div>\n\t\t\t\t<div class=\"elementor-element elementor-element-25ac297 elementor-widget elementor-widget-button\" data-id=\"25ac297\" data-element_type=\"widget\" data-widget_type=\"button.default\">\n\t\t\t\t<div class=\"elementor-widget-container\">\n\t\t\t\t\t\t\t\t\t<div class=\"elementor-button-wrapper\">\n\t\t\t\t\t<a class=\"elementor-button elementor-button-link elementor-size-sm\" href=\"#\">\n\t\t\t\t\t\t<span class=\"elementor-button-content-wrapper\">\n\t\t\t\t\t\t\t\t\t<span class=\"elementor-button-text\">Fedezzen fel t\u00f6bbet<\/span>\n\t\t\t\t\t<\/span>\n\t\t\t\t\t<\/a>\n\t\t\t\t<\/div>\n\t\t\t\t\t\t\t\t<\/div>\n\t\t\t\t<\/div>\n\t\t\t\t<\/div>\n\t\t<div class=\"elementor-element elementor-element-810bf6b e-con-full e-flex e-con e-child\" data-id=\"810bf6b\" data-element_type=\"container\">\n\t\t\t\t<div class=\"elementor-element elementor-element-9e051e7 elementor-widget elementor-widget-image\" data-id=\"9e051e7\" data-element_type=\"widget\" data-widget_type=\"image.default\">\n\t\t\t\t<div class=\"elementor-widget-container\">\n\t\t\t\t\t\t\t\t\t\t\t\t\t\t\t<img loading=\"lazy\" decoding=\"async\" width=\"600\" height=\"400\" src=\"https:\/\/hingelocks.com\/wp-content\/uploads\/2024\/07\/Other-Industries.jpg\" class=\"attachment-large size-large wp-image-1251\" alt=\"\" srcset=\"https:\/\/hingelocks.com\/wp-content\/uploads\/2024\/07\/Other-Industries.jpg 600w, https:\/\/hingelocks.com\/wp-content\/uploads\/2024\/07\/Other-Industries-300x200.jpg 300w\" sizes=\"(max-width: 600px) 100vw, 600px\" \/>\t\t\t\t\t\t\t\t\t\t\t\t\t\t\t<\/div>\n\t\t\t\t<\/div>\n\t\t\t\t<div class=\"elementor-element elementor-element-3b61344 elementor-widget elementor-widget-heading\" data-id=\"3b61344\" data-element_type=\"widget\" data-widget_type=\"heading.default\">\n\t\t\t\t<div class=\"elementor-widget-container\">\n\t\t\t\t\t<h2 class=\"elementor-heading-title elementor-size-default\">Egy\u00e9b ipar\u00e1gak<\/h2>\t\t\t\t<\/div>\n\t\t\t\t<\/div>\n\t\t\t\t<div class=\"elementor-element elementor-element-fa6a7eb elementor-widget elementor-widget-text-editor\" data-id=\"fa6a7eb\" data-element_type=\"widget\" data-widget_type=\"text-editor.default\">\n\t\t\t\t<div class=\"elementor-widget-container\">\n\t\t\t\t\t\t\t\t\t<p>T\u00f6k\u00e9letes integr\u00e1ci\u00f3, sz\u00e9p design \u00e9s egyszer\u0171 m\u0171k\u00f6d\u00e9s szekr\u00e9nyekhez \u00e9s iratt\u00e1rakhoz<\/p>\t\t\t\t\t\t\t\t<\/div>\n\t\t\t\t<\/div>\n\t\t\t\t<div class=\"elementor-element elementor-element-3e3f23f elementor-widget elementor-widget-button\" data-id=\"3e3f23f\" data-element_type=\"widget\" data-widget_type=\"button.default\">\n\t\t\t\t<div class=\"elementor-widget-container\">\n\t\t\t\t\t\t\t\t\t<div class=\"elementor-button-wrapper\">\n\t\t\t\t\t<a class=\"elementor-button elementor-button-link elementor-size-sm\" href=\"#\">\n\t\t\t\t\t\t<span class=\"elementor-button-content-wrapper\">\n\t\t\t\t\t\t\t\t\t<span class=\"elementor-button-text\">Fedezzen fel t\u00f6bbet<\/span>\n\t\t\t\t\t<\/span>\n\t\t\t\t\t<\/a>\n\t\t\t\t<\/div>\n\t\t\t\t\t\t\t\t<\/div>\n\t\t\t\t<\/div>\n\t\t\t\t<\/div>\n\t\t<div class=\"elementor-element elementor-element-23ee4dc e-con-full e-flex e-con e-child\" data-id=\"23ee4dc\" data-element_type=\"container\">\n\t\t\t\t<\/div>\n\t\t\t\t\t<\/div>\n\t\t\t\t<\/div>\n\t\t\t\t<\/div>","protected":false},"excerpt":{"rendered":"<p>Applications We Provide Professional Latches and Hinge solutions for your industries. Special Vehicle Shipping Industry Heavy-duty, durable product designs ensuring reliable performance and long-lasting use . Explore More Railway and Transportation Industries Innovative solutions to effectively reduce vibration and noise in railway and transportation applications. Explore More Power distribution cabinet Heavy-duty products offering noise isolation [&hellip;]<\/p>","protected":false},"author":1,"featured_media":0,"parent":0,"menu_order":0,"comment_status":"closed","ping_status":"closed","template":"","meta":{"_seopress_robots_primary_cat":"","_seopress_titles_title":"","_seopress_titles_desc":"","_seopress_robots_index":"","_import_markdown_pro_load_document_selector":0,"_import_markdown_pro_submit_text_textarea":"","footnotes":""},"_links":{"self":[{"href":"https:\/\/hingelocks.com\/hu\/wp-json\/wp\/v2\/pages\/4522"}],"collection":[{"href":"https:\/\/hingelocks.com\/hu\/wp-json\/wp\/v2\/pages"}],"about":[{"href":"https:\/\/hingelocks.com\/hu\/wp-json\/wp\/v2\/types\/page"}],"author":[{"embeddable":true,"href":"https:\/\/hingelocks.com\/hu\/wp-json\/wp\/v2\/users\/1"}],"replies":[{"embeddable":true,"href":"https:\/\/hingelocks.com\/hu\/wp-json\/wp\/v2\/comments?post=4522"}],"version-history":[{"count":82,"href":"https:\/\/hingelocks.com\/hu\/wp-json\/wp\/v2\/pages\/4522\/revisions"}],"predecessor-version":[{"id":4642,"href":"https:\/\/hingelocks.com\/hu\/wp-json\/wp\/v2\/pages\/4522\/revisions\/4642"}],"wp:attachment":[{"href":"https:\/\/hingelocks.com\/hu\/wp-json\/wp\/v2\/media?parent=4522"}],"curies":[{"name":"wp","href":"https:\/\/api.w.org\/{rel}","templated":true}]}}