{"id":4547,"date":"2024-07-19T15:08:30","date_gmt":"2024-07-19T07:08:30","guid":{"rendered":"https:\/\/hingelocks.com\/?page_id=4547"},"modified":"2024-08-08T11:21:27","modified_gmt":"2024-08-08T03:21:27","slug":"capabilities","status":"publish","type":"page","link":"https:\/\/hingelocks.com\/hu\/capabilities\/","title":{"rendered":"K\u00e9pess\u00e9gek"},"content":{"rendered":"<div data-elementor-type=\"wp-page\" data-elementor-id=\"4547\" class=\"elementor elementor-4547\" data-elementor-post-type=\"page\">\n\t\t\t\t<div class=\"elementor-element elementor-element-5959504 e-flex e-con-boxed e-con e-parent\" data-id=\"5959504\" data-element_type=\"container\" data-settings=\"{&quot;background_background&quot;:&quot;classic&quot;}\">\n\t\t\t\t\t<div class=\"e-con-inner\">\n\t\t<div class=\"elementor-element elementor-element-40905ac e-grid e-con-full e-con e-child\" data-id=\"40905ac\" data-element_type=\"container\" data-settings=\"{&quot;background_background&quot;:&quot;classic&quot;}\">\n\t\t\t\t<div class=\"elementor-element elementor-element-aef6f69 elementor-widget elementor-widget-heading\" data-id=\"aef6f69\" data-element_type=\"widget\" data-widget_type=\"heading.default\">\n\t\t\t\t<div class=\"elementor-widget-container\">\n\t\t\t\t\t<h2 class=\"elementor-heading-title elementor-size-default\">K\u00e9pess\u00e9geink<\/h2>\t\t\t\t<\/div>\n\t\t\t\t<\/div>\n\t\t\t\t<div class=\"elementor-element elementor-element-2a687f0 elementor-widget elementor-widget-text-editor\" data-id=\"2a687f0\" data-element_type=\"widget\" data-widget_type=\"text-editor.default\">\n\t\t\t\t<div class=\"elementor-widget-container\">\n\t\t\t\t\t\t\t\t\t<p>Minden term\u00e9k\u00fcnk h\u00e1zon bel\u00fcli gy\u00e1rt\u00e1s, amely biztos\u00edtja a k\u00f6vetkezetes min\u0151s\u00e9get \u00e9s a pontos sz\u00e1ll\u00edt\u00e1st.\u00a0<\/p>\t\t\t\t\t\t\t\t<\/div>\n\t\t\t\t<\/div>\n\t\t\t\t<\/div>\n\t\t\t\t\t<\/div>\n\t\t\t\t<\/div>\n\t\t<div class=\"elementor-element elementor-element-816c64c e-flex e-con-boxed e-con e-parent\" data-id=\"816c64c\" data-element_type=\"container\" data-settings=\"{&quot;background_background&quot;:&quot;classic&quot;}\">\n\t\t\t\t\t<div class=\"e-con-inner\">\n\t\t<div class=\"elementor-element elementor-element-d4d7791 e-con-full e-flex e-con e-child\" data-id=\"d4d7791\" data-element_type=\"container\" data-settings=\"{&quot;background_background&quot;:&quot;classic&quot;}\">\n\t\t\t\t<div class=\"elementor-element elementor-element-5e61440 elementor-widget elementor-widget-heading\" data-id=\"5e61440\" data-element_type=\"widget\" data-widget_type=\"heading.default\">\n\t\t\t\t<div class=\"elementor-widget-container\">\n\t\t\t\t\t<h3 class=\"elementor-heading-title elementor-size-default\">Die Casting folyamat<\/h3>\t\t\t\t<\/div>\n\t\t\t\t<\/div>\n\t\t\t\t<div class=\"elementor-element elementor-element-8d31adc elementor-widget elementor-widget-text-editor\" data-id=\"8d31adc\" data-element_type=\"widget\" data-widget_type=\"text-editor.default\">\n\t\t\t\t<div class=\"elementor-widget-container\">\n\t\t\t\t\t\t\t\t\t<p>A Hingelocks-n\u00e1l alkalmazott \u00f6nt\u00e9si folyamatot apr\u00f3l\u00e9kosan \u00fagy tervezt\u00fck meg, hogy kiv\u00e1l\u00f3 min\u0151s\u00e9g\u0171, prec\u00edz alkatr\u00e9szeket \u00e1ll\u00edtsunk el\u0151. A fejlett cink- \u00e9s alum\u00ednium\u00f6tv\u00f6zetb\u0151l k\u00e9sz\u00fclt \u00f6nt\u0151g\u00e9pek haszn\u00e1lat\u00e1val biztos\u00edtjuk, hogy minden term\u00e9k kiv\u00e9teles pontoss\u00e1ggal \u00e9s k\u00f6vetkezetess\u00e9ggel k\u00e9sz\u00fclj\u00f6n. Szakk\u00e9pzett technikusaink minden l\u00e9p\u00e9st fel\u00fcgyelnek, az \u00f6nt\u0151forma el\u0151k\u00e9sz\u00edt\u00e9s\u00e9t\u0151l az \u00f6nt\u00e9sig \u00e9s a h\u0171t\u00e9sig, hogy garant\u00e1lj\u00e1k az optim\u00e1lis teljes\u00edtm\u00e9nyt \u00e9s tart\u00f3ss\u00e1got. Az eredm\u00e9ny olyan robusztus, finom r\u00e9szletess\u00e9g\u0171 alkatr\u00e9szek, amelyek megfelelnek a k\u00fcl\u00f6nb\u00f6z\u0151 ipari alkalmaz\u00e1sok szigor\u00fa k\u00f6vetelm\u00e9nyeinek. A legmodernebb technol\u00f3gia \u00e9s a szigor\u00fa min\u0151s\u00e9gellen\u0151rz\u00e9s kihaszn\u00e1l\u00e1s\u00e1val olyan \u00f6nt\u00f6tt term\u00e9keket sz\u00e1ll\u00edtunk, amelyek meghaladj\u00e1k az ipari szabv\u00e1nyokat, \u00e9s megb\u00edzhat\u00f3 megold\u00e1st ny\u00fajtanak az \u00d6n gy\u00e1rt\u00e1si ig\u00e9nyeihez.<\/p>\t\t\t\t\t\t\t\t<\/div>\n\t\t\t\t<\/div>\n\t\t\t\t<\/div>\n\t\t<div class=\"elementor-element elementor-element-2e5ea82 e-con-full e-flex e-con e-child\" data-id=\"2e5ea82\" data-element_type=\"container\">\n\t\t\t\t<div class=\"elementor-element elementor-element-bfe5220 elementor-widget elementor-widget-video\" data-id=\"bfe5220\" data-element_type=\"widget\" data-settings=\"{&quot;youtube_url&quot;:&quot;https:\\\/\\\/youtu.be\\\/h6GfGCgnrB0&quot;,&quot;video_type&quot;:&quot;youtube&quot;,&quot;controls&quot;:&quot;yes&quot;}\" data-widget_type=\"video.default\">\n\t\t\t\t<div class=\"elementor-widget-container\">\n\t\t\t\t\t\t\t<div class=\"elementor-wrapper elementor-open-inline\">\n\t\t\t<div class=\"elementor-video\"><\/div>\t\t<\/div>\n\t\t\t\t\t\t<\/div>\n\t\t\t\t<\/div>\n\t\t\t\t<\/div>\n\t\t\t\t\t<\/div>\n\t\t\t\t<\/div>\n\t\t<div class=\"elementor-element elementor-element-ccf1f9b e-flex e-con-boxed e-con e-parent\" data-id=\"ccf1f9b\" data-element_type=\"container\">\n\t\t\t\t\t<div class=\"e-con-inner\">\n\t\t<div class=\"elementor-element elementor-element-9651d29 e-con-full e-flex e-con e-child\" data-id=\"9651d29\" data-element_type=\"container\">\n\t\t\t\t<div class=\"elementor-element elementor-element-bcd00e7 elementor-widget elementor-widget-video\" data-id=\"bcd00e7\" data-element_type=\"widget\" data-settings=\"{&quot;youtube_url&quot;:&quot;https:\\\/\\\/youtu.be\\\/bc8ZZHYsleY&quot;,&quot;video_type&quot;:&quot;youtube&quot;,&quot;controls&quot;:&quot;yes&quot;}\" data-widget_type=\"video.default\">\n\t\t\t\t<div class=\"elementor-widget-container\">\n\t\t\t\t\t\t\t<div class=\"elementor-wrapper elementor-open-inline\">\n\t\t\t<div class=\"elementor-video\"><\/div>\t\t<\/div>\n\t\t\t\t\t\t<\/div>\n\t\t\t\t<\/div>\n\t\t\t\t<\/div>\n\t\t<div class=\"elementor-element elementor-element-2319996 e-con-full e-flex e-con e-child\" data-id=\"2319996\" data-element_type=\"container\" data-settings=\"{&quot;background_background&quot;:&quot;classic&quot;}\">\n\t\t\t\t<div class=\"elementor-element elementor-element-cf9c0e4 elementor-widget elementor-widget-heading\" data-id=\"cf9c0e4\" data-element_type=\"widget\" data-widget_type=\"heading.default\">\n\t\t\t\t<div class=\"elementor-widget-container\">\n\t\t\t\t\t<h3 class=\"elementor-heading-title elementor-size-default\">Pol\u00edroz\u00e1si folyamat<\/h3>\t\t\t\t<\/div>\n\t\t\t\t<\/div>\n\t\t\t\t<div class=\"elementor-element elementor-element-117fc1f elementor-widget elementor-widget-text-editor\" data-id=\"117fc1f\" data-element_type=\"widget\" data-widget_type=\"text-editor.default\">\n\t\t\t\t<div class=\"elementor-widget-container\">\n\t\t\t\t\t\t\t\t\t<p>A Hingelocks pol\u00edroz\u00e1si elj\u00e1r\u00e1sa fokozza term\u00e9keink eszt\u00e9tikai \u00e9s funkcion\u00e1lis tulajdons\u00e1gait. A legmodernebb automata pol\u00edroz\u00f3g\u00e9pek haszn\u00e1lat\u00e1val minden egyes alkatr\u00e9szen sima, hib\u00e1tlan fel\u00fcletet \u00e9r\u00fcnk el. Ez az elj\u00e1r\u00e1s elt\u00e1vol\u00edtja a t\u00f6k\u00e9letlens\u00e9geket, cs\u00f6kkenti a fel\u00fcleti \u00e9rdess\u00e9get, \u00e9s el\u0151k\u00e9sz\u00edti az alkatr\u00e9szeket a k\u00e9s\u0151bbi kezel\u00e9sekhez. Szakk\u00e9pzett kezel\u0151ink apr\u00f3l\u00e9kosan ellen\u0151rzik a pol\u00edroz\u00e1si f\u00e1zisokat az egyenletess\u00e9g \u00e9s a pontoss\u00e1g biztos\u00edt\u00e1sa \u00e9rdek\u00e9ben. Az eredm\u00e9ny egy kiv\u00e1l\u00f3 min\u0151s\u00e9g\u0171, pol\u00edrozott fel\u00fclet, amely nem csak kiv\u00e9telesen j\u00f3l n\u00e9z ki, hanem jav\u00edtja a term\u00e9k teljes\u00edtm\u00e9ny\u00e9t \u00e9s hossz\u00fa \u00e9lettartam\u00e1t is. B\u00edzzon a Hingelocksban a pol\u00edrozott alkatr\u00e9szek tekintet\u00e9ben, amelyek \u00e9rt\u00e9ket \u00e9s kifinomults\u00e1got k\u00f6lcs\u00f6n\u00f6znek a v\u00e9gterm\u00e9keknek.<\/p>\t\t\t\t\t\t\t\t<\/div>\n\t\t\t\t<\/div>\n\t\t\t\t<\/div>\n\t\t\t\t\t<\/div>\n\t\t\t\t<\/div>\n\t\t<div class=\"elementor-element elementor-element-a528022 e-flex e-con-boxed e-con e-parent\" data-id=\"a528022\" data-element_type=\"container\" data-settings=\"{&quot;background_background&quot;:&quot;classic&quot;}\">\n\t\t\t\t\t<div class=\"e-con-inner\">\n\t\t<div class=\"elementor-element elementor-element-f625c95 e-con-full e-flex e-con e-child\" data-id=\"f625c95\" data-element_type=\"container\" data-settings=\"{&quot;background_background&quot;:&quot;classic&quot;}\">\n\t\t\t\t<div class=\"elementor-element elementor-element-633c00a elementor-widget elementor-widget-heading\" data-id=\"633c00a\" data-element_type=\"widget\" data-widget_type=\"heading.default\">\n\t\t\t\t<div class=\"elementor-widget-container\">\n\t\t\t\t\t<h3 class=\"elementor-heading-title elementor-size-default\">Fel\u00fcletkik\u00e9sz\u00edt\u00e9si folyamat<\/h3>\t\t\t\t<\/div>\n\t\t\t\t<\/div>\n\t\t\t\t<div class=\"elementor-element elementor-element-b87cda5 elementor-widget elementor-widget-text-editor\" data-id=\"b87cda5\" data-element_type=\"widget\" data-widget_type=\"text-editor.default\">\n\t\t\t\t<div class=\"elementor-widget-container\">\n\t\t\t\t\t\t\t\t\t<p>A Hingelocksn\u00e1l alkalmazott fel\u00fcletkezel\u00e9si elj\u00e1r\u00e1sunk biztos\u00edtja, hogy minden term\u00e9k megfelel a legmagasabb szint\u0171 megjelen\u00e9si \u00e9s tart\u00f3ss\u00e1gi k\u00f6vetelm\u00e9nyeknek. Sz\u00e1mos fejlett technik\u00e1t k\u00edn\u00e1lunk, bele\u00e9rtve a PVD v\u00e1kuumionos porlaszt\u00e1st, a nanosz\u00f3r\u00e1st \u00e9s a h\u00e1rom\u00e9rt\u00e9k\u0171 kr\u00f3m galvaniz\u00e1l\u00e1st. Ezek a m\u00f3dszerek korr\u00f3zi\u00f3\u00e1ll\u00f3, k\u00f6rnyezetbar\u00e1t fel\u00fcletet biztos\u00edtanak, amely n\u00f6veli a term\u00e9k eszt\u00e9tikai \u00e9s funkcion\u00e1lis tulajdons\u00e1gait. Fel\u00fcletkik\u00e9sz\u00edt\u00e9si elj\u00e1r\u00e1sunk nemcsak a vizu\u00e1lis megjelen\u00e9st jav\u00edtja, hanem meghosszabb\u00edtja az alkatr\u00e9szeink \u00e9lettartam\u00e1t is, biztos\u00edtva, hogy azok k\u00fcl\u00f6nb\u00f6z\u0151 k\u00f6r\u00fclm\u00e9nyek k\u00f6z\u00f6tt is megb\u00edzhat\u00f3an m\u0171k\u00f6djenek. A Hingelocks seg\u00edts\u00e9g\u00e9vel kiv\u00e1l\u00f3 fel\u00fcletkezel\u00e9seket kap, amelyek megfelelnek a szigor\u00fa nemzetk\u00f6zi szabv\u00e1nyoknak.<\/p>\t\t\t\t\t\t\t\t<\/div>\n\t\t\t\t<\/div>\n\t\t\t\t<\/div>\n\t\t<div class=\"elementor-element elementor-element-9d66360 e-con-full e-flex e-con e-child\" data-id=\"9d66360\" data-element_type=\"container\">\n\t\t\t\t<div class=\"elementor-element elementor-element-c3dd4bf elementor-widget elementor-widget-video\" data-id=\"c3dd4bf\" data-element_type=\"widget\" data-settings=\"{&quot;youtube_url&quot;:&quot;https:\\\/\\\/youtu.be\\\/w9vZsdVZQrM&quot;,&quot;video_type&quot;:&quot;youtube&quot;,&quot;controls&quot;:&quot;yes&quot;}\" data-widget_type=\"video.default\">\n\t\t\t\t<div class=\"elementor-widget-container\">\n\t\t\t\t\t\t\t<div class=\"elementor-wrapper elementor-open-inline\">\n\t\t\t<div class=\"elementor-video\"><\/div>\t\t<\/div>\n\t\t\t\t\t\t<\/div>\n\t\t\t\t<\/div>\n\t\t\t\t<\/div>\n\t\t\t\t\t<\/div>\n\t\t\t\t<\/div>\n\t\t<div class=\"elementor-element elementor-element-aabb57d e-flex e-con-boxed e-con e-parent\" data-id=\"aabb57d\" data-element_type=\"container\">\n\t\t\t\t\t<div class=\"e-con-inner\">\n\t\t<div class=\"elementor-element elementor-element-de5eed5 e-con-full e-flex e-con e-child\" data-id=\"de5eed5\" data-element_type=\"container\">\n\t\t\t\t<div class=\"elementor-element elementor-element-1e87ecd elementor-widget elementor-widget-video\" data-id=\"1e87ecd\" data-element_type=\"widget\" data-settings=\"{&quot;youtube_url&quot;:&quot;https:\\\/\\\/youtu.be\\\/LTv03yexsHw&quot;,&quot;video_type&quot;:&quot;youtube&quot;,&quot;controls&quot;:&quot;yes&quot;}\" data-widget_type=\"video.default\">\n\t\t\t\t<div class=\"elementor-widget-container\">\n\t\t\t\t\t\t\t<div class=\"elementor-wrapper elementor-open-inline\">\n\t\t\t<div class=\"elementor-video\"><\/div>\t\t<\/div>\n\t\t\t\t\t\t<\/div>\n\t\t\t\t<\/div>\n\t\t\t\t<\/div>\n\t\t<div class=\"elementor-element elementor-element-5ff9d0a e-con-full e-flex e-con e-child\" data-id=\"5ff9d0a\" data-element_type=\"container\" data-settings=\"{&quot;background_background&quot;:&quot;classic&quot;}\">\n\t\t\t\t<div class=\"elementor-element elementor-element-cf1c0d2 elementor-widget elementor-widget-heading\" data-id=\"cf1c0d2\" data-element_type=\"widget\" data-widget_type=\"heading.default\">\n\t\t\t\t<div class=\"elementor-widget-container\">\n\t\t\t\t\t<h3 class=\"elementor-heading-title elementor-size-default\">\u00d6sszeszerel\u00e9si folyamat<\/h3>\t\t\t\t<\/div>\n\t\t\t\t<\/div>\n\t\t\t\t<div class=\"elementor-element elementor-element-628a0be elementor-widget elementor-widget-text-editor\" data-id=\"628a0be\" data-element_type=\"widget\" data-widget_type=\"text-editor.default\">\n\t\t\t\t<div class=\"elementor-widget-container\">\n\t\t\t\t\t\t\t\t\t<p>A Hingelocksn\u00e1l az \u00f6sszeszerel\u00e9si folyamatot a hat\u00e9konys\u00e1g \u00e9s a pontoss\u00e1g \u00e9rdek\u00e9ben racionaliz\u00e1ltuk. Tapasztalt csapatunk minden egyes alkatr\u00e9szt apr\u00f3l\u00e9kos odafigyel\u00e9ssel szerel \u00f6ssze, szigor\u00fa protokollokat k\u00f6vetve a k\u00f6vetkezetess\u00e9g \u00e9s a min\u0151s\u00e9g fenntart\u00e1sa \u00e9rdek\u00e9ben. Fejlett eszk\u00f6z\u00f6ket \u00e9s technik\u00e1kat haszn\u00e1lunk annak biztos\u00edt\u00e1s\u00e1ra, hogy minden egyes alkatr\u00e9sz t\u00f6k\u00e9letesen illeszkedjen, \u00e9s \u00edgy a term\u00e9k hib\u00e1tlanul m\u0171k\u00f6dj\u00f6n. \u00d6sszeszerel\u00e9si folyamatunkat \u00fagy alak\u00edtottuk ki, hogy optimaliz\u00e1lja a munkafolyamatokat, cs\u00f6kkentse a gy\u00e1rt\u00e1si id\u0151t, \u00e9s fenntartsa a legmagasabb min\u0151s\u00e9gi szabv\u00e1nyokat. A pontoss\u00e1gra \u00e9s a hat\u00e9konys\u00e1gra \u00f6sszpontos\u00edtva olyan teljesen \u00f6sszeszerelt term\u00e9keket sz\u00e1ll\u00edtunk, amelyek megfelelnek az \u00d6n pontos specifik\u00e1ci\u00f3inak \u00e9s meghaladj\u00e1k az \u00d6n elv\u00e1r\u00e1sait.<\/p>\t\t\t\t\t\t\t\t<\/div>\n\t\t\t\t<\/div>\n\t\t\t\t<\/div>\n\t\t\t\t\t<\/div>\n\t\t\t\t<\/div>\n\t\t<div class=\"elementor-element elementor-element-e3d6e46 e-flex e-con-boxed e-con e-parent\" data-id=\"e3d6e46\" data-element_type=\"container\" data-settings=\"{&quot;background_background&quot;:&quot;classic&quot;}\">\n\t\t\t\t\t<div class=\"e-con-inner\">\n\t\t<div class=\"elementor-element elementor-element-b66586a e-con-full e-flex e-con e-child\" data-id=\"b66586a\" data-element_type=\"container\" data-settings=\"{&quot;background_background&quot;:&quot;classic&quot;}\">\n\t\t\t\t<div class=\"elementor-element elementor-element-e9e1f17 elementor-widget elementor-widget-heading\" data-id=\"e9e1f17\" data-element_type=\"widget\" data-widget_type=\"heading.default\">\n\t\t\t\t<div class=\"elementor-widget-container\">\n\t\t\t\t\t<h3 class=\"elementor-heading-title elementor-size-default\">Form\u00e1z\u00e1s k\u00e9sz\u00edt\u0151 Faciltiy<\/h3>\t\t\t\t<\/div>\n\t\t\t\t<\/div>\n\t\t\t\t<div class=\"elementor-element elementor-element-9245559 elementor-widget elementor-widget-text-editor\" data-id=\"9245559\" data-element_type=\"widget\" data-widget_type=\"text-editor.default\">\n\t\t\t\t<div class=\"elementor-widget-container\">\n\t\t\t\t\t\t\t\t\t<p>A Hingelocks szersz\u00e1mk\u00e9sz\u00edt\u0151 l\u00e9tes\u00edtm\u00e9nye \u00e9lvonalbeli technol\u00f3gi\u00e1val van felszerelve a nagy pontoss\u00e1g\u00fa szersz\u00e1mok l\u00e9trehoz\u00e1s\u00e1hoz. M\u00e9rn\u00f6k\u00f6kb\u0151l \u00e9s technikusokb\u00f3l \u00e1ll\u00f3 szak\u00e9rt\u0151 csapatunk olyan form\u00e1kat tervez \u00e9s gy\u00e1rt, amelyek megfelelnek a szigor\u00fa el\u0151\u00edr\u00e1soknak, biztos\u00edtva a v\u00e9gterm\u00e9kek pontoss\u00e1g\u00e1t \u00e9s min\u0151s\u00e9g\u00e9t. Fejlett CNC-g\u00e9pek \u00e9s m\u00e1s prec\u00edzi\u00f3s berendez\u00e9sek seg\u00edts\u00e9g\u00e9vel olyan \u00f6nt\u0151form\u00e1kat gy\u00e1rtunk, amelyek ellen\u00e1llnak a nagy volumen\u0171 gy\u00e1rt\u00e1s viszontags\u00e1gainak. \u00c1tfog\u00f3 \u00f6nt\u0151forma-k\u00e9sz\u00edt\u00e9si k\u00e9pess\u00e9geink lehet\u0151v\u00e9 teszik sz\u00e1munkra, hogy \u00f6sszetett terveket kezelj\u00fcnk, \u00e9s olyan \u00f6nt\u0151form\u00e1kat sz\u00e1ll\u00edtsunk, amelyek biztos\u00edtj\u00e1k az egyenletes, kiv\u00e1l\u00f3 min\u0151s\u00e9g\u0171 kimenetet. A Hingelocks seg\u00edts\u00e9g\u00e9vel olyan szak\u00e9rtelemmel k\u00e9sz\u00edtett \u00f6nt\u0151form\u00e1k el\u0151nyeit \u00e9lvezheti, amelyek a kiv\u00e1l\u00f3 gy\u00e1rt\u00e1s sarokk\u00f6vei.<\/p>\t\t\t\t\t\t\t\t<\/div>\n\t\t\t\t<\/div>\n\t\t\t\t<\/div>\n\t\t<div class=\"elementor-element elementor-element-6db7422 e-con-full e-flex e-con e-child\" data-id=\"6db7422\" data-element_type=\"container\">\n\t\t\t\t<div class=\"elementor-element elementor-element-0d1783e elementor-widget elementor-widget-video\" data-id=\"0d1783e\" data-element_type=\"widget\" data-settings=\"{&quot;youtube_url&quot;:&quot;https:\\\/\\\/youtu.be\\\/-ChLu7ztcLM&quot;,&quot;video_type&quot;:&quot;youtube&quot;,&quot;controls&quot;:&quot;yes&quot;}\" data-widget_type=\"video.default\">\n\t\t\t\t<div class=\"elementor-widget-container\">\n\t\t\t\t\t\t\t<div class=\"elementor-wrapper elementor-open-inline\">\n\t\t\t<div class=\"elementor-video\"><\/div>\t\t<\/div>\n\t\t\t\t\t\t<\/div>\n\t\t\t\t<\/div>\n\t\t\t\t<\/div>\n\t\t\t\t\t<\/div>\n\t\t\t\t<\/div>\n\t\t<div class=\"elementor-element elementor-element-4bcc51a e-flex e-con-boxed e-con e-parent\" data-id=\"4bcc51a\" data-element_type=\"container\">\n\t\t\t\t\t<div class=\"e-con-inner\">\n\t\t<div class=\"elementor-element elementor-element-b9da925 e-con-full e-flex e-con e-child\" data-id=\"b9da925\" data-element_type=\"container\">\n\t\t\t\t<div class=\"elementor-element elementor-element-64beb32 elementor-widget elementor-widget-video\" data-id=\"64beb32\" data-element_type=\"widget\" data-settings=\"{&quot;youtube_url&quot;:&quot;https:\\\/\\\/youtu.be\\\/LzUoKf1KhVg&quot;,&quot;video_type&quot;:&quot;youtube&quot;,&quot;controls&quot;:&quot;yes&quot;}\" data-widget_type=\"video.default\">\n\t\t\t\t<div class=\"elementor-widget-container\">\n\t\t\t\t\t\t\t<div class=\"elementor-wrapper elementor-open-inline\">\n\t\t\t<div class=\"elementor-video\"><\/div>\t\t<\/div>\n\t\t\t\t\t\t<\/div>\n\t\t\t\t<\/div>\n\t\t\t\t<\/div>\n\t\t<div class=\"elementor-element elementor-element-30147dd e-con-full e-flex e-con e-child\" data-id=\"30147dd\" data-element_type=\"container\" data-settings=\"{&quot;background_background&quot;:&quot;classic&quot;}\">\n\t\t\t\t<div class=\"elementor-element elementor-element-fd93bb5 elementor-widget elementor-widget-heading\" data-id=\"fd93bb5\" data-element_type=\"widget\" data-widget_type=\"heading.default\">\n\t\t\t\t<div class=\"elementor-widget-container\">\n\t\t\t\t\t<h3 class=\"elementor-heading-title elementor-size-default\">Min\u0151s\u00e9gellen\u0151rz\u00e9si folyamat<\/h3>\t\t\t\t<\/div>\n\t\t\t\t<\/div>\n\t\t\t\t<div class=\"elementor-element elementor-element-386827e elementor-widget elementor-widget-text-editor\" data-id=\"386827e\" data-element_type=\"widget\" data-widget_type=\"text-editor.default\">\n\t\t\t\t<div class=\"elementor-widget-container\">\n\t\t\t\t\t\t\t\t\t<p>A Hingelocks min\u0151s\u00e9gellen\u0151rz\u00e9si folyamata alapos \u00e9s szigor\u00fa, \u00edgy biztos\u00edtva, hogy minden term\u00e9k megfelel a legmagasabb k\u00f6vetelm\u00e9nyeknek, miel\u0151tt \u00d6nh\u00f6z ker\u00fclne. T\u00f6bbl\u00e9pcs\u0151s ellen\u0151rz\u00e9si protokollt alkalmazunk, bele\u00e9rtve a m\u00e9retellen\u0151rz\u00e9st, az anyagelemz\u00e9st \u00e9s a teljes\u00edtm\u00e9nyvizsg\u00e1latot. Fejlett tesztberendez\u00e9seink \u00e9s tapasztalt min\u0151s\u00e9gellen\u0151rz\u0151 csapatunk minden egyes alkatr\u00e9szt apr\u00f3l\u00e9kosan megvizsg\u00e1l, azonos\u00edtva \u00e9s kezelve minden probl\u00e9m\u00e1t. Ez az \u00e1tfog\u00f3 megk\u00f6zel\u00edt\u00e9s garant\u00e1lja, hogy minden term\u00e9k nem csak megfelel, hanem meg is haladja a megb\u00edzhat\u00f3s\u00e1g \u00e9s a teljes\u00edtm\u00e9ny ipari szabv\u00e1nyait. A Hingelocks seg\u00edts\u00e9g\u00e9vel biztos lehet term\u00e9keink egyenletes min\u0151s\u00e9g\u00e9ben \u00e9s megb\u00edzhat\u00f3s\u00e1g\u00e1ban.<\/p>\t\t\t\t\t\t\t\t<\/div>\n\t\t\t\t<\/div>\n\t\t\t\t<\/div>\n\t\t\t\t\t<\/div>\n\t\t\t\t<\/div>\n\t\t<div class=\"elementor-element elementor-element-c4adac3 e-flex e-con-boxed e-con e-parent\" data-id=\"c4adac3\" data-element_type=\"container\" data-settings=\"{&quot;background_background&quot;:&quot;classic&quot;}\">\n\t\t\t\t\t<div class=\"e-con-inner\">\n\t\t<div class=\"elementor-element elementor-element-d61709e e-con-full e-flex e-con e-child\" data-id=\"d61709e\" data-element_type=\"container\" data-settings=\"{&quot;background_background&quot;:&quot;classic&quot;}\">\n\t\t\t\t<div class=\"elementor-element elementor-element-0408f82 elementor-widget elementor-widget-heading\" data-id=\"0408f82\" data-element_type=\"widget\" data-widget_type=\"heading.default\">\n\t\t\t\t<div class=\"elementor-widget-container\">\n\t\t\t\t\t<h3 class=\"elementor-heading-title elementor-size-default\">Logisztika \u00e9s rakt\u00e1r<\/h3>\t\t\t\t<\/div>\n\t\t\t\t<\/div>\n\t\t\t\t<div class=\"elementor-element elementor-element-c615442 elementor-widget elementor-widget-text-editor\" data-id=\"c615442\" data-element_type=\"widget\" data-widget_type=\"text-editor.default\">\n\t\t\t\t<div class=\"elementor-widget-container\">\n\t\t\t\t\t\t\t\t\t<p>A Hingelocks logisztikai \u00e9s rakt\u00e1roz\u00e1si m\u0171veleteit a hat\u00e9konys\u00e1g \u00e9s a megb\u00edzhat\u00f3s\u00e1g jegy\u00e9ben tervezt\u00e9k. T\u00e1gas, 3600 n\u00e9gyzetm\u00e9teres rakt\u00e1runk biztos\u00edtja, hogy elegend\u0151 k\u00e9szletet tartsunk fenn a kereslet azonnali kiel\u00e9g\u00edt\u00e9s\u00e9hez. A term\u00e9kek t\u00e1rol\u00e1s\u00e1nak, kezel\u00e9s\u00e9nek \u00e9s visszakeres\u00e9s\u00e9nek racionaliz\u00e1l\u00e1sa \u00e9rdek\u00e9ben szisztematikus k\u00e9szletgazd\u00e1lkod\u00e1si gyakorlatokat alkalmazunk. Logisztikai csapatunk koordin\u00e1lja a z\u00f6kken\u0151mentes sz\u00e1ll\u00edt\u00e1si megold\u00e1sokat, biztons\u00e1gos csomagol\u00e1st \u00e9s id\u0151ben t\u00f6rt\u00e9n\u0151 sz\u00e1ll\u00edt\u00e1st k\u00edn\u00e1lva fut\u00e1rszolg\u00e1lattal vagy tengeri sz\u00e1ll\u00edtm\u00e1nyoz\u00e1ssal az \u00fcgyfelek ig\u00e9nyei alapj\u00e1n. Logisztikai \u00e9s rakt\u00e1roz\u00e1si folyamataink optimaliz\u00e1l\u00e1s\u00e1val biztos\u00edtjuk, hogy megrendel\u00e9seit pontosan teljes\u00edts\u00fck \u00e9s id\u0151ben sz\u00e1ll\u00edtsuk, jav\u00edtva ezzel a Hingelocks-szal kapcsolatos \u00e1ltal\u00e1nos \u00e9lm\u00e9ny\u00e9t.<\/p>\t\t\t\t\t\t\t\t<\/div>\n\t\t\t\t<\/div>\n\t\t\t\t<\/div>\n\t\t<div class=\"elementor-element elementor-element-6570b34 e-con-full e-flex e-con e-child\" data-id=\"6570b34\" data-element_type=\"container\">\n\t\t\t\t<div class=\"elementor-element elementor-element-11d0f16 elementor-widget elementor-widget-video\" data-id=\"11d0f16\" data-element_type=\"widget\" data-settings=\"{&quot;youtube_url&quot;:&quot;https:\\\/\\\/youtu.be\\\/yoYSs67elKk&quot;,&quot;video_type&quot;:&quot;youtube&quot;,&quot;controls&quot;:&quot;yes&quot;}\" data-widget_type=\"video.default\">\n\t\t\t\t<div class=\"elementor-widget-container\">\n\t\t\t\t\t\t\t<div class=\"elementor-wrapper elementor-open-inline\">\n\t\t\t<div class=\"elementor-video\"><\/div>\t\t<\/div>\n\t\t\t\t\t\t<\/div>\n\t\t\t\t<\/div>\n\t\t\t\t<\/div>\n\t\t\t\t\t<\/div>\n\t\t\t\t<\/div>\n\t\t\t\t<\/div>","protected":false},"excerpt":{"rendered":"<p>Our Capabitlies All our products are in-house manufacturing, ensuring consistent quality, and timely delivery\u00a0 Die Casting Process Our die casting process at Hingelocks is meticulously designed to produce high-quality, precise components. Utilizing advanced zinc and aluminum alloy die-casting machines, we ensure each product is formed with exceptional accuracy and consistency. Our skilled technicians oversee every [&hellip;]<\/p>","protected":false},"author":1,"featured_media":0,"parent":0,"menu_order":0,"comment_status":"closed","ping_status":"closed","template":"","meta":{"_seopress_robots_primary_cat":"","_seopress_titles_title":"","_seopress_titles_desc":"","_seopress_robots_index":"","_import_markdown_pro_load_document_selector":0,"_import_markdown_pro_submit_text_textarea":"","footnotes":""},"_links":{"self":[{"href":"https:\/\/hingelocks.com\/hu\/wp-json\/wp\/v2\/pages\/4547"}],"collection":[{"href":"https:\/\/hingelocks.com\/hu\/wp-json\/wp\/v2\/pages"}],"about":[{"href":"https:\/\/hingelocks.com\/hu\/wp-json\/wp\/v2\/types\/page"}],"author":[{"embeddable":true,"href":"https:\/\/hingelocks.com\/hu\/wp-json\/wp\/v2\/users\/1"}],"replies":[{"embeddable":true,"href":"https:\/\/hingelocks.com\/hu\/wp-json\/wp\/v2\/comments?post=4547"}],"version-history":[{"count":89,"href":"https:\/\/hingelocks.com\/hu\/wp-json\/wp\/v2\/pages\/4547\/revisions"}],"predecessor-version":[{"id":5309,"href":"https:\/\/hingelocks.com\/hu\/wp-json\/wp\/v2\/pages\/4547\/revisions\/5309"}],"wp:attachment":[{"href":"https:\/\/hingelocks.com\/hu\/wp-json\/wp\/v2\/media?parent=4547"}],"curies":[{"name":"wp","href":"https:\/\/api.w.org\/{rel}","templated":true}]}}