{"id":3046,"date":"2024-07-14T16:39:16","date_gmt":"2024-07-14T08:39:16","guid":{"rendered":"https:\/\/hingelocks.com\/product\/ms5093z\/"},"modified":"2024-10-14T18:14:27","modified_gmt":"2024-10-14T10:14:27","slug":"ms5093z","status":"publish","type":"product","link":"https:\/\/hingelocks.com\/hu\/term\u00e9k\/ms5093z\/","title":{"rendered":"MS5093Z Paddle Latches teheraut\u00f3 ajt\u00f3z\u00e1r megford\u00edthat\u00f3 k\u00e9toldalas p\u00f3tkocsi lak\u00f3kocsi ajt\u00f3 z\u00e1rja"},"content":{"rendered":"<p><img src='https:\/\/hingelocks.com\/wp-content\/uploads\/2024\/07\/201552614317960EN02-scaled.jpg'><br \/><img src='https:\/\/hingelocks.com\/wp-content\/uploads\/2024\/07\/201552614317829EN03.jpg'>                             <\/p>\n<h2>M\u0171szaki adatok<\/h2>\n<p>                                                      <img decoding=\"async\" src=\"https:\/\/hingelocks.com\/wp-content\/uploads\/2024\/07\/201552614203116EN04.jpg\" class=\"w80\"><\/p>","protected":false},"excerpt":{"rendered":"<div class=\"name\">Jellemz\u0151k<\/div>\n<p>                                                           \u25cf Anyag: cink\u00f6tv\u00f6zet test, horganyzott b\u00fcty\u00f6k<br \/>\u25cf Befejez\u00e9s :Sz\u00fcrke kr\u00f3moz\u00e1s<br \/>\u25cf Panel vastags\u00e1ga: 1 ~ 3mm                                                                   <\/p>\n<div class=\"name\">Anyag<\/div>\n<p>                                                                    \u25cf Cink\u00f6tv\u00f6zet                                                                                    <\/p>\n<div class=\"name\">Befejez\u00e9s<\/div>\n<p>                                                                    \u25cf Galvaniz\u00e1l\u00e1s<\/p>","protected":false},"featured_media":3050,"template":"","meta":{"_seopress_robots_primary_cat":"","_seopress_titles_title":"","_seopress_titles_desc":"","_seopress_robots_index":"","_import_markdown_pro_load_document_selector":0,"_import_markdown_pro_submit_text_textarea":""},"product_cat":[38],"product_tag":[],"_links":{"self":[{"href":"https:\/\/hingelocks.com\/hu\/wp-json\/wp\/v2\/product\/3046"}],"collection":[{"href":"https:\/\/hingelocks.com\/hu\/wp-json\/wp\/v2\/product"}],"about":[{"href":"https:\/\/hingelocks.com\/hu\/wp-json\/wp\/v2\/types\/product"}],"wp:featuredmedia":[{"embeddable":true,"href":"https:\/\/hingelocks.com\/hu\/wp-json\/wp\/v2\/media\/3050"}],"wp:attachment":[{"href":"https:\/\/hingelocks.com\/hu\/wp-json\/wp\/v2\/media?parent=3046"}],"wp:term":[{"taxonomy":"product_cat","embeddable":true,"href":"https:\/\/hingelocks.com\/hu\/wp-json\/wp\/v2\/product_cat?post=3046"},{"taxonomy":"product_tag","embeddable":true,"href":"https:\/\/hingelocks.com\/hu\/wp-json\/wp\/v2\/product_tag?post=3046"}],"curies":[{"name":"wp","href":"https:\/\/api.w.org\/{rel}","templated":true}]}}