{"id":3758,"date":"2024-07-14T17:41:23","date_gmt":"2024-07-14T09:41:23","guid":{"rendered":"https:\/\/hingelocks.com\/product\/hl013\/"},"modified":"2024-07-14T17:41:57","modified_gmt":"2024-07-14T09:41:57","slug":"hl013","status":"publish","type":"product","link":"https:\/\/hingelocks.com\/hu\/term\u00e9k\/hl013\/","title":{"rendered":"HL013"},"content":{"rendered":"<p><img decoding=\"async\" src=\"https:\/\/hingelocks.com\/wp-content\/uploads\/2024\/07\/201552884358226.jpg\"\/><\/p>\n<h2>M\u0171szaki adatok<\/h2>\n<p>                                                      <img decoding=\"async\" src=\"https:\/\/hingelocks.com\/wp-content\/uploads\/2024\/07\/20155288445615EN02.jpg\" class=\"w80\"><\/p>","protected":false},"excerpt":{"rendered":"<div class=\"name\">Jellemz\u0151k<\/div>\n<p>                                                           \u25cf Anyag: r\u00f6gz\u00edt\u0151 alkatr\u00e9szek: Cink-\u00f6ntv\u00e9ny csukl\u00f3, rozsdamentes ac\u00e9l \u00e9s nikkelezett ac\u00e9lcsap \u00e1ll rendelkez\u00e9sre, cinkel\u00e9s .fixing alkatr\u00e9szek<br \/>\u25cf Fel\u00fclet: sz\u00fcrke\/matt fekete <br \/>\u25cf Megjegyz\u00e9s: 180\u00b0-os csukl\u00f3.                                                                  <\/p>\n<div class=\"name\">Anyag<\/div>\n<p>                                                                    \u25cf Cink\u00f6tv\u00f6zet                                                                                    <\/p>\n<div class=\"name\">Befejez\u00e9s<\/div>\n<p>                                                                    \u25cf Galvaniz\u00e1l\u00e1s<\/p>","protected":false},"featured_media":3761,"template":"","meta":{"_seopress_robots_primary_cat":"","_seopress_titles_title":"","_seopress_titles_desc":"","_seopress_robots_index":"","_import_markdown_pro_load_document_selector":0,"_import_markdown_pro_submit_text_textarea":""},"product_cat":[53],"product_tag":[],"_links":{"self":[{"href":"https:\/\/hingelocks.com\/hu\/wp-json\/wp\/v2\/product\/3758"}],"collection":[{"href":"https:\/\/hingelocks.com\/hu\/wp-json\/wp\/v2\/product"}],"about":[{"href":"https:\/\/hingelocks.com\/hu\/wp-json\/wp\/v2\/types\/product"}],"wp:featuredmedia":[{"embeddable":true,"href":"https:\/\/hingelocks.com\/hu\/wp-json\/wp\/v2\/media\/3761"}],"wp:attachment":[{"href":"https:\/\/hingelocks.com\/hu\/wp-json\/wp\/v2\/media?parent=3758"}],"wp:term":[{"taxonomy":"product_cat","embeddable":true,"href":"https:\/\/hingelocks.com\/hu\/wp-json\/wp\/v2\/product_cat?post=3758"},{"taxonomy":"product_tag","embeddable":true,"href":"https:\/\/hingelocks.com\/hu\/wp-json\/wp\/v2\/product_tag?post=3758"}],"curies":[{"name":"wp","href":"https:\/\/api.w.org\/{rel}","templated":true}]}}