{"id":3774,"date":"2024-07-14T17:42:20","date_gmt":"2024-07-14T09:42:20","guid":{"rendered":"https:\/\/hingelocks.com\/product\/hl018\/"},"modified":"2024-07-14T17:43:33","modified_gmt":"2024-07-14T09:43:33","slug":"hl018","status":"publish","type":"product","link":"https:\/\/hingelocks.com\/hu\/term\u00e9k\/hl018\/","title":{"rendered":"HL018"},"content":{"rendered":"<p><img src='https:\/\/hingelocks.com\/wp-content\/uploads\/2024\/07\/201552893245239EN01-scaled.jpg'>                             <\/p>\n<h2>M\u0171szaki adatok<\/h2>\n<p>                                                      <img decoding=\"async\" src=\"https:\/\/hingelocks.com\/wp-content\/uploads\/2024\/07\/201552893251696EN02.jpg\" class=\"w80\"><\/p>","protected":false},"excerpt":{"rendered":"<div class=\"name\">Jellemz\u0151k<\/div>\n<p>                                                           \u25cf Anyag: Cink \u00f6ntv\u00e9ny csukl\u00f3p\u00e1nt<br \/>\u25cf Fel\u00fclet: Fekete porsz\u00f3rt<br \/>\u25cf Megjegyz\u00e9s: 180\u00b0 csukl\u00f3                                                                  <\/p>\n<div class=\"name\">Anyag<\/div>\n<p>                                                                    \u25cf Cink\u00f6tv\u00f6zet                                                                                    <\/p>\n<div class=\"name\">Befejez\u00e9s<\/div>\n<p>                                                                    \u25cf M\u0171anyag spray<\/p>","protected":false},"featured_media":3777,"template":"","meta":{"_seopress_robots_primary_cat":"","_seopress_titles_title":"","_seopress_titles_desc":"","_seopress_robots_index":"","_import_markdown_pro_load_document_selector":0,"_import_markdown_pro_submit_text_textarea":""},"product_cat":[53],"product_tag":[],"_links":{"self":[{"href":"https:\/\/hingelocks.com\/hu\/wp-json\/wp\/v2\/product\/3774"}],"collection":[{"href":"https:\/\/hingelocks.com\/hu\/wp-json\/wp\/v2\/product"}],"about":[{"href":"https:\/\/hingelocks.com\/hu\/wp-json\/wp\/v2\/types\/product"}],"wp:featuredmedia":[{"embeddable":true,"href":"https:\/\/hingelocks.com\/hu\/wp-json\/wp\/v2\/media\/3777"}],"wp:attachment":[{"href":"https:\/\/hingelocks.com\/hu\/wp-json\/wp\/v2\/media?parent=3774"}],"wp:term":[{"taxonomy":"product_cat","embeddable":true,"href":"https:\/\/hingelocks.com\/hu\/wp-json\/wp\/v2\/product_cat?post=3774"},{"taxonomy":"product_tag","embeddable":true,"href":"https:\/\/hingelocks.com\/hu\/wp-json\/wp\/v2\/product_tag?post=3774"}],"curies":[{"name":"wp","href":"https:\/\/api.w.org\/{rel}","templated":true}]}}