{"id":3810,"date":"2024-07-14T17:45:41","date_gmt":"2024-07-14T09:45:41","guid":{"rendered":"https:\/\/hingelocks.com\/product\/hl003-2a\/"},"modified":"2024-10-14T19:15:52","modified_gmt":"2024-10-14T11:15:52","slug":"hl003-2a","status":"publish","type":"product","link":"https:\/\/hingelocks.com\/hu\/term\u00e9k\/hl003-2a\/","title":{"rendered":"HL003-2A matt fekete oldals\u00f3 sarokcsukl\u00f3s csukl\u00f3p\u00e1nt"},"content":{"rendered":"<p><img decoding=\"async\" src=\"https:\/\/hingelocks.com\/wp-content\/uploads\/2024\/07\/2022719111420959EN01.jpg\" \/><\/p>\n<h2>M\u0171szaki adatok<\/h2>\n<p><img decoding=\"async\" class=\"w80\" src=\"https:\/\/hingelocks.com\/wp-content\/uploads\/2024\/07\/202271911153288EN02.jpg\" \/><\/p>","protected":false},"excerpt":{"rendered":"<div class=\"name\">Jellemz\u0151k<\/div>\n<p>\u25cf Anyag: Cink \u00f6ntv\u00e9ny csukl\u00f3p\u00e1nt<br \/>\n\u25cf Befejez\u00e9s: fekete porsz\u00f3rt<br \/>\n\u25cf Megjegyz\u00e9sek: 180 \u00b0 -os csukl\u00f3<\/p>\n<div class=\"name\">Anyag<\/div>\n<p>\u25cf Cink\u00f6tv\u00f6zet<\/p>\n<div class=\"name\">Befejez\u00e9s<\/div>\n<p>\u25cf M\u0171anyag spray<\/p>","protected":false},"featured_media":3813,"template":"","meta":{"_seopress_robots_primary_cat":"none","_seopress_titles_title":"","_seopress_titles_desc":"","_seopress_robots_index":"","_import_markdown_pro_load_document_selector":0,"_import_markdown_pro_submit_text_textarea":""},"product_cat":[53],"product_tag":[],"_links":{"self":[{"href":"https:\/\/hingelocks.com\/hu\/wp-json\/wp\/v2\/product\/3810"}],"collection":[{"href":"https:\/\/hingelocks.com\/hu\/wp-json\/wp\/v2\/product"}],"about":[{"href":"https:\/\/hingelocks.com\/hu\/wp-json\/wp\/v2\/types\/product"}],"wp:featuredmedia":[{"embeddable":true,"href":"https:\/\/hingelocks.com\/hu\/wp-json\/wp\/v2\/media\/3813"}],"wp:attachment":[{"href":"https:\/\/hingelocks.com\/hu\/wp-json\/wp\/v2\/media?parent=3810"}],"wp:term":[{"taxonomy":"product_cat","embeddable":true,"href":"https:\/\/hingelocks.com\/hu\/wp-json\/wp\/v2\/product_cat?post=3810"},{"taxonomy":"product_tag","embeddable":true,"href":"https:\/\/hingelocks.com\/hu\/wp-json\/wp\/v2\/product_tag?post=3810"}],"curies":[{"name":"wp","href":"https:\/\/api.w.org\/{rel}","templated":true}]}}