{"id":3832,"date":"2024-07-14T17:48:04","date_gmt":"2024-07-14T09:48:04","guid":{"rendered":"https:\/\/hingelocks.com\/product\/hl007-1\/"},"modified":"2024-10-14T19:23:16","modified_gmt":"2024-10-14T11:23:16","slug":"hl007-1","status":"publish","type":"product","link":"https:\/\/hingelocks.com\/hu\/term\u00e9k\/hl007-1\/","title":{"rendered":"Hl007-2 Horganyzott ac\u00e9l csukl\u00f3p\u00e1nt \/ rejtett csukl\u00f3p\u00e1nt"},"content":{"rendered":"<p><img decoding=\"async\" src=\"https:\/\/hingelocks.com\/wp-content\/uploads\/2024\/07\/201552882014106EN01.jpg\" \/><\/p>\n<h2>M\u0171szaki adatok<\/h2>\n<p><img decoding=\"async\" class=\"w80\" src=\"https:\/\/hingelocks.com\/wp-content\/uploads\/2024\/07\/201552882023296EN02.jpg\" \/><\/p>","protected":false},"excerpt":{"rendered":"<div class=\"name\">Jellemz\u0151k<\/div>\n<p>\u25cf Anyag: cinkelt ac\u00e9l csukl\u00f3<br \/>\n\u25cf Befejez\u00e9s: feh\u00e9r horganyz\u00e1s<br \/>\n\u25cf Megjegyz\u00e9s: 90 \u00b0 -os csukl\u00f3<br \/>\n\u25cf<\/p>\n<div class=\"name\">Anyag<\/div>\n<div class=\"name\">Befejez\u00e9s<\/div>","protected":false},"featured_media":3835,"template":"","meta":{"_seopress_robots_primary_cat":"none","_seopress_titles_title":"","_seopress_titles_desc":"","_seopress_robots_index":"","_import_markdown_pro_load_document_selector":0,"_import_markdown_pro_submit_text_textarea":""},"product_cat":[53],"product_tag":[],"_links":{"self":[{"href":"https:\/\/hingelocks.com\/hu\/wp-json\/wp\/v2\/product\/3832"}],"collection":[{"href":"https:\/\/hingelocks.com\/hu\/wp-json\/wp\/v2\/product"}],"about":[{"href":"https:\/\/hingelocks.com\/hu\/wp-json\/wp\/v2\/types\/product"}],"wp:featuredmedia":[{"embeddable":true,"href":"https:\/\/hingelocks.com\/hu\/wp-json\/wp\/v2\/media\/3835"}],"wp:attachment":[{"href":"https:\/\/hingelocks.com\/hu\/wp-json\/wp\/v2\/media?parent=3832"}],"wp:term":[{"taxonomy":"product_cat","embeddable":true,"href":"https:\/\/hingelocks.com\/hu\/wp-json\/wp\/v2\/product_cat?post=3832"},{"taxonomy":"product_tag","embeddable":true,"href":"https:\/\/hingelocks.com\/hu\/wp-json\/wp\/v2\/product_tag?post=3832"}],"curies":[{"name":"wp","href":"https:\/\/api.w.org\/{rel}","templated":true}]}}