{"id":3887,"date":"2024-07-14T17:51:48","date_gmt":"2024-07-14T09:51:48","guid":{"rendered":"https:\/\/hingelocks.com\/product\/hl031\/"},"modified":"2024-07-14T17:52:24","modified_gmt":"2024-07-14T09:52:24","slug":"hl031","status":"publish","type":"product","link":"https:\/\/hingelocks.com\/hu\/term\u00e9k\/hl031\/","title":{"rendered":"HL031"},"content":{"rendered":"<p><img src='https:\/\/hingelocks.com\/wp-content\/uploads\/2024\/07\/2015528102749953.jpg'>                             <\/p>\n<h2>M\u0171szaki adatok<\/h2>\n<p>                                                      <img decoding=\"async\" src=\"https:\/\/hingelocks.com\/wp-content\/uploads\/2024\/07\/2015528102758999EN02.jpg\" class=\"w80\"><\/p>","protected":false},"excerpt":{"rendered":"<div class=\"name\">Jellemz\u0151k<\/div>\n<p>                                                           \u25cf Material: Zinc plating steel hinge<br \/>\u25cf Befejez\u00e9s: feh\u00e9r horganyz\u00e1s                                                                  <\/p>\n<div class=\"name\">Anyag<\/div>\n<p>                                                                    \u25cf A3                                                                                    <\/p>\n<div class=\"name\">Befejez\u00e9s<\/div>\n<p>                                                                    \u25cf Galvaniz\u00e1l\u00e1s<\/p>","protected":false},"featured_media":3890,"template":"","meta":{"_seopress_robots_primary_cat":"","_seopress_titles_title":"","_seopress_titles_desc":"","_seopress_robots_index":"","_import_markdown_pro_load_document_selector":0,"_import_markdown_pro_submit_text_textarea":""},"product_cat":[53],"product_tag":[],"_links":{"self":[{"href":"https:\/\/hingelocks.com\/hu\/wp-json\/wp\/v2\/product\/3887"}],"collection":[{"href":"https:\/\/hingelocks.com\/hu\/wp-json\/wp\/v2\/product"}],"about":[{"href":"https:\/\/hingelocks.com\/hu\/wp-json\/wp\/v2\/types\/product"}],"wp:featuredmedia":[{"embeddable":true,"href":"https:\/\/hingelocks.com\/hu\/wp-json\/wp\/v2\/media\/3890"}],"wp:attachment":[{"href":"https:\/\/hingelocks.com\/hu\/wp-json\/wp\/v2\/media?parent=3887"}],"wp:term":[{"taxonomy":"product_cat","embeddable":true,"href":"https:\/\/hingelocks.com\/hu\/wp-json\/wp\/v2\/product_cat?post=3887"},{"taxonomy":"product_tag","embeddable":true,"href":"https:\/\/hingelocks.com\/hu\/wp-json\/wp\/v2\/product_tag?post=3887"}],"curies":[{"name":"wp","href":"https:\/\/api.w.org\/{rel}","templated":true}]}}