{"id":3983,"date":"2024-07-14T17:56:49","date_gmt":"2024-07-14T09:56:49","guid":{"rendered":"https:\/\/hingelocks.com\/product\/hl061\/"},"modified":"2024-10-08T15:20:52","modified_gmt":"2024-10-08T07:20:52","slug":"hl061","status":"publish","type":"product","link":"https:\/\/hingelocks.com\/hu\/term\u00e9k\/hl061\/","title":{"rendered":"Hl061 Cabinet Hinge Zinc Alloy Hinge 180 Degree Locking Hinge"},"content":{"rendered":"<p><img decoding=\"async\" src=\"https:\/\/hingelocks.com\/wp-content\/uploads\/2024\/07\/20179816586152EN01.jpg\" \/><\/p>\n<h2>M\u0171szaki adatok<\/h2>\n<p><img decoding=\"async\" class=\"w80\" src=\"https:\/\/hingelocks.com\/wp-content\/uploads\/2024\/07\/2015528133841651EN\uff0902.jpg\" \/><\/p>","protected":false},"excerpt":{"rendered":"<div class=\"name\">Jellemz\u0151k<\/div>\n<p>\u25cf Anyag: Cink-\u00f6ntv\u00e9ny csukl\u00f3, rozsdamentes ac\u00e9l \u00e9s nikkelezett ac\u00e9lcsap \u00e1ll rendelkez\u00e9sre<br \/>\n\u25cf Befejez\u00e9s: f\u00e9nyes kr\u00f3moz\u00e1s<br \/>\n\u25cf Megjegyz\u00e9s: 180\u00b0-os csukl\u00f3.<\/p>\n<div class=\"name\">Anyag<\/div>\n<p>\u25cf Cink\u00f6tv\u00f6zet<\/p>\n<div class=\"name\">Befejez\u00e9s<\/div>\n<p>\u25cf Galvaniz\u00e1l\u00e1s<\/p>","protected":false},"featured_media":3986,"template":"","meta":{"_seopress_robots_primary_cat":"none","_seopress_titles_title":"","_seopress_titles_desc":"","_seopress_robots_index":"","_import_markdown_pro_load_document_selector":0,"_import_markdown_pro_submit_text_textarea":""},"product_cat":[53],"product_tag":[],"_links":{"self":[{"href":"https:\/\/hingelocks.com\/hu\/wp-json\/wp\/v2\/product\/3983"}],"collection":[{"href":"https:\/\/hingelocks.com\/hu\/wp-json\/wp\/v2\/product"}],"about":[{"href":"https:\/\/hingelocks.com\/hu\/wp-json\/wp\/v2\/types\/product"}],"wp:featuredmedia":[{"embeddable":true,"href":"https:\/\/hingelocks.com\/hu\/wp-json\/wp\/v2\/media\/3986"}],"wp:attachment":[{"href":"https:\/\/hingelocks.com\/hu\/wp-json\/wp\/v2\/media?parent=3983"}],"wp:term":[{"taxonomy":"product_cat","embeddable":true,"href":"https:\/\/hingelocks.com\/hu\/wp-json\/wp\/v2\/product_cat?post=3983"},{"taxonomy":"product_tag","embeddable":true,"href":"https:\/\/hingelocks.com\/hu\/wp-json\/wp\/v2\/product_tag?post=3983"}],"curies":[{"name":"wp","href":"https:\/\/api.w.org\/{rel}","templated":true}]}}