{"id":4156,"date":"2024-07-14T18:06:01","date_gmt":"2024-07-14T10:06:01","guid":{"rendered":"https:\/\/hingelocks.com\/product\/hl086\/"},"modified":"2024-08-30T22:43:34","modified_gmt":"2024-08-30T14:43:34","slug":"180-degree-door-hinge-hl086-zinc-plating-steel-hinge","status":"publish","type":"product","link":"https:\/\/hingelocks.com\/hu\/term\u00e9k\/180-degree-door-hinge-hl086-zinc-plating-steel-hinge\/","title":{"rendered":"180 fokos ajt\u00f3csukl\u00f3 Hl086 cinkel\u00e9s ac\u00e9l csukl\u00f3p\u00e1nt"},"content":{"rendered":"<p><img decoding=\"async\" src=\"https:\/\/hingelocks.com\/wp-content\/uploads\/2024\/07\/2015528151630222.jpg\" \/><\/p>\n<h2>M\u0171szaki adatok<\/h2>\n<p><img decoding=\"async\" class=\"w80\" src=\"https:\/\/hingelocks.com\/wp-content\/uploads\/2024\/07\/2015528151639824EN02.jpg\" \/><\/p>","protected":false},"excerpt":{"rendered":"<div class=\"name\">Jellemz\u0151k<\/div>\n<p>\u25cf Anyag: cinkelt ac\u00e9l csukl\u00f3<br \/>\n\u25cf Finish: drawing<br \/>\n\u25cf Megjegyz\u00e9s: 180 \u00b0 -os csukl\u00f3<\/p>\n<div class=\"name\">Anyag<\/div>\n<p>\u25cf A3<\/p>\n<div class=\"name\">Befejez\u00e9s<\/div>","protected":false},"featured_media":4159,"template":"","meta":{"_seopress_robots_primary_cat":"none","_seopress_titles_title":"","_seopress_titles_desc":"","_seopress_robots_index":"","_import_markdown_pro_load_document_selector":0,"_import_markdown_pro_submit_text_textarea":""},"product_cat":[53],"product_tag":[],"_links":{"self":[{"href":"https:\/\/hingelocks.com\/hu\/wp-json\/wp\/v2\/product\/4156"}],"collection":[{"href":"https:\/\/hingelocks.com\/hu\/wp-json\/wp\/v2\/product"}],"about":[{"href":"https:\/\/hingelocks.com\/hu\/wp-json\/wp\/v2\/types\/product"}],"wp:featuredmedia":[{"embeddable":true,"href":"https:\/\/hingelocks.com\/hu\/wp-json\/wp\/v2\/media\/4159"}],"wp:attachment":[{"href":"https:\/\/hingelocks.com\/hu\/wp-json\/wp\/v2\/media?parent=4156"}],"wp:term":[{"taxonomy":"product_cat","embeddable":true,"href":"https:\/\/hingelocks.com\/hu\/wp-json\/wp\/v2\/product_cat?post=4156"},{"taxonomy":"product_tag","embeddable":true,"href":"https:\/\/hingelocks.com\/hu\/wp-json\/wp\/v2\/product_tag?post=4156"}],"curies":[{"name":"wp","href":"https:\/\/api.w.org\/{rel}","templated":true}]}}