{"id":4320,"date":"2024-07-14T18:14:27","date_gmt":"2024-07-14T10:14:27","guid":{"rendered":"https:\/\/hingelocks.com\/product\/hl149\/"},"modified":"2024-08-30T21:53:17","modified_gmt":"2024-08-30T13:53:17","slug":"hl149-concealed-door-hinge-electrical-cabinet-spring-hinge-spring-latches","status":"publish","type":"product","link":"https:\/\/hingelocks.com\/hu\/term\u00e9k\/hl149-concealed-door-hinge-electrical-cabinet-spring-hinge-spring-latches\/","title":{"rendered":"Hl149 Rejtett ajt\u00f3csukl\u00f3 elektromos szekr\u00e9ny tavaszi csukl\u00f3p\u00e1nt rug\u00f3s reteszek"},"content":{"rendered":"<p><img decoding=\"async\" src=\"https:\/\/hingelocks.com\/wp-content\/uploads\/2024\/07\/2017726113325344.jpg\" \/><\/p>\n<h2>M\u0171szaki adatok<\/h2>\n<p><img decoding=\"async\" class=\"w80\" src=\"https:\/\/hingelocks.com\/wp-content\/uploads\/2024\/07\/2017726113336565EN02.jpg\" \/><\/p>","protected":false},"excerpt":{"rendered":"<div class=\"name\">Jellemz\u0151k<\/div>\n<p>\u25cf Anyag: cinkelt ac\u00e9l csukl\u00f3<br \/>\n\u25cf Befejez\u00e9s: feh\u00e9r horganyz\u00e1s<\/p>\n<div class=\"name\">Anyag<\/div>\n<p>\u25cf A3<\/p>\n<div class=\"name\">Befejez\u00e9s<\/div>\n<p>\u25cf Galvaniz\u00e1l\u00e1s<\/p>","protected":false},"featured_media":4323,"template":"","meta":{"_seopress_robots_primary_cat":"none","_seopress_titles_title":"","_seopress_titles_desc":"","_seopress_robots_index":"","_import_markdown_pro_load_document_selector":0,"_import_markdown_pro_submit_text_textarea":""},"product_cat":[53],"product_tag":[],"_links":{"self":[{"href":"https:\/\/hingelocks.com\/hu\/wp-json\/wp\/v2\/product\/4320"}],"collection":[{"href":"https:\/\/hingelocks.com\/hu\/wp-json\/wp\/v2\/product"}],"about":[{"href":"https:\/\/hingelocks.com\/hu\/wp-json\/wp\/v2\/types\/product"}],"wp:featuredmedia":[{"embeddable":true,"href":"https:\/\/hingelocks.com\/hu\/wp-json\/wp\/v2\/media\/4323"}],"wp:attachment":[{"href":"https:\/\/hingelocks.com\/hu\/wp-json\/wp\/v2\/media?parent=4320"}],"wp:term":[{"taxonomy":"product_cat","embeddable":true,"href":"https:\/\/hingelocks.com\/hu\/wp-json\/wp\/v2\/product_cat?post=4320"},{"taxonomy":"product_tag","embeddable":true,"href":"https:\/\/hingelocks.com\/hu\/wp-json\/wp\/v2\/product_tag?post=4320"}],"curies":[{"name":"wp","href":"https:\/\/api.w.org\/{rel}","templated":true}]}}