{"id":4328,"date":"2024-07-14T18:14:27","date_gmt":"2024-07-14T10:14:27","guid":{"rendered":"https:\/\/hingelocks.com\/product\/hl161\/"},"modified":"2024-08-30T21:55:00","modified_gmt":"2024-08-30T13:55:00","slug":"270-degree-hinge-hl161-adjustable-torque-position-control-hinges-friction-stay-hinge","status":"publish","type":"product","link":"https:\/\/hingelocks.com\/hu\/term\u00e9k\/270-degree-hinge-hl161-adjustable-torque-position-control-hinges-friction-stay-hinge\/","title":{"rendered":"270 fokos csukl\u00f3 Hl161 \u00e1ll\u00edthat\u00f3 nyomat\u00e9k\u00fa poz\u00edci\u00f3szab\u00e1lyoz\u00f3 csukl\u00f3p\u00e1ntok S\u00farl\u00f3d\u00e1si csukl\u00f3s csukl\u00f3p\u00e1nt"},"content":{"rendered":"<p><img decoding=\"async\" src=\"https:\/\/www.essentrahengzhu.comhttps:\/\/www.essentrahengzhu.com\/upload\/image\/20230307\/1678175724015073335.jpg\" title=\"1678175724015073335.jpg\" alt=\"\u7ec6\u8282\u5c55\u793a_01.jpg\"\/><\/p>\n<h2>M\u0171szaki adatok<\/h2>\n<p>                                                      <img decoding=\"async\" src=\"https:\/\/hingelocks.com\/wp-content\/uploads\/2024\/07\/202052111302545\uff08EN02.jpg\" class=\"w80\"><\/p>","protected":false},"excerpt":{"rendered":"<div class=\"name\">Jellemz\u0151k<\/div>\n<p>                                                           \u25cf Material:Zinc die-casting hinge,stainless steel and nickel plating steel pin are available Structure and function: 2.0 Nm symmetric torque,Static torque specification \u00b1 20% over 25,000 times cycle life Both Left and right applicable With M5 screw for assemble<br \/>\u25cf Befejez\u00e9s: Kr\u00f3mozott kr\u00f3moz\u00e1s<br \/>\u25cf Megjegyz\u00e9s:2                                                                  <\/p>\n<div class=\"name\">Anyag<\/div>\n<p>                                                                    \u25cf Cink\u00f6tv\u00f6zet                                                                                    <\/p>\n<div class=\"name\">Befejez\u00e9s<\/div>\n<p>                                                                    \u25cf M\u0171anyag spray<\/p>","protected":false},"featured_media":4330,"template":"","meta":{"_seopress_robots_primary_cat":"","_seopress_titles_title":"","_seopress_titles_desc":"","_seopress_robots_index":"","_import_markdown_pro_load_document_selector":0,"_import_markdown_pro_submit_text_textarea":""},"product_cat":[53],"product_tag":[],"_links":{"self":[{"href":"https:\/\/hingelocks.com\/hu\/wp-json\/wp\/v2\/product\/4328"}],"collection":[{"href":"https:\/\/hingelocks.com\/hu\/wp-json\/wp\/v2\/product"}],"about":[{"href":"https:\/\/hingelocks.com\/hu\/wp-json\/wp\/v2\/types\/product"}],"wp:featuredmedia":[{"embeddable":true,"href":"https:\/\/hingelocks.com\/hu\/wp-json\/wp\/v2\/media\/4330"}],"wp:attachment":[{"href":"https:\/\/hingelocks.com\/hu\/wp-json\/wp\/v2\/media?parent=4328"}],"wp:term":[{"taxonomy":"product_cat","embeddable":true,"href":"https:\/\/hingelocks.com\/hu\/wp-json\/wp\/v2\/product_cat?post=4328"},{"taxonomy":"product_tag","embeddable":true,"href":"https:\/\/hingelocks.com\/hu\/wp-json\/wp\/v2\/product_tag?post=4328"}],"curies":[{"name":"wp","href":"https:\/\/api.w.org\/{rel}","templated":true}]}}