{"id":4343,"date":"2024-07-14T18:15:19","date_gmt":"2024-07-14T10:15:19","guid":{"rendered":"https:\/\/hingelocks.com\/product\/hl200-1\/"},"modified":"2024-08-30T21:47:37","modified_gmt":"2024-08-30T13:47:37","slug":"hl200-allithato-nyomateku-pozicioszabalyozo-zsanerok-surlodasi-csuklopant","status":"publish","type":"product","link":"https:\/\/hingelocks.com\/hu\/term\u00e9k\/hl200-allithato-nyomateku-pozicioszabalyozo-zsanerok-surlodasi-csuklopant\/","title":{"rendered":"Hl200 \u00e1ll\u00edthat\u00f3 nyomat\u00e9k\u00fa poz\u00edci\u00f3vez\u00e9rl\u0151 csukl\u00f3p\u00e1ntok Friction Stay csukl\u00f3p\u00e1nt"},"content":{"rendered":"<p><img decoding=\"async\" src=\"https:\/\/hingelocks.com\/wp-content\/uploads\/2024\/07\/2020101093858547EN01.jpg\" \/><\/p>\n<h2>M\u0171szaki adatok<\/h2>\n<p><img decoding=\"async\" class=\"w80\" src=\"https:\/\/hingelocks.com\/wp-content\/uploads\/2024\/07\/202010109395171EN02.jpg\" \/><\/p>","protected":false},"excerpt":{"rendered":"<div class=\"name\">Jellemz\u0151k<\/div>\n<p>\u25cf Anyag: cink\u00f6tv\u00f6zet dinamikus zsan\u00e9rok, rozsdamentes ac\u00e9l csapok,<br \/>\n\u25cf Fel\u00fcletkezel\u00e9s: elektrofor\u00e9zis fekete.<br \/>\n\u25cf Szerkezeti funkci\u00f3: A bels\u0151 szimmetrikus poz\u00edcion\u00e1l\u00f3 csukl\u00f3 nyitott sz\u00f6ge 60 fok 120 fok 180 fok, poz\u00edcion\u00e1l\u00f3 funkci\u00f3.<br \/>\n\u25cf \u00c9s a nyomat\u00e9kot egy bels\u0151 hatlapos kulccsal kell be\u00e1ll\u00edtani 6<\/p>\n<div class=\"name\">Anyag<\/div>\n<p>\u25cf Cink\u00f6tv\u00f6zet<\/p>\n<div class=\"name\">Befejez\u00e9s<\/div>\n<p>\u25cf M\u0171anyag spray<\/p>","protected":false},"featured_media":4346,"template":"","meta":{"_seopress_robots_primary_cat":"none","_seopress_titles_title":"","_seopress_titles_desc":"","_seopress_robots_index":"","_import_markdown_pro_load_document_selector":0,"_import_markdown_pro_submit_text_textarea":""},"product_cat":[53],"product_tag":[],"_links":{"self":[{"href":"https:\/\/hingelocks.com\/hu\/wp-json\/wp\/v2\/product\/4343"}],"collection":[{"href":"https:\/\/hingelocks.com\/hu\/wp-json\/wp\/v2\/product"}],"about":[{"href":"https:\/\/hingelocks.com\/hu\/wp-json\/wp\/v2\/types\/product"}],"wp:featuredmedia":[{"embeddable":true,"href":"https:\/\/hingelocks.com\/hu\/wp-json\/wp\/v2\/media\/4346"}],"wp:attachment":[{"href":"https:\/\/hingelocks.com\/hu\/wp-json\/wp\/v2\/media?parent=4343"}],"wp:term":[{"taxonomy":"product_cat","embeddable":true,"href":"https:\/\/hingelocks.com\/hu\/wp-json\/wp\/v2\/product_cat?post=4343"},{"taxonomy":"product_tag","embeddable":true,"href":"https:\/\/hingelocks.com\/hu\/wp-json\/wp\/v2\/product_tag?post=4343"}],"curies":[{"name":"wp","href":"https:\/\/api.w.org\/{rel}","templated":true}]}}