{"id":4368,"date":"2024-07-14T18:16:23","date_gmt":"2024-07-14T10:16:23","guid":{"rendered":"https:\/\/hingelocks.com\/product\/hl222\/"},"modified":"2024-08-30T21:46:24","modified_gmt":"2024-08-30T13:46:24","slug":"hl222-industrial-hinge-190-degree-zinc-alloy-cabinet-door-hinge","status":"publish","type":"product","link":"https:\/\/hingelocks.com\/hu\/term\u00e9k\/hl222-industrial-hinge-190-degree-zinc-alloy-cabinet-door-hinge\/","title":{"rendered":"Hl222 Ipari zsan\u00e9r 190 fokos cink \u00f6tv\u00f6zet szekr\u00e9ny ajt\u00f3 csukl\u00f3ja"},"content":{"rendered":"<p><img decoding=\"async\" title=\"1678173404320045635.jpg\" src=\"https:\/\/www.essentrahengzhu.comhttps:\/\/www.essentrahengzhu.com\/upload\/image\/20230307\/1678173404320045635.jpg\" alt=\"\u5c3a\u5bf8_01.jpg\" \/><\/p>\n<h2>M\u0171szaki adatok<\/h2>\n<p><img decoding=\"async\" class=\"w80\" src=\"https:\/\/www.essentrahengzhu.comhttps:\/\/www.essentrahengzhu.com\/upload\/product\/image\/20230307\/img-1678173425240687.jpg\" \/><\/p>","protected":false},"excerpt":{"rendered":"<div class=\"name\">Jellemz\u0151k<\/div>\n<p>\u25cf Anyag: cink\u00f6tv\u00f6zet zsan\u00e9r, rozsdamentes ac\u00e9l csap;<br \/>\n\u25cf Fel\u00fcletkezel\u00e9s: homokf\u00favott fekete;<br \/>\n\u25cf Megjegyz\u00e9s: A nyit\u00e1si sz\u00f6g kb. 190\u00b0<\/p>\n<div class=\"name\">Anyag<\/div>\n<p>\u25cf Cink\u00f6tv\u00f6zet<\/p>\n<div class=\"name\">Befejez\u00e9s<\/div>\n<p>\u25cf M\u0171anyag spray<\/p>","protected":false},"featured_media":4369,"template":"","meta":{"_seopress_robots_primary_cat":"none","_seopress_titles_title":"","_seopress_titles_desc":"","_seopress_robots_index":"","_import_markdown_pro_load_document_selector":0,"_import_markdown_pro_submit_text_textarea":""},"product_cat":[53],"product_tag":[],"_links":{"self":[{"href":"https:\/\/hingelocks.com\/hu\/wp-json\/wp\/v2\/product\/4368"}],"collection":[{"href":"https:\/\/hingelocks.com\/hu\/wp-json\/wp\/v2\/product"}],"about":[{"href":"https:\/\/hingelocks.com\/hu\/wp-json\/wp\/v2\/types\/product"}],"wp:featuredmedia":[{"embeddable":true,"href":"https:\/\/hingelocks.com\/hu\/wp-json\/wp\/v2\/media\/4369"}],"wp:attachment":[{"href":"https:\/\/hingelocks.com\/hu\/wp-json\/wp\/v2\/media?parent=4368"}],"wp:term":[{"taxonomy":"product_cat","embeddable":true,"href":"https:\/\/hingelocks.com\/hu\/wp-json\/wp\/v2\/product_cat?post=4368"},{"taxonomy":"product_tag","embeddable":true,"href":"https:\/\/hingelocks.com\/hu\/wp-json\/wp\/v2\/product_tag?post=4368"}],"curies":[{"name":"wp","href":"https:\/\/api.w.org\/{rel}","templated":true}]}}