{"id":4370,"date":"2024-07-14T18:16:23","date_gmt":"2024-07-14T10:16:23","guid":{"rendered":"https:\/\/hingelocks.com\/product\/hl300z\/"},"modified":"2024-08-30T21:43:35","modified_gmt":"2024-08-30T13:43:35","slug":"hl300z-adjustable-torque-position-control-hinges-friction-stay-hinge","status":"publish","type":"product","link":"https:\/\/hingelocks.com\/hu\/term\u00e9k\/hl300z-adjustable-torque-position-control-hinges-friction-stay-hinge\/","title":{"rendered":"Hl300z \u00e1ll\u00edthat\u00f3 nyomat\u00e9k\u00fa poz\u00edci\u00f3szab\u00e1lyoz\u00f3 zsan\u00e9rok s\u00farl\u00f3d\u00e1si csukl\u00f3p\u00e1nt"},"content":{"rendered":"<p><img src='https:\/\/hingelocks.com\/wp-content\/uploads\/2024\/07\/2021127142915476.jpg'><br \/><img src='https:\/\/hingelocks.com\/wp-content\/uploads\/2024\/07\/2021127142927259.jpg'>                             <\/p>\n<h2>M\u0171szaki adatok<\/h2>\n<p>                                                      <img decoding=\"async\" src=\"https:\/\/hingelocks.com\/wp-content\/uploads\/2024\/07\/2021127142932762EN03.jpg\" class=\"w80\"><\/p>","protected":false},"excerpt":{"rendered":"<div class=\"name\">Jellemz\u0151k<\/div>\n<p>                                                           \u25cf Anyag: Cink-\u00f6ntv\u00e9ny csukl\u00f3, rozsdamentes ac\u00e9l \u00e9s nikkelezett ac\u00e9lcsap \u00e1ll rendelkez\u00e9sre<br \/>\u25cf Szerkezet \u00e9s funkci\u00f3: 2 Nm<br \/>\u25cf szimmetrikus nyomat\u00e9k, statikus nyomat\u00e9k specifik\u00e1ci\u00f3 \u00b1 20% t\u00f6bb mint 25.000-szeres ciklus \u00e9lettartama Bal \u00e9s jobb oldali \u00e9s bal oldali alkalmazhat\u00f3 M5 csavarral az \u00f6sszeszerel\u00e9shez<br \/>\u25cf Befejez\u00e9s: Kr\u00f3mozott kr\u00f3moz\u00e1s<br \/>\u25cf Megjegyz\u00e9s:2                                                                  <\/p>\n<div class=\"name\">Anyag<\/div>\n<p>                                                                    \u25cf Cink\u00f6tv\u00f6zet                                                                                    <\/p>\n<div class=\"name\">Befejez\u00e9s<\/div>\n<p>                                                                    \u25cf M\u0171anyag spray<\/p>","protected":false},"featured_media":4374,"template":"","meta":{"_seopress_robots_primary_cat":"","_seopress_titles_title":"","_seopress_titles_desc":"","_seopress_robots_index":"","_import_markdown_pro_load_document_selector":0,"_import_markdown_pro_submit_text_textarea":""},"product_cat":[53],"product_tag":[],"_links":{"self":[{"href":"https:\/\/hingelocks.com\/hu\/wp-json\/wp\/v2\/product\/4370"}],"collection":[{"href":"https:\/\/hingelocks.com\/hu\/wp-json\/wp\/v2\/product"}],"about":[{"href":"https:\/\/hingelocks.com\/hu\/wp-json\/wp\/v2\/types\/product"}],"wp:featuredmedia":[{"embeddable":true,"href":"https:\/\/hingelocks.com\/hu\/wp-json\/wp\/v2\/media\/4374"}],"wp:attachment":[{"href":"https:\/\/hingelocks.com\/hu\/wp-json\/wp\/v2\/media?parent=4370"}],"wp:term":[{"taxonomy":"product_cat","embeddable":true,"href":"https:\/\/hingelocks.com\/hu\/wp-json\/wp\/v2\/product_cat?post=4370"},{"taxonomy":"product_tag","embeddable":true,"href":"https:\/\/hingelocks.com\/hu\/wp-json\/wp\/v2\/product_tag?post=4370"}],"curies":[{"name":"wp","href":"https:\/\/api.w.org\/{rel}","templated":true}]}}