{"id":4379,"date":"2024-07-14T18:16:34","date_gmt":"2024-07-14T10:16:34","guid":{"rendered":"https:\/\/hingelocks.com\/product\/hl302z\/"},"modified":"2024-08-28T23:43:34","modified_gmt":"2024-08-28T15:43:34","slug":"hl302z","status":"publish","type":"product","link":"https:\/\/hingelocks.com\/hu\/term\u00e9k\/hl302z\/","title":{"rendered":"\u00c1ll\u00edthat\u00f3 nyomat\u00e9k\u00fa poz\u00edci\u00f3szab\u00e1lyoz\u00f3 csukl\u00f3p\u00e1ntok S\u00farl\u00f3d\u00e1si csukl\u00f3p\u00e1nt HL302Z"},"content":{"rendered":"<p><img decoding=\"async\" src=\"https:\/\/hingelocks.com\/wp-content\/uploads\/2024\/07\/2021227172419455.jpg\" \/><\/p>\n<h2>M\u0171szaki adatok<\/h2>\n<p><img decoding=\"async\" class=\"w80\" src=\"https:\/\/hingelocks.com\/wp-content\/uploads\/2024\/07\/2021227172428670EN02.jpg\" \/><\/p>","protected":false},"excerpt":{"rendered":"<div class=\"name\">Jellemz\u0151k<\/div>\n<p>\u25cf Anyag: rug\u00f3ac\u00e9l csukl\u00f3, speci\u00e1lis ac\u00e9lcsap<br \/>\n\u25cf Szerkezet \u00e9s funkci\u00f3: M3 csavarral az \u00f6sszeszerel\u00e9shez: 0,5 ~ 0,7 Nm szimmetrikus nyomat\u00e9k, statikus nyomat\u00e9k specifik\u00e1ci\u00f3 \u00b1 20% t\u00f6bb mint 25.000-szeres ciklus \u00e9lettartam Mind a bal, mind a jobb oldalon alkalmazhat\u00f3 M3 csavarral az \u00f6sszeszerel\u00e9shez.<br \/>\n\u25cf Befejez\u00e9s: Kr\u00f3mozott kr\u00f3moz\u00e1s<br \/>\n\u25cf Megjegyz\u00e9s: 360 \u00b0 -os csukl\u00f3<\/p>\n<div class=\"name\">Anyag<\/div>\n<p>\u25cf Cink\u00f6tv\u00f6zet<\/p>\n<div class=\"name\">Befejez\u00e9s<\/div>\n<p>\u25cf Galvaniz\u00e1l\u00e1s<\/p>","protected":false},"featured_media":4382,"template":"","meta":{"_seopress_robots_primary_cat":"none","_seopress_titles_title":"","_seopress_titles_desc":"","_seopress_robots_index":"","_import_markdown_pro_load_document_selector":0,"_import_markdown_pro_submit_text_textarea":""},"product_cat":[53],"product_tag":[],"_links":{"self":[{"href":"https:\/\/hingelocks.com\/hu\/wp-json\/wp\/v2\/product\/4379"}],"collection":[{"href":"https:\/\/hingelocks.com\/hu\/wp-json\/wp\/v2\/product"}],"about":[{"href":"https:\/\/hingelocks.com\/hu\/wp-json\/wp\/v2\/types\/product"}],"wp:featuredmedia":[{"embeddable":true,"href":"https:\/\/hingelocks.com\/hu\/wp-json\/wp\/v2\/media\/4382"}],"wp:attachment":[{"href":"https:\/\/hingelocks.com\/hu\/wp-json\/wp\/v2\/media?parent=4379"}],"wp:term":[{"taxonomy":"product_cat","embeddable":true,"href":"https:\/\/hingelocks.com\/hu\/wp-json\/wp\/v2\/product_cat?post=4379"},{"taxonomy":"product_tag","embeddable":true,"href":"https:\/\/hingelocks.com\/hu\/wp-json\/wp\/v2\/product_tag?post=4379"}],"curies":[{"name":"wp","href":"https:\/\/api.w.org\/{rel}","templated":true}]}}