{"id":4547,"date":"2024-07-19T15:08:30","date_gmt":"2024-07-19T07:08:30","guid":{"rendered":"https:\/\/hingelocks.com\/?page_id=4547"},"modified":"2024-08-08T11:21:27","modified_gmt":"2024-08-08T03:21:27","slug":"capabilities","status":"publish","type":"page","link":"https:\/\/hingelocks.com\/it\/capabilities\/","title":{"rendered":"Capacit\u00e0"},"content":{"rendered":"<div data-elementor-type=\"wp-page\" data-elementor-id=\"4547\" class=\"elementor elementor-4547\" data-elementor-post-type=\"page\">\n\t\t\t\t<div class=\"elementor-element elementor-element-5959504 e-flex e-con-boxed e-con e-parent\" data-id=\"5959504\" data-element_type=\"container\" data-settings=\"{&quot;background_background&quot;:&quot;classic&quot;}\">\n\t\t\t\t\t<div class=\"e-con-inner\">\n\t\t<div class=\"elementor-element elementor-element-40905ac e-grid e-con-full e-con e-child\" data-id=\"40905ac\" data-element_type=\"container\" data-settings=\"{&quot;background_background&quot;:&quot;classic&quot;}\">\n\t\t\t\t<div class=\"elementor-element elementor-element-aef6f69 elementor-widget elementor-widget-heading\" data-id=\"aef6f69\" data-element_type=\"widget\" data-widget_type=\"heading.default\">\n\t\t\t\t<div class=\"elementor-widget-container\">\n\t\t\t\t\t<h2 class=\"elementor-heading-title elementor-size-default\">Le nostre capacit\u00e0<\/h2>\t\t\t\t<\/div>\n\t\t\t\t<\/div>\n\t\t\t\t<div class=\"elementor-element elementor-element-2a687f0 elementor-widget elementor-widget-text-editor\" data-id=\"2a687f0\" data-element_type=\"widget\" data-widget_type=\"text-editor.default\">\n\t\t\t\t<div class=\"elementor-widget-container\">\n\t\t\t\t\t\t\t\t\t<p>Tutti i nostri prodotti sono prodotti internamente, per garantire una qualit\u00e0 costante e una consegna puntuale.\u00a0<\/p>\t\t\t\t\t\t\t\t<\/div>\n\t\t\t\t<\/div>\n\t\t\t\t<\/div>\n\t\t\t\t\t<\/div>\n\t\t\t\t<\/div>\n\t\t<div class=\"elementor-element elementor-element-816c64c e-flex e-con-boxed e-con e-parent\" data-id=\"816c64c\" data-element_type=\"container\" data-settings=\"{&quot;background_background&quot;:&quot;classic&quot;}\">\n\t\t\t\t\t<div class=\"e-con-inner\">\n\t\t<div class=\"elementor-element elementor-element-d4d7791 e-con-full e-flex e-con e-child\" data-id=\"d4d7791\" data-element_type=\"container\" data-settings=\"{&quot;background_background&quot;:&quot;classic&quot;}\">\n\t\t\t\t<div class=\"elementor-element elementor-element-5e61440 elementor-widget elementor-widget-heading\" data-id=\"5e61440\" data-element_type=\"widget\" data-widget_type=\"heading.default\">\n\t\t\t\t<div class=\"elementor-widget-container\">\n\t\t\t\t\t<h3 class=\"elementor-heading-title elementor-size-default\">Processo di pressofusione<\/h3>\t\t\t\t<\/div>\n\t\t\t\t<\/div>\n\t\t\t\t<div class=\"elementor-element elementor-element-8d31adc elementor-widget elementor-widget-text-editor\" data-id=\"8d31adc\" data-element_type=\"widget\" data-widget_type=\"text-editor.default\">\n\t\t\t\t<div class=\"elementor-widget-container\">\n\t\t\t\t\t\t\t\t\t<p>Il nostro processo di pressofusione alla Hingelocks \u00e8 meticolosamente progettato per produrre componenti di alta qualit\u00e0 e precisione. Utilizzando macchine avanzate per la pressofusione di zinco e leghe di alluminio, garantiamo che ogni prodotto sia formato con eccezionale accuratezza e coerenza. I nostri tecnici specializzati supervisionano ogni fase, dalla preparazione dello stampo alla fusione e al raffreddamento, per garantire prestazioni e durata ottimali. Il risultato \u00e8 costituito da pezzi robusti e finemente dettagliati che soddisfano i severi requisiti di varie applicazioni industriali. Sfruttando una tecnologia all'avanguardia e controlli di qualit\u00e0 rigorosi, forniamo prodotti pressofusi che superano gli standard del settore, offrendo soluzioni affidabili per le vostre esigenze di produzione.<\/p>\t\t\t\t\t\t\t\t<\/div>\n\t\t\t\t<\/div>\n\t\t\t\t<\/div>\n\t\t<div class=\"elementor-element elementor-element-2e5ea82 e-con-full e-flex e-con e-child\" data-id=\"2e5ea82\" data-element_type=\"container\">\n\t\t\t\t<div class=\"elementor-element elementor-element-bfe5220 elementor-widget elementor-widget-video\" data-id=\"bfe5220\" data-element_type=\"widget\" data-settings=\"{&quot;youtube_url&quot;:&quot;https:\\\/\\\/youtu.be\\\/h6GfGCgnrB0&quot;,&quot;video_type&quot;:&quot;youtube&quot;,&quot;controls&quot;:&quot;yes&quot;}\" data-widget_type=\"video.default\">\n\t\t\t\t<div class=\"elementor-widget-container\">\n\t\t\t\t\t\t\t<div class=\"elementor-wrapper elementor-open-inline\">\n\t\t\t<div class=\"elementor-video\"><\/div>\t\t<\/div>\n\t\t\t\t\t\t<\/div>\n\t\t\t\t<\/div>\n\t\t\t\t<\/div>\n\t\t\t\t\t<\/div>\n\t\t\t\t<\/div>\n\t\t<div class=\"elementor-element elementor-element-ccf1f9b e-flex e-con-boxed e-con e-parent\" data-id=\"ccf1f9b\" data-element_type=\"container\">\n\t\t\t\t\t<div class=\"e-con-inner\">\n\t\t<div class=\"elementor-element elementor-element-9651d29 e-con-full e-flex e-con e-child\" data-id=\"9651d29\" data-element_type=\"container\">\n\t\t\t\t<div class=\"elementor-element elementor-element-bcd00e7 elementor-widget elementor-widget-video\" data-id=\"bcd00e7\" data-element_type=\"widget\" data-settings=\"{&quot;youtube_url&quot;:&quot;https:\\\/\\\/youtu.be\\\/bc8ZZHYsleY&quot;,&quot;video_type&quot;:&quot;youtube&quot;,&quot;controls&quot;:&quot;yes&quot;}\" data-widget_type=\"video.default\">\n\t\t\t\t<div class=\"elementor-widget-container\">\n\t\t\t\t\t\t\t<div class=\"elementor-wrapper elementor-open-inline\">\n\t\t\t<div class=\"elementor-video\"><\/div>\t\t<\/div>\n\t\t\t\t\t\t<\/div>\n\t\t\t\t<\/div>\n\t\t\t\t<\/div>\n\t\t<div class=\"elementor-element elementor-element-2319996 e-con-full e-flex e-con e-child\" data-id=\"2319996\" data-element_type=\"container\" data-settings=\"{&quot;background_background&quot;:&quot;classic&quot;}\">\n\t\t\t\t<div class=\"elementor-element elementor-element-cf9c0e4 elementor-widget elementor-widget-heading\" data-id=\"cf9c0e4\" data-element_type=\"widget\" data-widget_type=\"heading.default\">\n\t\t\t\t<div class=\"elementor-widget-container\">\n\t\t\t\t\t<h3 class=\"elementor-heading-title elementor-size-default\">Processo di lucidatura<\/h3>\t\t\t\t<\/div>\n\t\t\t\t<\/div>\n\t\t\t\t<div class=\"elementor-element elementor-element-117fc1f elementor-widget elementor-widget-text-editor\" data-id=\"117fc1f\" data-element_type=\"widget\" data-widget_type=\"text-editor.default\">\n\t\t\t\t<div class=\"elementor-widget-container\">\n\t\t\t\t\t\t\t\t\t<p>Il processo di lucidatura di Hingelocks migliora le qualit\u00e0 estetiche e funzionali dei nostri prodotti. Utilizzando macchine di lucidatura automatiche all'avanguardia, otteniamo una finitura liscia e impeccabile su ogni componente. Questo processo rimuove le imperfezioni, riduce la rugosit\u00e0 della superficie e prepara i pezzi per i trattamenti successivi. I nostri operatori specializzati controllano meticolosamente le fasi di lucidatura per garantire uniformit\u00e0 e precisione. Il risultato \u00e8 una superficie lucidata di alta qualit\u00e0 che non solo ha un aspetto eccezionale, ma migliora anche le prestazioni e la durata del prodotto. Affidatevi a Hingelocks per componenti lucidati che aggiungono valore e raffinatezza ai vostri prodotti finali.<\/p>\t\t\t\t\t\t\t\t<\/div>\n\t\t\t\t<\/div>\n\t\t\t\t<\/div>\n\t\t\t\t\t<\/div>\n\t\t\t\t<\/div>\n\t\t<div class=\"elementor-element elementor-element-a528022 e-flex e-con-boxed e-con e-parent\" data-id=\"a528022\" data-element_type=\"container\" data-settings=\"{&quot;background_background&quot;:&quot;classic&quot;}\">\n\t\t\t\t\t<div class=\"e-con-inner\">\n\t\t<div class=\"elementor-element elementor-element-f625c95 e-con-full e-flex e-con e-child\" data-id=\"f625c95\" data-element_type=\"container\" data-settings=\"{&quot;background_background&quot;:&quot;classic&quot;}\">\n\t\t\t\t<div class=\"elementor-element elementor-element-633c00a elementor-widget elementor-widget-heading\" data-id=\"633c00a\" data-element_type=\"widget\" data-widget_type=\"heading.default\">\n\t\t\t\t<div class=\"elementor-widget-container\">\n\t\t\t\t\t<h3 class=\"elementor-heading-title elementor-size-default\">Processo di finitura superficiale<\/h3>\t\t\t\t<\/div>\n\t\t\t\t<\/div>\n\t\t\t\t<div class=\"elementor-element elementor-element-b87cda5 elementor-widget elementor-widget-text-editor\" data-id=\"b87cda5\" data-element_type=\"widget\" data-widget_type=\"text-editor.default\">\n\t\t\t\t<div class=\"elementor-widget-container\">\n\t\t\t\t\t\t\t\t\t<p>Il processo di finitura superficiale di Hingelocks garantisce che ogni prodotto soddisfi i pi\u00f9 alti standard di aspetto e durata. Offriamo una gamma di tecniche avanzate, tra cui lo sputtering ionico sotto vuoto PVD, la nano-spruzzatura e l'elettrodeposizione di cromo trivalente. Questi metodi forniscono una finitura resistente alla corrosione ed ecologica che migliora le propriet\u00e0 estetiche e funzionali del prodotto. Il nostro processo di finitura superficiale non solo migliora l'aspetto estetico, ma prolunga anche la durata di vita dei nostri componenti, garantendone l'affidabilit\u00e0 in varie condizioni. Con Hingelocks si ottengono finiture superficiali di qualit\u00e0 superiore che soddisfano i rigorosi standard internazionali.<\/p>\t\t\t\t\t\t\t\t<\/div>\n\t\t\t\t<\/div>\n\t\t\t\t<\/div>\n\t\t<div class=\"elementor-element elementor-element-9d66360 e-con-full e-flex e-con e-child\" data-id=\"9d66360\" data-element_type=\"container\">\n\t\t\t\t<div class=\"elementor-element elementor-element-c3dd4bf elementor-widget elementor-widget-video\" data-id=\"c3dd4bf\" data-element_type=\"widget\" data-settings=\"{&quot;youtube_url&quot;:&quot;https:\\\/\\\/youtu.be\\\/w9vZsdVZQrM&quot;,&quot;video_type&quot;:&quot;youtube&quot;,&quot;controls&quot;:&quot;yes&quot;}\" data-widget_type=\"video.default\">\n\t\t\t\t<div class=\"elementor-widget-container\">\n\t\t\t\t\t\t\t<div class=\"elementor-wrapper elementor-open-inline\">\n\t\t\t<div class=\"elementor-video\"><\/div>\t\t<\/div>\n\t\t\t\t\t\t<\/div>\n\t\t\t\t<\/div>\n\t\t\t\t<\/div>\n\t\t\t\t\t<\/div>\n\t\t\t\t<\/div>\n\t\t<div class=\"elementor-element elementor-element-aabb57d e-flex e-con-boxed e-con e-parent\" data-id=\"aabb57d\" data-element_type=\"container\">\n\t\t\t\t\t<div class=\"e-con-inner\">\n\t\t<div class=\"elementor-element elementor-element-de5eed5 e-con-full e-flex e-con e-child\" data-id=\"de5eed5\" data-element_type=\"container\">\n\t\t\t\t<div class=\"elementor-element elementor-element-1e87ecd elementor-widget elementor-widget-video\" data-id=\"1e87ecd\" data-element_type=\"widget\" data-settings=\"{&quot;youtube_url&quot;:&quot;https:\\\/\\\/youtu.be\\\/LTv03yexsHw&quot;,&quot;video_type&quot;:&quot;youtube&quot;,&quot;controls&quot;:&quot;yes&quot;}\" data-widget_type=\"video.default\">\n\t\t\t\t<div class=\"elementor-widget-container\">\n\t\t\t\t\t\t\t<div class=\"elementor-wrapper elementor-open-inline\">\n\t\t\t<div class=\"elementor-video\"><\/div>\t\t<\/div>\n\t\t\t\t\t\t<\/div>\n\t\t\t\t<\/div>\n\t\t\t\t<\/div>\n\t\t<div class=\"elementor-element elementor-element-5ff9d0a e-con-full e-flex e-con e-child\" data-id=\"5ff9d0a\" data-element_type=\"container\" data-settings=\"{&quot;background_background&quot;:&quot;classic&quot;}\">\n\t\t\t\t<div class=\"elementor-element elementor-element-cf1c0d2 elementor-widget elementor-widget-heading\" data-id=\"cf1c0d2\" data-element_type=\"widget\" data-widget_type=\"heading.default\">\n\t\t\t\t<div class=\"elementor-widget-container\">\n\t\t\t\t\t<h3 class=\"elementor-heading-title elementor-size-default\">Processo di assemblaggio<\/h3>\t\t\t\t<\/div>\n\t\t\t\t<\/div>\n\t\t\t\t<div class=\"elementor-element elementor-element-628a0be elementor-widget elementor-widget-text-editor\" data-id=\"628a0be\" data-element_type=\"widget\" data-widget_type=\"text-editor.default\">\n\t\t\t\t<div class=\"elementor-widget-container\">\n\t\t\t\t\t\t\t\t\t<p>Alla Hingelocks, il nostro processo di assemblaggio \u00e8 ottimizzato per garantire efficienza e precisione. Il nostro team di esperti assembla ogni componente con meticolosa attenzione ai dettagli, seguendo protocolli rigorosi per mantenere coerenza e qualit\u00e0. Utilizziamo strumenti e tecniche avanzate per garantire che ogni parte si adatti perfettamente, ottenendo un prodotto dalle prestazioni impeccabili. Il nostro processo di assemblaggio \u00e8 progettato per ottimizzare il flusso di lavoro, ridurre i tempi di produzione e mantenere i pi\u00f9 alti standard di qualit\u00e0. Concentrandoci su precisione ed efficienza, forniamo prodotti completamente assemblati che soddisfano le vostre esatte specifiche e superano le vostre aspettative.<\/p>\t\t\t\t\t\t\t\t<\/div>\n\t\t\t\t<\/div>\n\t\t\t\t<\/div>\n\t\t\t\t\t<\/div>\n\t\t\t\t<\/div>\n\t\t<div class=\"elementor-element elementor-element-e3d6e46 e-flex e-con-boxed e-con e-parent\" data-id=\"e3d6e46\" data-element_type=\"container\" data-settings=\"{&quot;background_background&quot;:&quot;classic&quot;}\">\n\t\t\t\t\t<div class=\"e-con-inner\">\n\t\t<div class=\"elementor-element elementor-element-b66586a e-con-full e-flex e-con e-child\" data-id=\"b66586a\" data-element_type=\"container\" data-settings=\"{&quot;background_background&quot;:&quot;classic&quot;}\">\n\t\t\t\t<div class=\"elementor-element elementor-element-e9e1f17 elementor-widget elementor-widget-heading\" data-id=\"e9e1f17\" data-element_type=\"widget\" data-widget_type=\"heading.default\">\n\t\t\t\t<div class=\"elementor-widget-container\">\n\t\t\t\t\t<h3 class=\"elementor-heading-title elementor-size-default\">Impianto di produzione di stampi<\/h3>\t\t\t\t<\/div>\n\t\t\t\t<\/div>\n\t\t\t\t<div class=\"elementor-element elementor-element-9245559 elementor-widget elementor-widget-text-editor\" data-id=\"9245559\" data-element_type=\"widget\" data-widget_type=\"text-editor.default\">\n\t\t\t\t<div class=\"elementor-widget-container\">\n\t\t\t\t\t\t\t\t\t<p>L'impianto di produzione stampi di Hingelocks \u00e8 dotato di una tecnologia all'avanguardia per creare stampi di alta precisione. Il nostro team di ingegneri e tecnici esperti progetta e produce stampi che soddisfano standard esigenti, garantendo l'accuratezza e la qualit\u00e0 dei prodotti finali. Utilizzando macchine CNC avanzate e altre attrezzature di precisione, produciamo stampi in grado di resistere ai rigori della produzione in grandi volumi. Le nostre capacit\u00e0 di produzione di stampi ci permettono di gestire progetti complessi e di fornire stampi che assicurano una produzione costante e di alta qualit\u00e0. Con Hingelocks, potete beneficiare di stampi realizzati da esperti che sono la pietra miliare di una produzione di qualit\u00e0 superiore.<\/p>\t\t\t\t\t\t\t\t<\/div>\n\t\t\t\t<\/div>\n\t\t\t\t<\/div>\n\t\t<div class=\"elementor-element elementor-element-6db7422 e-con-full e-flex e-con e-child\" data-id=\"6db7422\" data-element_type=\"container\">\n\t\t\t\t<div class=\"elementor-element elementor-element-0d1783e elementor-widget elementor-widget-video\" data-id=\"0d1783e\" data-element_type=\"widget\" data-settings=\"{&quot;youtube_url&quot;:&quot;https:\\\/\\\/youtu.be\\\/-ChLu7ztcLM&quot;,&quot;video_type&quot;:&quot;youtube&quot;,&quot;controls&quot;:&quot;yes&quot;}\" data-widget_type=\"video.default\">\n\t\t\t\t<div class=\"elementor-widget-container\">\n\t\t\t\t\t\t\t<div class=\"elementor-wrapper elementor-open-inline\">\n\t\t\t<div class=\"elementor-video\"><\/div>\t\t<\/div>\n\t\t\t\t\t\t<\/div>\n\t\t\t\t<\/div>\n\t\t\t\t<\/div>\n\t\t\t\t\t<\/div>\n\t\t\t\t<\/div>\n\t\t<div class=\"elementor-element elementor-element-4bcc51a e-flex e-con-boxed e-con e-parent\" data-id=\"4bcc51a\" data-element_type=\"container\">\n\t\t\t\t\t<div class=\"e-con-inner\">\n\t\t<div class=\"elementor-element elementor-element-b9da925 e-con-full e-flex e-con e-child\" data-id=\"b9da925\" data-element_type=\"container\">\n\t\t\t\t<div class=\"elementor-element elementor-element-64beb32 elementor-widget elementor-widget-video\" data-id=\"64beb32\" data-element_type=\"widget\" data-settings=\"{&quot;youtube_url&quot;:&quot;https:\\\/\\\/youtu.be\\\/LzUoKf1KhVg&quot;,&quot;video_type&quot;:&quot;youtube&quot;,&quot;controls&quot;:&quot;yes&quot;}\" data-widget_type=\"video.default\">\n\t\t\t\t<div class=\"elementor-widget-container\">\n\t\t\t\t\t\t\t<div class=\"elementor-wrapper elementor-open-inline\">\n\t\t\t<div class=\"elementor-video\"><\/div>\t\t<\/div>\n\t\t\t\t\t\t<\/div>\n\t\t\t\t<\/div>\n\t\t\t\t<\/div>\n\t\t<div class=\"elementor-element elementor-element-30147dd e-con-full e-flex e-con e-child\" data-id=\"30147dd\" data-element_type=\"container\" data-settings=\"{&quot;background_background&quot;:&quot;classic&quot;}\">\n\t\t\t\t<div class=\"elementor-element elementor-element-fd93bb5 elementor-widget elementor-widget-heading\" data-id=\"fd93bb5\" data-element_type=\"widget\" data-widget_type=\"heading.default\">\n\t\t\t\t<div class=\"elementor-widget-container\">\n\t\t\t\t\t<h3 class=\"elementor-heading-title elementor-size-default\">Processo di ispezione della qualit\u00e0<\/h3>\t\t\t\t<\/div>\n\t\t\t\t<\/div>\n\t\t\t\t<div class=\"elementor-element elementor-element-386827e elementor-widget elementor-widget-text-editor\" data-id=\"386827e\" data-element_type=\"widget\" data-widget_type=\"text-editor.default\">\n\t\t\t\t<div class=\"elementor-widget-container\">\n\t\t\t\t\t\t\t\t\t<p>Il nostro processo di ispezione della qualit\u00e0 alla Hingelocks \u00e8 accurato e rigoroso, per garantire che ogni prodotto soddisfi gli standard pi\u00f9 elevati prima di arrivare a voi. Implementiamo un protocollo di ispezione in pi\u00f9 fasi, che comprende controlli dimensionali, analisi dei materiali e test delle prestazioni. Le nostre apparecchiature di prova avanzate e il nostro team esperto di controllo qualit\u00e0 esaminano meticolosamente ogni componente, identificando e risolvendo qualsiasi problema. Questo approccio completo garantisce che ogni prodotto non solo soddisfi, ma superi gli standard industriali di affidabilit\u00e0 e prestazioni. Con Hingelocks, potete essere certi della qualit\u00e0 costante e dell'affidabilit\u00e0 dei nostri prodotti.<\/p>\t\t\t\t\t\t\t\t<\/div>\n\t\t\t\t<\/div>\n\t\t\t\t<\/div>\n\t\t\t\t\t<\/div>\n\t\t\t\t<\/div>\n\t\t<div class=\"elementor-element elementor-element-c4adac3 e-flex e-con-boxed e-con e-parent\" data-id=\"c4adac3\" data-element_type=\"container\" data-settings=\"{&quot;background_background&quot;:&quot;classic&quot;}\">\n\t\t\t\t\t<div class=\"e-con-inner\">\n\t\t<div class=\"elementor-element elementor-element-d61709e e-con-full e-flex e-con e-child\" data-id=\"d61709e\" data-element_type=\"container\" data-settings=\"{&quot;background_background&quot;:&quot;classic&quot;}\">\n\t\t\t\t<div class=\"elementor-element elementor-element-0408f82 elementor-widget elementor-widget-heading\" data-id=\"0408f82\" data-element_type=\"widget\" data-widget_type=\"heading.default\">\n\t\t\t\t<div class=\"elementor-widget-container\">\n\t\t\t\t\t<h3 class=\"elementor-heading-title elementor-size-default\">Logistica e magazzino<\/h3>\t\t\t\t<\/div>\n\t\t\t\t<\/div>\n\t\t\t\t<div class=\"elementor-element elementor-element-c615442 elementor-widget elementor-widget-text-editor\" data-id=\"c615442\" data-element_type=\"widget\" data-widget_type=\"text-editor.default\">\n\t\t\t\t<div class=\"elementor-widget-container\">\n\t\t\t\t\t\t\t\t\t<p>Le operazioni logistiche e di magazzino di Hingelocks sono progettate per garantire efficienza e affidabilit\u00e0. Il nostro ampio magazzino di 3.600 metri quadrati ci permette di mantenere livelli di scorte sufficienti a soddisfare tempestivamente la domanda. Implementiamo pratiche sistematiche di gestione dell'inventario per ottimizzare lo stoccaggio, la movimentazione e il recupero dei prodotti. Il nostro team logistico coordina soluzioni di spedizione senza soluzione di continuit\u00e0, offrendo un imballaggio sicuro e una consegna tempestiva tramite corriere o trasporto marittimo in base alle esigenze del cliente. Ottimizzando i nostri processi logistici e di magazzino, garantiamo che i vostri ordini siano evasi con precisione e consegnati in tempo, migliorando la vostra esperienza complessiva con Hingelocks.<\/p>\t\t\t\t\t\t\t\t<\/div>\n\t\t\t\t<\/div>\n\t\t\t\t<\/div>\n\t\t<div class=\"elementor-element elementor-element-6570b34 e-con-full e-flex e-con e-child\" data-id=\"6570b34\" data-element_type=\"container\">\n\t\t\t\t<div class=\"elementor-element elementor-element-11d0f16 elementor-widget elementor-widget-video\" data-id=\"11d0f16\" data-element_type=\"widget\" data-settings=\"{&quot;youtube_url&quot;:&quot;https:\\\/\\\/youtu.be\\\/yoYSs67elKk&quot;,&quot;video_type&quot;:&quot;youtube&quot;,&quot;controls&quot;:&quot;yes&quot;}\" data-widget_type=\"video.default\">\n\t\t\t\t<div class=\"elementor-widget-container\">\n\t\t\t\t\t\t\t<div class=\"elementor-wrapper elementor-open-inline\">\n\t\t\t<div class=\"elementor-video\"><\/div>\t\t<\/div>\n\t\t\t\t\t\t<\/div>\n\t\t\t\t<\/div>\n\t\t\t\t<\/div>\n\t\t\t\t\t<\/div>\n\t\t\t\t<\/div>\n\t\t\t\t<\/div>","protected":false},"excerpt":{"rendered":"<p>Our Capabitlies All our products are in-house manufacturing, ensuring consistent quality, and timely delivery\u00a0 Die Casting Process Our die casting process at Hingelocks is meticulously designed to produce high-quality, precise components. Utilizing advanced zinc and aluminum alloy die-casting machines, we ensure each product is formed with exceptional accuracy and consistency. Our skilled technicians oversee every [&hellip;]<\/p>","protected":false},"author":1,"featured_media":0,"parent":0,"menu_order":0,"comment_status":"closed","ping_status":"closed","template":"","meta":{"_seopress_robots_primary_cat":"","_seopress_titles_title":"","_seopress_titles_desc":"","_seopress_robots_index":"","_import_markdown_pro_load_document_selector":0,"_import_markdown_pro_submit_text_textarea":"","footnotes":""},"_links":{"self":[{"href":"https:\/\/hingelocks.com\/it\/wp-json\/wp\/v2\/pages\/4547"}],"collection":[{"href":"https:\/\/hingelocks.com\/it\/wp-json\/wp\/v2\/pages"}],"about":[{"href":"https:\/\/hingelocks.com\/it\/wp-json\/wp\/v2\/types\/page"}],"author":[{"embeddable":true,"href":"https:\/\/hingelocks.com\/it\/wp-json\/wp\/v2\/users\/1"}],"replies":[{"embeddable":true,"href":"https:\/\/hingelocks.com\/it\/wp-json\/wp\/v2\/comments?post=4547"}],"version-history":[{"count":89,"href":"https:\/\/hingelocks.com\/it\/wp-json\/wp\/v2\/pages\/4547\/revisions"}],"predecessor-version":[{"id":5309,"href":"https:\/\/hingelocks.com\/it\/wp-json\/wp\/v2\/pages\/4547\/revisions\/5309"}],"wp:attachment":[{"href":"https:\/\/hingelocks.com\/it\/wp-json\/wp\/v2\/media?parent=4547"}],"curies":[{"name":"wp","href":"https:\/\/api.w.org\/{rel}","templated":true}]}}