{"id":3421,"date":"2024-07-14T17:10:48","date_gmt":"2024-07-14T09:10:48","guid":{"rendered":"https:\/\/hingelocks.com\/product\/ms718\/"},"modified":"2024-07-14T17:12:03","modified_gmt":"2024-07-14T09:12:03","slug":"ms718","status":"publish","type":"product","link":"https:\/\/hingelocks.com\/sk\/produkt\/ms718\/","title":{"rendered":"MS718"},"content":{"rendered":"<p><img src='https:\/\/hingelocks.com\/wp-content\/uploads\/2024\/07\/20181220143923909EN01.jpg'>                             <\/p>\n<h2>\u0160pecifik\u00e1cie<\/h2>\n<p>                                                      <img decoding=\"async\" src=\"https:\/\/hingelocks.com\/wp-content\/uploads\/2024\/07\/201552717593995EN02.jpg\" class=\"w80\"><\/p>","protected":false},"excerpt":{"rendered":"<div class=\"name\">Funkcie<\/div>\n<p>                                                           \u25cf Material:Zinc die-casting body Zinc plating cam<br \/>\u25cf Povrchov\u00e1 \u00faprava: svetl\u00e9 pochr\u00f3movanie<br \/>\u25cf Panel thickness:1~6mm<br \/>\u25cf                                                                   <\/p>\n<div class=\"name\">Materi\u00e1l<\/div>\n<p>                                                                    \u25cf Zinkov\u00e1 zliatina                                                                                    <\/p>\n<div class=\"name\">Dokon\u010denie<\/div>\n<p>                                                                    \u25cf Elektroplat\u0148a<\/p>","protected":false},"featured_media":3424,"template":"","meta":{"_seopress_robots_primary_cat":"","_seopress_titles_title":"","_seopress_titles_desc":"","_seopress_robots_index":"","_import_markdown_pro_load_document_selector":0,"_import_markdown_pro_submit_text_textarea":""},"product_cat":[52],"product_tag":[],"_links":{"self":[{"href":"https:\/\/hingelocks.com\/sk\/wp-json\/wp\/v2\/product\/3421"}],"collection":[{"href":"https:\/\/hingelocks.com\/sk\/wp-json\/wp\/v2\/product"}],"about":[{"href":"https:\/\/hingelocks.com\/sk\/wp-json\/wp\/v2\/types\/product"}],"wp:featuredmedia":[{"embeddable":true,"href":"https:\/\/hingelocks.com\/sk\/wp-json\/wp\/v2\/media\/3424"}],"wp:attachment":[{"href":"https:\/\/hingelocks.com\/sk\/wp-json\/wp\/v2\/media?parent=3421"}],"wp:term":[{"taxonomy":"product_cat","embeddable":true,"href":"https:\/\/hingelocks.com\/sk\/wp-json\/wp\/v2\/product_cat?post=3421"},{"taxonomy":"product_tag","embeddable":true,"href":"https:\/\/hingelocks.com\/sk\/wp-json\/wp\/v2\/product_tag?post=3421"}],"curies":[{"name":"wp","href":"https:\/\/api.w.org\/{rel}","templated":true}]}}