{"id":3746,"date":"2024-07-14T17:40:11","date_gmt":"2024-07-14T09:40:11","guid":{"rendered":"https:\/\/hingelocks.com\/product\/hl010\/"},"modified":"2024-07-14T17:40:52","modified_gmt":"2024-07-14T09:40:52","slug":"hl010","status":"publish","type":"product","link":"https:\/\/hingelocks.com\/sk\/produkt\/hl010\/","title":{"rendered":"HL010"},"content":{"rendered":"<p><img src='https:\/\/hingelocks.com\/wp-content\/uploads\/2024\/07\/2018110111223905EN01.jpg'>                             <\/p>\n<h2>\u0160pecifik\u00e1cie<\/h2>\n<p>                                                      <img decoding=\"async\" src=\"https:\/\/hingelocks.com\/wp-content\/uploads\/2024\/07\/201552883435720EN02.jpg\" class=\"w80\"><\/p>","protected":false},"excerpt":{"rendered":"<div class=\"name\">Funkcie<\/div>\n<p>                                                           \u25cf Materi\u00e1l: K dispoz\u00edcii je zinkov\u00fd z\u00e1ves, nerezov\u00e1 oce\u013e a poniklovan\u00fd oce\u013eov\u00fd kol\u00edk<br \/>\u25cf Povrchov\u00e1 \u00faprava: \u010dierna pr\u00e1\u0161kov\u00e1 farba<br \/>\u25cf Pozn\u00e1mka: 110\u00b0.                                                                  <\/p>\n<div class=\"name\">Materi\u00e1l<\/div>\n<p>                                                                    \u25cf Zinkov\u00e1 zliatina                                                                                    <\/p>\n<div class=\"name\">Dokon\u010denie<\/div>\n<p>                                                                    \u25cf Plastov\u00fd sprej<\/p>","protected":false},"featured_media":3749,"template":"","meta":{"_seopress_robots_primary_cat":"","_seopress_titles_title":"","_seopress_titles_desc":"","_seopress_robots_index":"","_import_markdown_pro_load_document_selector":0,"_import_markdown_pro_submit_text_textarea":""},"product_cat":[53],"product_tag":[],"_links":{"self":[{"href":"https:\/\/hingelocks.com\/sk\/wp-json\/wp\/v2\/product\/3746"}],"collection":[{"href":"https:\/\/hingelocks.com\/sk\/wp-json\/wp\/v2\/product"}],"about":[{"href":"https:\/\/hingelocks.com\/sk\/wp-json\/wp\/v2\/types\/product"}],"wp:featuredmedia":[{"embeddable":true,"href":"https:\/\/hingelocks.com\/sk\/wp-json\/wp\/v2\/media\/3749"}],"wp:attachment":[{"href":"https:\/\/hingelocks.com\/sk\/wp-json\/wp\/v2\/media?parent=3746"}],"wp:term":[{"taxonomy":"product_cat","embeddable":true,"href":"https:\/\/hingelocks.com\/sk\/wp-json\/wp\/v2\/product_cat?post=3746"},{"taxonomy":"product_tag","embeddable":true,"href":"https:\/\/hingelocks.com\/sk\/wp-json\/wp\/v2\/product_tag?post=3746"}],"curies":[{"name":"wp","href":"https:\/\/api.w.org\/{rel}","templated":true}]}}