{"id":3750,"date":"2024-07-14T17:40:11","date_gmt":"2024-07-14T09:40:11","guid":{"rendered":"https:\/\/hingelocks.com\/product\/hl011\/"},"modified":"2024-07-14T17:41:19","modified_gmt":"2024-07-14T09:41:19","slug":"hl011","status":"publish","type":"product","link":"https:\/\/hingelocks.com\/sk\/produkt\/hl011\/","title":{"rendered":"HL011"},"content":{"rendered":"<p><img decoding=\"async\" src=\"https:\/\/hingelocks.com\/wp-content\/uploads\/2024\/07\/2019124162138978EN01.jpg\"\/><br \/><img decoding=\"async\" src=\"https:\/\/hingelocks.com\/wp-content\/uploads\/2024\/07\/201872891123669EN02.jpg\"\/><\/p>\n<h2>\u0160pecifik\u00e1cie<\/h2>\n<p>                                                      <img decoding=\"async\" src=\"https:\/\/www.essentrahengzhu.comhttps:\/\/www.essentrahengzhu.com\/upload\/product\/image\/20230602\/img-1685668598786876.jpg\" class=\"w80\"><\/p>","protected":false},"excerpt":{"rendered":"<div class=\"name\">Funkcie<\/div>\n<p>                                                           \u25cf Materi\u00e1l: K dispoz\u00edcii s\u00fa oce\u013eov\u00e9 \u010dapy s niklovou povrchovou \u00fapravou.<br \/>\u25cf Pozn\u00e1mka: 90\u00b0 z\u00e1ves                                                                  <\/p>\n<div class=\"name\">Materi\u00e1l<\/div>\n<p>                                                                    \u25cf Zinkov\u00e1 zliatina                                                                                    <\/p>\n<div class=\"name\">Dokon\u010denie<\/div>\n<p>                                                                    \u25cf Plastov\u00fd sprej<\/p>","protected":false},"featured_media":3753,"template":"","meta":{"_seopress_robots_primary_cat":"","_seopress_titles_title":"","_seopress_titles_desc":"","_seopress_robots_index":"","_import_markdown_pro_load_document_selector":0,"_import_markdown_pro_submit_text_textarea":""},"product_cat":[53],"product_tag":[],"_links":{"self":[{"href":"https:\/\/hingelocks.com\/sk\/wp-json\/wp\/v2\/product\/3750"}],"collection":[{"href":"https:\/\/hingelocks.com\/sk\/wp-json\/wp\/v2\/product"}],"about":[{"href":"https:\/\/hingelocks.com\/sk\/wp-json\/wp\/v2\/types\/product"}],"wp:featuredmedia":[{"embeddable":true,"href":"https:\/\/hingelocks.com\/sk\/wp-json\/wp\/v2\/media\/3753"}],"wp:attachment":[{"href":"https:\/\/hingelocks.com\/sk\/wp-json\/wp\/v2\/media?parent=3750"}],"wp:term":[{"taxonomy":"product_cat","embeddable":true,"href":"https:\/\/hingelocks.com\/sk\/wp-json\/wp\/v2\/product_cat?post=3750"},{"taxonomy":"product_tag","embeddable":true,"href":"https:\/\/hingelocks.com\/sk\/wp-json\/wp\/v2\/product_tag?post=3750"}],"curies":[{"name":"wp","href":"https:\/\/api.w.org\/{rel}","templated":true}]}}