{"id":3758,"date":"2024-07-14T17:41:23","date_gmt":"2024-07-14T09:41:23","guid":{"rendered":"https:\/\/hingelocks.com\/product\/hl013\/"},"modified":"2024-07-14T17:41:57","modified_gmt":"2024-07-14T09:41:57","slug":"hl013","status":"publish","type":"product","link":"https:\/\/hingelocks.com\/sk\/produkt\/hl013\/","title":{"rendered":"HL013"},"content":{"rendered":"<p><img decoding=\"async\" src=\"https:\/\/hingelocks.com\/wp-content\/uploads\/2024\/07\/201552884358226.jpg\"\/><\/p>\n<h2>\u0160pecifik\u00e1cie<\/h2>\n<p>                                                      <img decoding=\"async\" src=\"https:\/\/hingelocks.com\/wp-content\/uploads\/2024\/07\/20155288445615EN02.jpg\" class=\"w80\"><\/p>","protected":false},"excerpt":{"rendered":"<div class=\"name\">Funkcie<\/div>\n<p>                                                           \u25cf Materi\u00e1l: Upev\u0148ovacie diely: Zinkov\u00fd tlakov\u00fd odliatok z\u00e1vesov, k dispoz\u00edcii je kol\u00edk z nehrdzavej\u00facej ocele a poniklovanej ocele, zinkovanie.<br \/>\u25cf Povrchov\u00e1 \u00faprava: siv\u00e1\/matn\u00e1 \u010dierna <br \/>\u25cf Pozn\u00e1mka: 180\u00b0.                                                                  <\/p>\n<div class=\"name\">Materi\u00e1l<\/div>\n<p>                                                                    \u25cf Zinkov\u00e1 zliatina                                                                                    <\/p>\n<div class=\"name\">Dokon\u010denie<\/div>\n<p>                                                                    \u25cf Elektroplat\u0148a<\/p>","protected":false},"featured_media":3761,"template":"","meta":{"_seopress_robots_primary_cat":"","_seopress_titles_title":"","_seopress_titles_desc":"","_seopress_robots_index":"","_import_markdown_pro_load_document_selector":0,"_import_markdown_pro_submit_text_textarea":""},"product_cat":[53],"product_tag":[],"_links":{"self":[{"href":"https:\/\/hingelocks.com\/sk\/wp-json\/wp\/v2\/product\/3758"}],"collection":[{"href":"https:\/\/hingelocks.com\/sk\/wp-json\/wp\/v2\/product"}],"about":[{"href":"https:\/\/hingelocks.com\/sk\/wp-json\/wp\/v2\/types\/product"}],"wp:featuredmedia":[{"embeddable":true,"href":"https:\/\/hingelocks.com\/sk\/wp-json\/wp\/v2\/media\/3761"}],"wp:attachment":[{"href":"https:\/\/hingelocks.com\/sk\/wp-json\/wp\/v2\/media?parent=3758"}],"wp:term":[{"taxonomy":"product_cat","embeddable":true,"href":"https:\/\/hingelocks.com\/sk\/wp-json\/wp\/v2\/product_cat?post=3758"},{"taxonomy":"product_tag","embeddable":true,"href":"https:\/\/hingelocks.com\/sk\/wp-json\/wp\/v2\/product_tag?post=3758"}],"curies":[{"name":"wp","href":"https:\/\/api.w.org\/{rel}","templated":true}]}}