{"id":3774,"date":"2024-07-14T17:42:20","date_gmt":"2024-07-14T09:42:20","guid":{"rendered":"https:\/\/hingelocks.com\/product\/hl018\/"},"modified":"2024-07-14T17:43:33","modified_gmt":"2024-07-14T09:43:33","slug":"hl018","status":"publish","type":"product","link":"https:\/\/hingelocks.com\/sk\/produkt\/hl018\/","title":{"rendered":"HL018"},"content":{"rendered":"<p><img src='https:\/\/hingelocks.com\/wp-content\/uploads\/2024\/07\/201552893245239EN01-scaled.jpg'>                             <\/p>\n<h2>\u0160pecifik\u00e1cie<\/h2>\n<p>                                                      <img decoding=\"async\" src=\"https:\/\/hingelocks.com\/wp-content\/uploads\/2024\/07\/201552893251696EN02.jpg\" class=\"w80\"><\/p>","protected":false},"excerpt":{"rendered":"<div class=\"name\">Funkcie<\/div>\n<p>                                                           \u25cf Materi\u00e1l: Zinkov\u00fd tlakov\u00fd odliatok<br \/>\u25cf Povrchov\u00e1 \u00faprava: \u010dierna pr\u00e1\u0161kov\u00e1 farba<br \/>\u25cf Pozn\u00e1mka: 180\u00b0 z\u00e1ves                                                                  <\/p>\n<div class=\"name\">Materi\u00e1l<\/div>\n<p>                                                                    \u25cf Zinkov\u00e1 zliatina                                                                                    <\/p>\n<div class=\"name\">Dokon\u010denie<\/div>\n<p>                                                                    \u25cf Plastov\u00fd sprej<\/p>","protected":false},"featured_media":3777,"template":"","meta":{"_seopress_robots_primary_cat":"","_seopress_titles_title":"","_seopress_titles_desc":"","_seopress_robots_index":"","_import_markdown_pro_load_document_selector":0,"_import_markdown_pro_submit_text_textarea":""},"product_cat":[53],"product_tag":[],"_links":{"self":[{"href":"https:\/\/hingelocks.com\/sk\/wp-json\/wp\/v2\/product\/3774"}],"collection":[{"href":"https:\/\/hingelocks.com\/sk\/wp-json\/wp\/v2\/product"}],"about":[{"href":"https:\/\/hingelocks.com\/sk\/wp-json\/wp\/v2\/types\/product"}],"wp:featuredmedia":[{"embeddable":true,"href":"https:\/\/hingelocks.com\/sk\/wp-json\/wp\/v2\/media\/3777"}],"wp:attachment":[{"href":"https:\/\/hingelocks.com\/sk\/wp-json\/wp\/v2\/media?parent=3774"}],"wp:term":[{"taxonomy":"product_cat","embeddable":true,"href":"https:\/\/hingelocks.com\/sk\/wp-json\/wp\/v2\/product_cat?post=3774"},{"taxonomy":"product_tag","embeddable":true,"href":"https:\/\/hingelocks.com\/sk\/wp-json\/wp\/v2\/product_tag?post=3774"}],"curies":[{"name":"wp","href":"https:\/\/api.w.org\/{rel}","templated":true}]}}