{"id":3814,"date":"2024-07-14T17:45:41","date_gmt":"2024-07-14T09:45:41","guid":{"rendered":"https:\/\/hingelocks.com\/product\/hl003-3\/"},"modified":"2024-10-14T19:17:26","modified_gmt":"2024-10-14T11:17:26","slug":"hl003-3","status":"publish","type":"product","link":"https:\/\/hingelocks.com\/sk\/produkt\/hl003-3\/","title":{"rendered":"HL003-3 Skri\u0148ov\u00fd z\u00e1ves so skrutkov\u00fdm \u010dapom Odn\u00edmate\u013en\u00fd \u010dapov\u00fd z\u00e1ves so skryt\u00fdm \u010dapom"},"content":{"rendered":"<p><img decoding=\"async\" src=\"https:\/\/hingelocks.com\/wp-content\/uploads\/2024\/07\/202010109376325EN01.jpg\" \/><\/p>\n<h2>\u0160pecifik\u00e1cie<\/h2>\n<p><img decoding=\"async\" class=\"w80\" src=\"https:\/\/hingelocks.com\/wp-content\/uploads\/2024\/07\/2020101093712719EN02.jpg\" \/><\/p>","protected":false},"excerpt":{"rendered":"<div class=\"name\">Funkcie<\/div>\n<p>\u25cf Materi\u00e1l: K dispoz\u00edcii je zinkov\u00fd z\u00e1ves, nerezov\u00e1 oce\u013e a poniklovan\u00fd oce\u013eov\u00fd kol\u00edk<br \/>\n\u25cf Povrchov\u00e1 \u00faprava: Jasn\u00e9 chr\u00f3movanie \u010cierne pr\u00e1\u0161kov\u00e9 lakovanie<br \/>\n\u25cf Pozn\u00e1mka: 180\u00b0 z\u00e1ves<\/p>\n<div class=\"name\">Materi\u00e1l<\/div>\n<p>\u25cf Zinkov\u00e1 zliatina<\/p>\n<div class=\"name\">Dokon\u010denie<\/div>\n<p>\u25cf Plastov\u00fd sprej<\/p>","protected":false},"featured_media":3817,"template":"","meta":{"_seopress_robots_primary_cat":"none","_seopress_titles_title":"","_seopress_titles_desc":"","_seopress_robots_index":"","_import_markdown_pro_load_document_selector":0,"_import_markdown_pro_submit_text_textarea":""},"product_cat":[53],"product_tag":[],"_links":{"self":[{"href":"https:\/\/hingelocks.com\/sk\/wp-json\/wp\/v2\/product\/3814"}],"collection":[{"href":"https:\/\/hingelocks.com\/sk\/wp-json\/wp\/v2\/product"}],"about":[{"href":"https:\/\/hingelocks.com\/sk\/wp-json\/wp\/v2\/types\/product"}],"wp:featuredmedia":[{"embeddable":true,"href":"https:\/\/hingelocks.com\/sk\/wp-json\/wp\/v2\/media\/3817"}],"wp:attachment":[{"href":"https:\/\/hingelocks.com\/sk\/wp-json\/wp\/v2\/media?parent=3814"}],"wp:term":[{"taxonomy":"product_cat","embeddable":true,"href":"https:\/\/hingelocks.com\/sk\/wp-json\/wp\/v2\/product_cat?post=3814"},{"taxonomy":"product_tag","embeddable":true,"href":"https:\/\/hingelocks.com\/sk\/wp-json\/wp\/v2\/product_tag?post=3814"}],"curies":[{"name":"wp","href":"https:\/\/api.w.org\/{rel}","templated":true}]}}