{"id":3818,"date":"2024-07-14T17:46:55","date_gmt":"2024-07-14T09:46:55","guid":{"rendered":"https:\/\/hingelocks.com\/product\/hl004\/"},"modified":"2024-10-14T19:19:24","modified_gmt":"2024-10-14T11:19:24","slug":"hl004","status":"publish","type":"product","link":"https:\/\/hingelocks.com\/sk\/produkt\/hl004\/","title":{"rendered":"HL004 180-stup\u0148ov\u00fd priemyseln\u00fd skryt\u00fd z\u00e1ves skrine"},"content":{"rendered":"<p><img decoding=\"async\" src=\"https:\/\/hingelocks.com\/wp-content\/uploads\/2024\/07\/201552881342523.jpg\" \/><br \/>\n<img decoding=\"async\" src=\"https:\/\/hingelocks.com\/wp-content\/uploads\/2024\/07\/201552881349121EN\uff0902.jpg\" \/><\/p>\n<h2>\u0160pecifik\u00e1cie<\/h2>\n<p><img decoding=\"async\" class=\"w80\" src=\"https:\/\/hingelocks.com\/wp-content\/uploads\/2024\/07\/201552881358315EN03.jpg\" \/><\/p>","protected":false},"excerpt":{"rendered":"<div class=\"name\">Funkcie<\/div>\n<p>\u25cf Materi\u00e1l: k dispoz\u00edcii je zinkov\u00fd tlakov\u00fd odliatok z\u00e1vesu z nehrdzavej\u00facej ocele a poniklovan\u00fd oce\u013eov\u00fd kol\u00edk<br \/>\n\u25cf Povrchov\u00e1 \u00faprava: Jasn\u00e9 chr\u00f3movanie \u010cierne pr\u00e1\u0161kov\u00e9 lakovanie<br \/>\n\u25cf Pozn\u00e1mka: 180\u00b0 z\u00e1ves.<\/p>\n<div class=\"name\">Materi\u00e1l<\/div>\n<p>\u25cf Zinkov\u00e1 zliatina<\/p>\n<div class=\"name\">Dokon\u010denie<\/div>\n<p>\u25cf Plastov\u00fd sprej<\/p>","protected":false},"featured_media":3822,"template":"","meta":{"_seopress_robots_primary_cat":"none","_seopress_titles_title":"","_seopress_titles_desc":"","_seopress_robots_index":"","_import_markdown_pro_load_document_selector":0,"_import_markdown_pro_submit_text_textarea":""},"product_cat":[53],"product_tag":[],"_links":{"self":[{"href":"https:\/\/hingelocks.com\/sk\/wp-json\/wp\/v2\/product\/3818"}],"collection":[{"href":"https:\/\/hingelocks.com\/sk\/wp-json\/wp\/v2\/product"}],"about":[{"href":"https:\/\/hingelocks.com\/sk\/wp-json\/wp\/v2\/types\/product"}],"wp:featuredmedia":[{"embeddable":true,"href":"https:\/\/hingelocks.com\/sk\/wp-json\/wp\/v2\/media\/3822"}],"wp:attachment":[{"href":"https:\/\/hingelocks.com\/sk\/wp-json\/wp\/v2\/media?parent=3818"}],"wp:term":[{"taxonomy":"product_cat","embeddable":true,"href":"https:\/\/hingelocks.com\/sk\/wp-json\/wp\/v2\/product_cat?post=3818"},{"taxonomy":"product_tag","embeddable":true,"href":"https:\/\/hingelocks.com\/sk\/wp-json\/wp\/v2\/product_tag?post=3818"}],"curies":[{"name":"wp","href":"https:\/\/api.w.org\/{rel}","templated":true}]}}