{"id":3858,"date":"2024-07-14T17:49:52","date_gmt":"2024-07-14T09:49:52","guid":{"rendered":"https:\/\/hingelocks.com\/product\/hl024\/"},"modified":"2024-10-14T19:35:15","modified_gmt":"2024-10-14T11:35:15","slug":"hl024","status":"publish","type":"product","link":"https:\/\/hingelocks.com\/sk\/produkt\/hl024\/","title":{"rendered":"180-stup\u0148ov\u00fd \u010dierny pr\u00e1\u0161kovo lakovan\u00fd vlo\u017een\u00fd skryt\u00fd z\u00e1ves"},"content":{"rendered":"<p><img decoding=\"async\" src=\"https:\/\/hingelocks.com\/wp-content\/uploads\/2024\/07\/201797145624992EN01.jpg\" \/><\/p>\n<h2>\u0160pecifik\u00e1cie<\/h2>\n<p><img decoding=\"async\" class=\"w80\" src=\"https:\/\/hingelocks.com\/wp-content\/uploads\/2024\/07\/201552810117389EN02.jpg\" \/><\/p>","protected":false},"excerpt":{"rendered":"<div class=\"name\">Funkcie<\/div>\n<p>\u25cf Materi\u00e1l: K dispoz\u00edcii je zinkov\u00fd z\u00e1ves, nerezov\u00e1 oce\u013e a poniklovan\u00fd oce\u013eov\u00fd kol\u00edk<br \/>\n\u25cf Povrchov\u00e1 \u00faprava: \u010dierna pr\u00e1\u0161kov\u00e1 farba<br \/>\n\u25cf Pozn\u00e1mka: 180\u00b0 z\u00e1ves<\/p>\n<div class=\"name\">Materi\u00e1l<\/div>\n<p>\u25cf Zinkov\u00e1 zliatina<\/p>\n<div class=\"name\">Dokon\u010denie<\/div>\n<p>\u25cf Plastov\u00fd sprej<\/p>","protected":false},"featured_media":3861,"template":"","meta":{"_seopress_robots_primary_cat":"none","_seopress_titles_title":"","_seopress_titles_desc":"","_seopress_robots_index":"","_import_markdown_pro_load_document_selector":0,"_import_markdown_pro_submit_text_textarea":""},"product_cat":[53],"product_tag":[],"_links":{"self":[{"href":"https:\/\/hingelocks.com\/sk\/wp-json\/wp\/v2\/product\/3858"}],"collection":[{"href":"https:\/\/hingelocks.com\/sk\/wp-json\/wp\/v2\/product"}],"about":[{"href":"https:\/\/hingelocks.com\/sk\/wp-json\/wp\/v2\/types\/product"}],"wp:featuredmedia":[{"embeddable":true,"href":"https:\/\/hingelocks.com\/sk\/wp-json\/wp\/v2\/media\/3861"}],"wp:attachment":[{"href":"https:\/\/hingelocks.com\/sk\/wp-json\/wp\/v2\/media?parent=3858"}],"wp:term":[{"taxonomy":"product_cat","embeddable":true,"href":"https:\/\/hingelocks.com\/sk\/wp-json\/wp\/v2\/product_cat?post=3858"},{"taxonomy":"product_tag","embeddable":true,"href":"https:\/\/hingelocks.com\/sk\/wp-json\/wp\/v2\/product_tag?post=3858"}],"curies":[{"name":"wp","href":"https:\/\/api.w.org\/{rel}","templated":true}]}}