{"id":3991,"date":"2024-07-14T17:56:49","date_gmt":"2024-07-14T09:56:49","guid":{"rendered":"https:\/\/hingelocks.com\/product\/hl062\/"},"modified":"2024-10-08T15:23:58","modified_gmt":"2024-10-08T07:23:58","slug":"hl062","status":"publish","type":"product","link":"https:\/\/hingelocks.com\/sk\/produkt\/hl062\/","title":{"rendered":"Hl062 Zinc Alloy Black Hinge Electric Panel Hinges"},"content":{"rendered":"<p><img decoding=\"async\" src=\"https:\/\/hingelocks.com\/wp-content\/uploads\/2024\/07\/2015528134032825EN01.jpg\" \/><\/p>\n<h2>\u0160pecifik\u00e1cie<\/h2>\n<p><img decoding=\"async\" class=\"w80\" src=\"https:\/\/hingelocks.com\/wp-content\/uploads\/2024\/07\/2015528134041519EN02.jpg\" \/><\/p>","protected":false},"excerpt":{"rendered":"<div class=\"name\">Funkcie<\/div>\n<p>\u25cf Materi\u00e1l: Zinkov\u00fd z\u00e1ves na tlakov\u00e9 liatie, k dispoz\u00edcii je nerezov\u00e1 oce\u013e a poniklovan\u00fd oce\u013eov\u00fd kol\u00edk<br \/>\n\u25cf Povrchov\u00e1 \u00faprava: \u010dierna pr\u00e1\u0161kov\u00e1 farba<br \/>\n\u25cf Pozn\u00e1mka: 180\u00b0 z\u00e1ves<\/p>\n<div class=\"name\">Materi\u00e1l<\/div>\n<p>\u25cf Zinkov\u00e1 zliatina<\/p>\n<div class=\"name\">Dokon\u010denie<\/div>\n<p>\u25cf Plastov\u00fd sprej<\/p>","protected":false},"featured_media":3994,"template":"","meta":{"_seopress_robots_primary_cat":"none","_seopress_titles_title":"","_seopress_titles_desc":"","_seopress_robots_index":"","_import_markdown_pro_load_document_selector":0,"_import_markdown_pro_submit_text_textarea":""},"product_cat":[53],"product_tag":[],"_links":{"self":[{"href":"https:\/\/hingelocks.com\/sk\/wp-json\/wp\/v2\/product\/3991"}],"collection":[{"href":"https:\/\/hingelocks.com\/sk\/wp-json\/wp\/v2\/product"}],"about":[{"href":"https:\/\/hingelocks.com\/sk\/wp-json\/wp\/v2\/types\/product"}],"wp:featuredmedia":[{"embeddable":true,"href":"https:\/\/hingelocks.com\/sk\/wp-json\/wp\/v2\/media\/3994"}],"wp:attachment":[{"href":"https:\/\/hingelocks.com\/sk\/wp-json\/wp\/v2\/media?parent=3991"}],"wp:term":[{"taxonomy":"product_cat","embeddable":true,"href":"https:\/\/hingelocks.com\/sk\/wp-json\/wp\/v2\/product_cat?post=3991"},{"taxonomy":"product_tag","embeddable":true,"href":"https:\/\/hingelocks.com\/sk\/wp-json\/wp\/v2\/product_tag?post=3991"}],"curies":[{"name":"wp","href":"https:\/\/api.w.org\/{rel}","templated":true}]}}