{"id":4016,"date":"2024-07-14T17:58:51","date_gmt":"2024-07-14T09:58:51","guid":{"rendered":"https:\/\/hingelocks.com\/product\/hl049\/"},"modified":"2024-10-08T15:01:08","modified_gmt":"2024-10-08T07:01:08","slug":"hl049","status":"publish","type":"product","link":"https:\/\/hingelocks.com\/sk\/produkt\/hl049\/","title":{"rendered":"100-stup\u0148ov\u00fd \u017eelezn\u00fd dvern\u00fd z\u00e1ves Hl049 Pru\u017einov\u00e9 z\u00e1vesy"},"content":{"rendered":"<p><img decoding=\"async\" src=\"https:\/\/hingelocks.com\/wp-content\/uploads\/2024\/07\/201552811334780EN01-scaled.jpg\" \/><\/p>\n<h2>\u0160pecifik\u00e1cie<\/h2>\n<p><img decoding=\"async\" class=\"w80\" src=\"https:\/\/hingelocks.com\/wp-content\/uploads\/2024\/07\/2015528113310726EN02.jpg\" \/><\/p>","protected":false},"excerpt":{"rendered":"<div class=\"name\">Funkcie<\/div>\n<p>\u25cf Material:Zinc plating steel hinge\uff0cnickel plating steel pin<br \/>\n\u25cf Povrchov\u00e1 \u00faprava: biely zinok<br \/>\n\u25cf Remark:100\u00b0hinge.<\/p>\n<div class=\"name\">Materi\u00e1l<\/div>\n<p>\u25cf A3<\/p>\n<div class=\"name\">Dokon\u010denie<\/div>\n<p>\u25cf Elektroplat\u0148a<\/p>","protected":false},"featured_media":4019,"template":"","meta":{"_seopress_robots_primary_cat":"none","_seopress_titles_title":"","_seopress_titles_desc":"","_seopress_robots_index":"","_import_markdown_pro_load_document_selector":0,"_import_markdown_pro_submit_text_textarea":""},"product_cat":[53],"product_tag":[],"_links":{"self":[{"href":"https:\/\/hingelocks.com\/sk\/wp-json\/wp\/v2\/product\/4016"}],"collection":[{"href":"https:\/\/hingelocks.com\/sk\/wp-json\/wp\/v2\/product"}],"about":[{"href":"https:\/\/hingelocks.com\/sk\/wp-json\/wp\/v2\/types\/product"}],"wp:featuredmedia":[{"embeddable":true,"href":"https:\/\/hingelocks.com\/sk\/wp-json\/wp\/v2\/media\/4019"}],"wp:attachment":[{"href":"https:\/\/hingelocks.com\/sk\/wp-json\/wp\/v2\/media?parent=4016"}],"wp:term":[{"taxonomy":"product_cat","embeddable":true,"href":"https:\/\/hingelocks.com\/sk\/wp-json\/wp\/v2\/product_cat?post=4016"},{"taxonomy":"product_tag","embeddable":true,"href":"https:\/\/hingelocks.com\/sk\/wp-json\/wp\/v2\/product_tag?post=4016"}],"curies":[{"name":"wp","href":"https:\/\/api.w.org\/{rel}","templated":true}]}}