{"id":4238,"date":"2024-07-14T18:10:12","date_gmt":"2024-07-14T10:10:12","guid":{"rendered":"https:\/\/hingelocks.com\/product\/hl139\/"},"modified":"2024-08-30T22:16:16","modified_gmt":"2024-08-30T14:16:16","slug":"hl139-zavesy-dveri-skrinky-90-stupnove-zavesy-dveri","status":"publish","type":"product","link":"https:\/\/hingelocks.com\/sk\/produkt\/hl139-zavesy-dveri-skrinky-90-stupnove-zavesy-dveri\/","title":{"rendered":"Hl139 Z\u00e1vesy dver\u00ed skrinky 90 stup\u0148ov\u00e9 z\u00e1vesy dver\u00ed"},"content":{"rendered":"<p><img decoding=\"async\" src=\"https:\/\/hingelocks.com\/wp-content\/uploads\/2024\/07\/2015528175521638EN01-scaled.jpg\" \/><\/p>\n<h2>\u0160pecifik\u00e1cie<\/h2>\n<p><img decoding=\"async\" class=\"w80\" src=\"https:\/\/hingelocks.com\/wp-content\/uploads\/2024\/07\/201565161746232EN02.jpg\" \/><\/p>","protected":false},"excerpt":{"rendered":"<div class=\"name\">Funkcie<\/div>\n<p>\u25cf Materi\u00e1l: Zinkov\u00fd odliatok oce\u013eov\u00e9ho z\u00e1vesu<br \/>\n\u25cf Dokon\u010denie: Matn\u00e1 \u010dierna<br \/>\n\u25cf Pozn\u00e1mky: 90\u00b0 z\u00e1ves<br \/>\n\u25cf<\/p>\n<div class=\"name\">Materi\u00e1l<\/div>\n<p>\u25cf Zinkov\u00e1 zliatina<\/p>\n<div class=\"name\">Dokon\u010denie<\/div>\n<p>\u25cf Plastov\u00fd sprej<\/p>","protected":false},"featured_media":4241,"template":"","meta":{"_seopress_robots_primary_cat":"none","_seopress_titles_title":"","_seopress_titles_desc":"","_seopress_robots_index":"","_import_markdown_pro_load_document_selector":0,"_import_markdown_pro_submit_text_textarea":""},"product_cat":[53],"product_tag":[],"_links":{"self":[{"href":"https:\/\/hingelocks.com\/sk\/wp-json\/wp\/v2\/product\/4238"}],"collection":[{"href":"https:\/\/hingelocks.com\/sk\/wp-json\/wp\/v2\/product"}],"about":[{"href":"https:\/\/hingelocks.com\/sk\/wp-json\/wp\/v2\/types\/product"}],"wp:featuredmedia":[{"embeddable":true,"href":"https:\/\/hingelocks.com\/sk\/wp-json\/wp\/v2\/media\/4241"}],"wp:attachment":[{"href":"https:\/\/hingelocks.com\/sk\/wp-json\/wp\/v2\/media?parent=4238"}],"wp:term":[{"taxonomy":"product_cat","embeddable":true,"href":"https:\/\/hingelocks.com\/sk\/wp-json\/wp\/v2\/product_cat?post=4238"},{"taxonomy":"product_tag","embeddable":true,"href":"https:\/\/hingelocks.com\/sk\/wp-json\/wp\/v2\/product_tag?post=4238"}],"curies":[{"name":"wp","href":"https:\/\/api.w.org\/{rel}","templated":true}]}}