{"id":4294,"date":"2024-07-14T18:13:02","date_gmt":"2024-07-14T10:13:02","guid":{"rendered":"https:\/\/hingelocks.com\/product\/hl126\/"},"modified":"2024-08-30T22:01:05","modified_gmt":"2024-08-30T14:01:05","slug":"hl126-zinc-alloy-180-degree-cabinet-door-hinge","status":"publish","type":"product","link":"https:\/\/hingelocks.com\/sk\/produkt\/hl126-zinc-alloy-180-degree-cabinet-door-hinge\/","title":{"rendered":"Hl126 Zinkov\u00e9 zliatiny 180 stup\u0148ov\u00fd z\u00e1ves dver\u00ed skrine"},"content":{"rendered":"<p><img src='https:\/\/hingelocks.com\/wp-content\/uploads\/2024\/07\/2015101293939919.jpg'><br \/><img src='https:\/\/hingelocks.com\/wp-content\/uploads\/2024\/07\/2015101293947504EN02.jpg'>                             <\/p>\n<h2>\u0160pecifik\u00e1cie<\/h2>\n<p>                                                      <img decoding=\"async\" src=\"https:\/\/hingelocks.com\/wp-content\/uploads\/2024\/07\/201510129400474EN03.jpg\" class=\"w80\"><\/p>","protected":false},"excerpt":{"rendered":"<div class=\"name\">Funkcie<\/div>\n<p>                                                           \u25cf Material:Zinc die-casting hinge,Zinc<br \/>\u25cf plating steel pin;<br \/>\u25cf Finish:Bright chrome plated<br \/>\u25cf Pozn\u00e1mka: 180\u00b0 z\u00e1ves                                                                  <\/p>\n<div class=\"name\">Materi\u00e1l<\/div>\n<p>                                                                    \u25cf Zinkov\u00e1 zliatina                                                                                    <\/p>\n<div class=\"name\">Dokon\u010denie<\/div>\n<p>                                                                    \u25cf Elektroplat\u0148a<\/p>","protected":false},"featured_media":4298,"template":"","meta":{"_seopress_robots_primary_cat":"","_seopress_titles_title":"","_seopress_titles_desc":"","_seopress_robots_index":"","_import_markdown_pro_load_document_selector":0,"_import_markdown_pro_submit_text_textarea":""},"product_cat":[53],"product_tag":[],"_links":{"self":[{"href":"https:\/\/hingelocks.com\/sk\/wp-json\/wp\/v2\/product\/4294"}],"collection":[{"href":"https:\/\/hingelocks.com\/sk\/wp-json\/wp\/v2\/product"}],"about":[{"href":"https:\/\/hingelocks.com\/sk\/wp-json\/wp\/v2\/types\/product"}],"wp:featuredmedia":[{"embeddable":true,"href":"https:\/\/hingelocks.com\/sk\/wp-json\/wp\/v2\/media\/4298"}],"wp:attachment":[{"href":"https:\/\/hingelocks.com\/sk\/wp-json\/wp\/v2\/media?parent=4294"}],"wp:term":[{"taxonomy":"product_cat","embeddable":true,"href":"https:\/\/hingelocks.com\/sk\/wp-json\/wp\/v2\/product_cat?post=4294"},{"taxonomy":"product_tag","embeddable":true,"href":"https:\/\/hingelocks.com\/sk\/wp-json\/wp\/v2\/product_tag?post=4294"}],"curies":[{"name":"wp","href":"https:\/\/api.w.org\/{rel}","templated":true}]}}