{"id":4320,"date":"2024-07-14T18:14:27","date_gmt":"2024-07-14T10:14:27","guid":{"rendered":"https:\/\/hingelocks.com\/product\/hl149\/"},"modified":"2024-08-30T21:53:17","modified_gmt":"2024-08-30T13:53:17","slug":"hl149-concealed-door-hinge-electrical-cabinet-spring-hinge-spring-latches","status":"publish","type":"product","link":"https:\/\/hingelocks.com\/sk\/produkt\/hl149-concealed-door-hinge-electrical-cabinet-spring-hinge-spring-latches\/","title":{"rendered":"Hl149 Skryt\u00fd z\u00e1ves dver\u00ed Elektrick\u00e1 skri\u0148a Pru\u017einov\u00fd z\u00e1ves Pru\u017einov\u00e9 z\u00e1padky"},"content":{"rendered":"<p><img decoding=\"async\" src=\"https:\/\/hingelocks.com\/wp-content\/uploads\/2024\/07\/2017726113325344.jpg\" \/><\/p>\n<h2>\u0160pecifik\u00e1cie<\/h2>\n<p><img decoding=\"async\" class=\"w80\" src=\"https:\/\/hingelocks.com\/wp-content\/uploads\/2024\/07\/2017726113336565EN02.jpg\" \/><\/p>","protected":false},"excerpt":{"rendered":"<div class=\"name\">Funkcie<\/div>\n<p>\u25cf Materi\u00e1l: zinkov\u00fd oce\u013eov\u00fd z\u00e1ves<br \/>\n\u25cf Povrchov\u00e1 \u00faprava: biely zinok<\/p>\n<div class=\"name\">Materi\u00e1l<\/div>\n<p>\u25cf A3<\/p>\n<div class=\"name\">Dokon\u010denie<\/div>\n<p>\u25cf Elektroplat\u0148a<\/p>","protected":false},"featured_media":4323,"template":"","meta":{"_seopress_robots_primary_cat":"none","_seopress_titles_title":"","_seopress_titles_desc":"","_seopress_robots_index":"","_import_markdown_pro_load_document_selector":0,"_import_markdown_pro_submit_text_textarea":""},"product_cat":[53],"product_tag":[],"_links":{"self":[{"href":"https:\/\/hingelocks.com\/sk\/wp-json\/wp\/v2\/product\/4320"}],"collection":[{"href":"https:\/\/hingelocks.com\/sk\/wp-json\/wp\/v2\/product"}],"about":[{"href":"https:\/\/hingelocks.com\/sk\/wp-json\/wp\/v2\/types\/product"}],"wp:featuredmedia":[{"embeddable":true,"href":"https:\/\/hingelocks.com\/sk\/wp-json\/wp\/v2\/media\/4323"}],"wp:attachment":[{"href":"https:\/\/hingelocks.com\/sk\/wp-json\/wp\/v2\/media?parent=4320"}],"wp:term":[{"taxonomy":"product_cat","embeddable":true,"href":"https:\/\/hingelocks.com\/sk\/wp-json\/wp\/v2\/product_cat?post=4320"},{"taxonomy":"product_tag","embeddable":true,"href":"https:\/\/hingelocks.com\/sk\/wp-json\/wp\/v2\/product_tag?post=4320"}],"curies":[{"name":"wp","href":"https:\/\/api.w.org\/{rel}","templated":true}]}}