{"id":4347,"date":"2024-07-14T18:15:19","date_gmt":"2024-07-14T10:15:19","guid":{"rendered":"https:\/\/hingelocks.com\/product\/hl210\/"},"modified":"2024-08-30T21:49:03","modified_gmt":"2024-08-30T13:49:03","slug":"hl210-zinc-alloy-rectangular-metal-folding-hinge-black-hinges","status":"publish","type":"product","link":"https:\/\/hingelocks.com\/sk\/produkt\/hl210-zinc-alloy-rectangular-metal-folding-hinge-black-hinges\/","title":{"rendered":"Hl210 Obd\u013a\u017enikov\u00fd kovov\u00fd skl\u00e1pac\u00ed z\u00e1ves zo zinkovej zliatiny \u010cierne z\u00e1vesy"},"content":{"rendered":"<p><img decoding=\"async\" src=\"https:\/\/hingelocks.com\/wp-content\/uploads\/2024\/07\/202221217435391-EN01.jpg\" \/><\/p>\n<h2>\u0160pecifik\u00e1cie<\/h2>\n<p><img decoding=\"async\" class=\"w80\" src=\"https:\/\/hingelocks.com\/wp-content\/uploads\/2024\/07\/EN02-8.jpg\" \/><\/p>","protected":false},"excerpt":{"rendered":"<div class=\"name\">Funkcie<\/div>\n<p>\u25cf Material: zinc alloy moving hinge, A3 material static hinge, stainless steel and carbon steel pin<br \/>\n\u25cf Povrchov\u00e1 \u00faprava: matn\u00e1 \u010dierna<br \/>\n\u25cf Rotate about 120 degrees<\/p>\n<div class=\"name\">Materi\u00e1l<\/div>\n<p>\u25cf Zinkov\u00e1 zliatina<\/p>\n<div class=\"name\">Dokon\u010denie<\/div>\n<p>\u25cf Plastov\u00fd sprej<\/p>","protected":false},"featured_media":4350,"template":"","meta":{"_seopress_robots_primary_cat":"none","_seopress_titles_title":"","_seopress_titles_desc":"","_seopress_robots_index":"","_import_markdown_pro_load_document_selector":0,"_import_markdown_pro_submit_text_textarea":""},"product_cat":[53],"product_tag":[],"_links":{"self":[{"href":"https:\/\/hingelocks.com\/sk\/wp-json\/wp\/v2\/product\/4347"}],"collection":[{"href":"https:\/\/hingelocks.com\/sk\/wp-json\/wp\/v2\/product"}],"about":[{"href":"https:\/\/hingelocks.com\/sk\/wp-json\/wp\/v2\/types\/product"}],"wp:featuredmedia":[{"embeddable":true,"href":"https:\/\/hingelocks.com\/sk\/wp-json\/wp\/v2\/media\/4350"}],"wp:attachment":[{"href":"https:\/\/hingelocks.com\/sk\/wp-json\/wp\/v2\/media?parent=4347"}],"wp:term":[{"taxonomy":"product_cat","embeddable":true,"href":"https:\/\/hingelocks.com\/sk\/wp-json\/wp\/v2\/product_cat?post=4347"},{"taxonomy":"product_tag","embeddable":true,"href":"https:\/\/hingelocks.com\/sk\/wp-json\/wp\/v2\/product_tag?post=4347"}],"curies":[{"name":"wp","href":"https:\/\/api.w.org\/{rel}","templated":true}]}}