{"id":4366,"date":"2024-07-14T18:16:23","date_gmt":"2024-07-14T10:16:23","guid":{"rendered":"https:\/\/hingelocks.com\/product\/hl216\/"},"modified":"2024-07-14T18:16:23","modified_gmt":"2024-07-14T10:16:23","slug":"hl216","status":"publish","type":"product","link":"https:\/\/hingelocks.com\/sk\/produkt\/hl216\/","title":{"rendered":"HL216"},"content":{"rendered":"<p><img decoding=\"async\" src=\"https:\/\/www.essentrahengzhu.comhttps:\/\/www.essentrahengzhu.com\/upload\/image\/20230307\/1678173194075064958.jpg\" title=\"1678173194075064958.jpg\" alt=\"\u5c3a\u5bf8_01.jpg\"\/><\/p>\n<h2>\u0160pecifik\u00e1cie<\/h2>\n<p>                                                      <img decoding=\"async\" src=\"https:\/\/www.essentrahengzhu.comhttps:\/\/www.essentrahengzhu.com\/upload\/product\/image\/20230307\/img-1678173217219638.jpg\" class=\"w80\"><\/p>","protected":false},"excerpt":{"rendered":"<div class=\"name\">Funkcie<\/div>\n<p>                                                           \u25cf Materi\u00e1l: Zinkov\u00fd z\u00e1ves, nerezov\u00e1 oce\u013e a poniklovan\u00fd oce\u013eov\u00fd kol\u00edk s\u00fa k dispoz\u00edcii, kryt zrkadlov\u00e9ho povrchu z nehrdzavej\u00facej ocele, mosadzn\u00e1 podlo\u017eka.<br \/>\u25cf Povrchov\u00e1 \u00faprava: chr\u00f3movanie pieskom\uff1b<br \/>\u25cf Pozn\u00e1mka: 180\u00b0 z\u00e1ves                                                                  <\/p>\n<div class=\"name\">Materi\u00e1l<\/div>\n<p>                                                                    \u25cf Zinkov\u00e1 zliatina                                                                                    <\/p>\n<div class=\"name\">Dokon\u010denie<\/div>\n<p>                                                                    \u25cf Elektroplat\u0148a<\/p>","protected":false},"featured_media":4367,"template":"","meta":{"_seopress_robots_primary_cat":"","_seopress_titles_title":"","_seopress_titles_desc":"","_seopress_robots_index":"","_import_markdown_pro_load_document_selector":0,"_import_markdown_pro_submit_text_textarea":""},"product_cat":[53],"product_tag":[],"_links":{"self":[{"href":"https:\/\/hingelocks.com\/sk\/wp-json\/wp\/v2\/product\/4366"}],"collection":[{"href":"https:\/\/hingelocks.com\/sk\/wp-json\/wp\/v2\/product"}],"about":[{"href":"https:\/\/hingelocks.com\/sk\/wp-json\/wp\/v2\/types\/product"}],"wp:featuredmedia":[{"embeddable":true,"href":"https:\/\/hingelocks.com\/sk\/wp-json\/wp\/v2\/media\/4367"}],"wp:attachment":[{"href":"https:\/\/hingelocks.com\/sk\/wp-json\/wp\/v2\/media?parent=4366"}],"wp:term":[{"taxonomy":"product_cat","embeddable":true,"href":"https:\/\/hingelocks.com\/sk\/wp-json\/wp\/v2\/product_cat?post=4366"},{"taxonomy":"product_tag","embeddable":true,"href":"https:\/\/hingelocks.com\/sk\/wp-json\/wp\/v2\/product_tag?post=4366"}],"curies":[{"name":"wp","href":"https:\/\/api.w.org\/{rel}","templated":true}]}}