{"id":4370,"date":"2024-07-14T18:16:23","date_gmt":"2024-07-14T10:16:23","guid":{"rendered":"https:\/\/hingelocks.com\/product\/hl300z\/"},"modified":"2024-08-30T21:43:35","modified_gmt":"2024-08-30T13:43:35","slug":"hl300z-adjustable-torque-position-control-hinges-friction-stay-hinge","status":"publish","type":"product","link":"https:\/\/hingelocks.com\/sk\/produkt\/hl300z-adjustable-torque-position-control-hinges-friction-stay-hinge\/","title":{"rendered":"Hl300z Nastavite\u013en\u00e9 z\u00e1vesy s regul\u00e1ciou kr\u00fatiaceho momentu"},"content":{"rendered":"<p><img src='https:\/\/hingelocks.com\/wp-content\/uploads\/2024\/07\/2021127142915476.jpg'><br \/><img src='https:\/\/hingelocks.com\/wp-content\/uploads\/2024\/07\/2021127142927259.jpg'>                             <\/p>\n<h2>\u0160pecifik\u00e1cie<\/h2>\n<p>                                                      <img decoding=\"async\" src=\"https:\/\/hingelocks.com\/wp-content\/uploads\/2024\/07\/2021127142932762EN03.jpg\" class=\"w80\"><\/p>","protected":false},"excerpt":{"rendered":"<div class=\"name\">Funkcie<\/div>\n<p>                                                           \u25cf Materi\u00e1l: Zinkov\u00fd z\u00e1ves na tlakov\u00e9 liatie, k dispoz\u00edcii je nerezov\u00e1 oce\u013e a poniklovan\u00fd oce\u013eov\u00fd kol\u00edk<br \/>\u25cf \u0160trukt\u00fara a funkcia: 2 Nm<br \/>\u25cf symetrick\u00fd kr\u00fatiaci moment, \u0161pecifik\u00e1cia statick\u00e9ho kr\u00fatiaceho momentu \u00b1 20% viac ako 25 000-kr\u00e1t \u017eivotnos\u0165 cyklu V\u013eavo aj vpravo pou\u017eite\u013en\u00e9 So skrutkou M5 na mont\u00e1\u017e<br \/>\u25cf Dokon\u010denie: Pochr\u00f3movanie<br \/>\u25cf Pozn\u00e1mka:2                                                                  <\/p>\n<div class=\"name\">Materi\u00e1l<\/div>\n<p>                                                                    \u25cf Zinkov\u00e1 zliatina                                                                                    <\/p>\n<div class=\"name\">Dokon\u010denie<\/div>\n<p>                                                                    \u25cf Plastov\u00fd sprej<\/p>","protected":false},"featured_media":4374,"template":"","meta":{"_seopress_robots_primary_cat":"","_seopress_titles_title":"","_seopress_titles_desc":"","_seopress_robots_index":"","_import_markdown_pro_load_document_selector":0,"_import_markdown_pro_submit_text_textarea":""},"product_cat":[53],"product_tag":[],"_links":{"self":[{"href":"https:\/\/hingelocks.com\/sk\/wp-json\/wp\/v2\/product\/4370"}],"collection":[{"href":"https:\/\/hingelocks.com\/sk\/wp-json\/wp\/v2\/product"}],"about":[{"href":"https:\/\/hingelocks.com\/sk\/wp-json\/wp\/v2\/types\/product"}],"wp:featuredmedia":[{"embeddable":true,"href":"https:\/\/hingelocks.com\/sk\/wp-json\/wp\/v2\/media\/4374"}],"wp:attachment":[{"href":"https:\/\/hingelocks.com\/sk\/wp-json\/wp\/v2\/media?parent=4370"}],"wp:term":[{"taxonomy":"product_cat","embeddable":true,"href":"https:\/\/hingelocks.com\/sk\/wp-json\/wp\/v2\/product_cat?post=4370"},{"taxonomy":"product_tag","embeddable":true,"href":"https:\/\/hingelocks.com\/sk\/wp-json\/wp\/v2\/product_tag?post=4370"}],"curies":[{"name":"wp","href":"https:\/\/api.w.org\/{rel}","templated":true}]}}