{"id":3770,"date":"2024-07-14T17:42:20","date_gmt":"2024-07-14T09:42:20","guid":{"rendered":"https:\/\/hingelocks.com\/product\/hl017\/"},"modified":"2024-07-14T17:43:04","modified_gmt":"2024-07-14T09:43:04","slug":"hl017","status":"publish","type":"product","link":"https:\/\/hingelocks.com\/sv\/produkt\/hl017\/","title":{"rendered":"HL017"},"content":{"rendered":"<p><img src='https:\/\/hingelocks.com\/wp-content\/uploads\/2024\/07\/201552893036471EN01.jpg'>                             <\/p>\n<h2>Specifikationer<\/h2>\n<p>                                                      <img decoding=\"async\" src=\"https:\/\/hingelocks.com\/wp-content\/uploads\/2024\/07\/201552893043390EN02.jpg\" class=\"w80\"><\/p>","protected":false},"excerpt":{"rendered":"<div class=\"name\">Funktioner<\/div>\n<p>                                                           \u25cf Material: G\u00e5ngj\u00e4rn i zinkgjutning, rostfritt st\u00e5l och nickelpl\u00e4terat st\u00e5lstift finns tillg\u00e4ngliga<br \/>\u25cf Anm\u00e4rkning: 180\u00b0 g\u00e5ngj\u00e4rn                                                                  <\/p>\n<div class=\"name\">Material<\/div>\n<p>                                                                    \u25cf Zinklegering                                                                                    <\/p>\n<div class=\"name\">Avsluta<\/div>\n<p>                                                                    \u25cf Plastspray<\/p>","protected":false},"featured_media":3773,"template":"","meta":{"_seopress_robots_primary_cat":"","_seopress_titles_title":"","_seopress_titles_desc":"","_seopress_robots_index":"","_import_markdown_pro_load_document_selector":0,"_import_markdown_pro_submit_text_textarea":""},"product_cat":[53],"product_tag":[],"_links":{"self":[{"href":"https:\/\/hingelocks.com\/sv\/wp-json\/wp\/v2\/product\/3770"}],"collection":[{"href":"https:\/\/hingelocks.com\/sv\/wp-json\/wp\/v2\/product"}],"about":[{"href":"https:\/\/hingelocks.com\/sv\/wp-json\/wp\/v2\/types\/product"}],"wp:featuredmedia":[{"embeddable":true,"href":"https:\/\/hingelocks.com\/sv\/wp-json\/wp\/v2\/media\/3773"}],"wp:attachment":[{"href":"https:\/\/hingelocks.com\/sv\/wp-json\/wp\/v2\/media?parent=3770"}],"wp:term":[{"taxonomy":"product_cat","embeddable":true,"href":"https:\/\/hingelocks.com\/sv\/wp-json\/wp\/v2\/product_cat?post=3770"},{"taxonomy":"product_tag","embeddable":true,"href":"https:\/\/hingelocks.com\/sv\/wp-json\/wp\/v2\/product_tag?post=3770"}],"curies":[{"name":"wp","href":"https:\/\/api.w.org\/{rel}","templated":true}]}}