{"id":3895,"date":"2024-07-14T17:52:34","date_gmt":"2024-07-14T09:52:34","guid":{"rendered":"https:\/\/hingelocks.com\/product\/hl033\/"},"modified":"2024-10-14T18:57:07","modified_gmt":"2024-10-14T10:57:07","slug":"hl033","status":"publish","type":"product","link":"https:\/\/hingelocks.com\/sv\/produkt\/hl033\/","title":{"rendered":"Hl033 Rektangul\u00e4rt vikbart g\u00e5ngj\u00e4rn i metall Svarta g\u00e5ngj\u00e4rn f\u00f6r elsk\u00e5p"},"content":{"rendered":"<p><img decoding=\"async\" src=\"https:\/\/hingelocks.com\/wp-content\/uploads\/2024\/07\/2015528103844529EN01.jpg\" \/><\/p>\n<h2>Specifikationer<\/h2>\n<p><img decoding=\"async\" class=\"w80\" src=\"https:\/\/hingelocks.com\/wp-content\/uploads\/2024\/07\/2015528103850982EN02.jpg\" \/><\/p>","protected":false},"excerpt":{"rendered":"<div class=\"name\">Funktioner<\/div>\n<p>\u25cf Material: G\u00e5ngj\u00e4rn i zinkgjutning, rostfritt st\u00e5l och nickelpl\u00e4terat st\u00e5lstift finns tillg\u00e4ngliga<br \/>\n\u25cf Ytbehandling: Svart pulverlackerad<br \/>\n\u25cf Anm\u00e4rkning: 180\u00b0 g\u00e5ngj\u00e4rn<\/p>\n<div class=\"name\">Material<\/div>\n<p>\u25cf Zinklegering<\/p>\n<div class=\"name\">Avsluta<\/div>\n<p>\u25cf Plastspray<\/p>","protected":false},"featured_media":3898,"template":"","meta":{"_seopress_robots_primary_cat":"none","_seopress_titles_title":"","_seopress_titles_desc":"","_seopress_robots_index":"","_import_markdown_pro_load_document_selector":0,"_import_markdown_pro_submit_text_textarea":""},"product_cat":[53],"product_tag":[],"_links":{"self":[{"href":"https:\/\/hingelocks.com\/sv\/wp-json\/wp\/v2\/product\/3895"}],"collection":[{"href":"https:\/\/hingelocks.com\/sv\/wp-json\/wp\/v2\/product"}],"about":[{"href":"https:\/\/hingelocks.com\/sv\/wp-json\/wp\/v2\/types\/product"}],"wp:featuredmedia":[{"embeddable":true,"href":"https:\/\/hingelocks.com\/sv\/wp-json\/wp\/v2\/media\/3898"}],"wp:attachment":[{"href":"https:\/\/hingelocks.com\/sv\/wp-json\/wp\/v2\/media?parent=3895"}],"wp:term":[{"taxonomy":"product_cat","embeddable":true,"href":"https:\/\/hingelocks.com\/sv\/wp-json\/wp\/v2\/product_cat?post=3895"},{"taxonomy":"product_tag","embeddable":true,"href":"https:\/\/hingelocks.com\/sv\/wp-json\/wp\/v2\/product_tag?post=3895"}],"curies":[{"name":"wp","href":"https:\/\/api.w.org\/{rel}","templated":true}]}}