{"id":4056,"date":"2024-07-14T18:01:28","date_gmt":"2024-07-14T10:01:28","guid":{"rendered":"https:\/\/hingelocks.com\/product\/hl067\/"},"modified":"2024-09-04T22:04:58","modified_gmt":"2024-09-04T14:04:58","slug":"hl067-welding-iron-hinges","status":"publish","type":"product","link":"https:\/\/hingelocks.com\/sv\/produkt\/hl067-welding-iron-hinges\/","title":{"rendered":"Hl067 Welding Iron Hinges"},"content":{"rendered":"<p><img decoding=\"async\" src=\"https:\/\/hingelocks.com\/wp-content\/uploads\/2024\/07\/201552814830646EN01.jpg\" \/><\/p>\n<h2>Specifikationer<\/h2>\n<p><img decoding=\"async\" class=\"w80\" src=\"https:\/\/hingelocks.com\/wp-content\/uploads\/2024\/07\/201552814836606EN02.jpg\" \/><\/p>","protected":false},"excerpt":{"rendered":"<div class=\"name\">Funktioner<\/div>\n<p>Material: g\u00e5ngj\u00e4rn av zinkpl\u00e4terat st\u00e5l<br \/>\n\u25cf Ytbehandling: vitf\u00f6rzinkning<br \/>\n\u25cf Anm\u00e4rkning:120\u00b0hinge<\/p>\n<div class=\"name\">Material<\/div>\n<p>\u25cf A3<\/p>\n<div class=\"name\">Avsluta<\/div>\n<p>\u25cf Elektropl\u00e5t<\/p>","protected":false},"featured_media":4059,"template":"","meta":{"_seopress_robots_primary_cat":"none","_seopress_titles_title":"","_seopress_titles_desc":"","_seopress_robots_index":"","_import_markdown_pro_load_document_selector":0,"_import_markdown_pro_submit_text_textarea":""},"product_cat":[53],"product_tag":[],"_links":{"self":[{"href":"https:\/\/hingelocks.com\/sv\/wp-json\/wp\/v2\/product\/4056"}],"collection":[{"href":"https:\/\/hingelocks.com\/sv\/wp-json\/wp\/v2\/product"}],"about":[{"href":"https:\/\/hingelocks.com\/sv\/wp-json\/wp\/v2\/types\/product"}],"wp:featuredmedia":[{"embeddable":true,"href":"https:\/\/hingelocks.com\/sv\/wp-json\/wp\/v2\/media\/4059"}],"wp:attachment":[{"href":"https:\/\/hingelocks.com\/sv\/wp-json\/wp\/v2\/media?parent=4056"}],"wp:term":[{"taxonomy":"product_cat","embeddable":true,"href":"https:\/\/hingelocks.com\/sv\/wp-json\/wp\/v2\/product_cat?post=4056"},{"taxonomy":"product_tag","embeddable":true,"href":"https:\/\/hingelocks.com\/sv\/wp-json\/wp\/v2\/product_tag?post=4056"}],"curies":[{"name":"wp","href":"https:\/\/api.w.org\/{rel}","templated":true}]}}