{"id":4089,"date":"2024-07-14T18:03:33","date_gmt":"2024-07-14T10:03:33","guid":{"rendered":"https:\/\/hingelocks.com\/product\/hl082\/"},"modified":"2024-09-04T21:53:24","modified_gmt":"2024-09-04T13:53:24","slug":"hl082","status":"publish","type":"product","link":"https:\/\/hingelocks.com\/sv\/produkt\/hl082\/","title":{"rendered":"120 graders industriellt g\u00e5ngj\u00e4rn Hl082 elektriska h\u00f6rng\u00e5ngj\u00e4rn f\u00f6r sk\u00e5p"},"content":{"rendered":"<p><img decoding=\"async\" src=\"https:\/\/hingelocks.com\/wp-content\/uploads\/2024\/07\/2019125114638417.jpg\" \/><br \/>\n<img decoding=\"async\" src=\"https:\/\/hingelocks.com\/wp-content\/uploads\/2024\/07\/2019122018222417EN02.jpg\" \/><\/p>\n<h2>Specifikationer<\/h2>\n<p><img decoding=\"async\" class=\"w80\" src=\"https:\/\/hingelocks.com\/wp-content\/uploads\/2024\/07\/2015528145046566EN03.jpg\" \/><\/p>","protected":false},"excerpt":{"rendered":"<div class=\"name\">Funktioner<\/div>\n<p>\u25cf Material: F\u00f6rzinkat st\u00e5l och rostfritt st\u00e5l finns tillg\u00e4ngliga<br \/>\n\u25cf Avsluta: ritning<br \/>\n\u25cf Anm\u00e4rkning:120\u00b0hinge<\/p>\n<div class=\"name\">Material<\/div>\n<p>\u25cf A3<\/p>\n<div class=\"name\">Avsluta<\/div>","protected":false},"featured_media":4093,"template":"","meta":{"_seopress_robots_primary_cat":"none","_seopress_titles_title":"","_seopress_titles_desc":"","_seopress_robots_index":"","_import_markdown_pro_load_document_selector":0,"_import_markdown_pro_submit_text_textarea":""},"product_cat":[53],"product_tag":[],"_links":{"self":[{"href":"https:\/\/hingelocks.com\/sv\/wp-json\/wp\/v2\/product\/4089"}],"collection":[{"href":"https:\/\/hingelocks.com\/sv\/wp-json\/wp\/v2\/product"}],"about":[{"href":"https:\/\/hingelocks.com\/sv\/wp-json\/wp\/v2\/types\/product"}],"wp:featuredmedia":[{"embeddable":true,"href":"https:\/\/hingelocks.com\/sv\/wp-json\/wp\/v2\/media\/4093"}],"wp:attachment":[{"href":"https:\/\/hingelocks.com\/sv\/wp-json\/wp\/v2\/media?parent=4089"}],"wp:term":[{"taxonomy":"product_cat","embeddable":true,"href":"https:\/\/hingelocks.com\/sv\/wp-json\/wp\/v2\/product_cat?post=4089"},{"taxonomy":"product_tag","embeddable":true,"href":"https:\/\/hingelocks.com\/sv\/wp-json\/wp\/v2\/product_tag?post=4089"}],"curies":[{"name":"wp","href":"https:\/\/api.w.org\/{rel}","templated":true}]}}