{"id":4165,"date":"2024-07-14T18:06:01","date_gmt":"2024-07-14T10:06:01","guid":{"rendered":"https:\/\/hingelocks.com\/product\/hl088\/"},"modified":"2024-09-04T16:43:16","modified_gmt":"2024-09-04T08:43:16","slug":"hl088-electrical-cabinet-hinge-damping-hinge","status":"publish","type":"product","link":"https:\/\/hingelocks.com\/sv\/produkt\/hl088-electrical-cabinet-hinge-damping-hinge\/","title":{"rendered":"Hl088 Electrical Cabinet Hinge Damping Hinge"},"content":{"rendered":"<p><img decoding=\"async\" src=\"https:\/\/hingelocks.com\/wp-content\/uploads\/2024\/07\/2015528153035202.jpg\" \/><br \/>\n<img decoding=\"async\" src=\"https:\/\/hingelocks.com\/wp-content\/uploads\/2024\/07\/2015528153041836.jpg\" \/><\/p>\n<h2>Specifikationer<\/h2>\n<p><img decoding=\"async\" class=\"w80\" src=\"https:\/\/hingelocks.com\/wp-content\/uploads\/2024\/07\/2017928111651658EN03.jpg\" \/><\/p>","protected":false},"excerpt":{"rendered":"<div class=\"name\">Funktioner<\/div>\n<p>Material: g\u00e5ngj\u00e4rn i zinkgjutning, rostfritt st\u00e5l och nickelpl\u00e4teringsst\u00e5lstift finns tillg\u00e4ngliga<br \/>\n\u25cf Finish: Gray chrome plating<br \/>\n\u25cf Remark:100\u00b0hinge<\/p>\n<div class=\"name\">Material<\/div>\n<p>\u25cf Zinklegering<\/p>\n<div class=\"name\">Avsluta<\/div>\n<p>\u25cf Elektropl\u00e5t<\/p>","protected":false},"featured_media":4169,"template":"","meta":{"_seopress_robots_primary_cat":"none","_seopress_titles_title":"","_seopress_titles_desc":"","_seopress_robots_index":"","_import_markdown_pro_load_document_selector":0,"_import_markdown_pro_submit_text_textarea":""},"product_cat":[53],"product_tag":[],"_links":{"self":[{"href":"https:\/\/hingelocks.com\/sv\/wp-json\/wp\/v2\/product\/4165"}],"collection":[{"href":"https:\/\/hingelocks.com\/sv\/wp-json\/wp\/v2\/product"}],"about":[{"href":"https:\/\/hingelocks.com\/sv\/wp-json\/wp\/v2\/types\/product"}],"wp:featuredmedia":[{"embeddable":true,"href":"https:\/\/hingelocks.com\/sv\/wp-json\/wp\/v2\/media\/4169"}],"wp:attachment":[{"href":"https:\/\/hingelocks.com\/sv\/wp-json\/wp\/v2\/media?parent=4165"}],"wp:term":[{"taxonomy":"product_cat","embeddable":true,"href":"https:\/\/hingelocks.com\/sv\/wp-json\/wp\/v2\/product_cat?post=4165"},{"taxonomy":"product_tag","embeddable":true,"href":"https:\/\/hingelocks.com\/sv\/wp-json\/wp\/v2\/product_tag?post=4165"}],"curies":[{"name":"wp","href":"https:\/\/api.w.org\/{rel}","templated":true}]}}