{"id":4182,"date":"2024-07-14T18:07:17","date_gmt":"2024-07-14T10:07:17","guid":{"rendered":"https:\/\/hingelocks.com\/product\/hl091\/"},"modified":"2024-08-30T22:39:46","modified_gmt":"2024-08-30T14:39:46","slug":"180-degree-plastic-hinge-machine-doors-lids-take-apart-shutter-door-hinge-hl091","status":"publish","type":"product","link":"https:\/\/hingelocks.com\/sv\/produkt\/180-degree-plastic-hinge-machine-doors-lids-take-apart-shutter-door-hinge-hl091\/","title":{"rendered":"180 graders plastg\u00e5ngj\u00e4rn Maskin D\u00f6rrar Lock Ta is\u00e4r Slutard\u00f6rrg\u00e5ngj\u00e4rn Hl091"},"content":{"rendered":"<p><img decoding=\"async\" src=\"https:\/\/hingelocks.com\/wp-content\/uploads\/2024\/07\/2015528153634817.jpg\" \/><br \/>\n<img decoding=\"async\" src=\"https:\/\/hingelocks.com\/wp-content\/uploads\/2024\/07\/2015528153715857.jpg\" \/><\/p>\n<h2>Specifikationer<\/h2>\n<p><img decoding=\"async\" class=\"w80\" src=\"https:\/\/hingelocks.com\/wp-content\/uploads\/2024\/07\/2015528153722137EN02.jpg\" \/><\/p>","protected":false},"excerpt":{"rendered":"<div class=\"name\">Funktioner<\/div>\n<p>\u25cf Material: PA-6 g\u00e5ngj\u00e4rn<br \/>\n\u25cf Ytbehandling:Matt svart<br \/>\n\u25cf Anm\u00e4rkning: 180\u00b0 dominerande g\u00e5ngj\u00e4rn f\u00f6r b\u00e5de v\u00e4nster och h\u00f6ger anv\u00e4ndning<\/p>\n<div class=\"name\">Material<\/div>\n<p>\u25cf Plast<\/p>\n<div class=\"name\">Avsluta<\/div>\n<p>\u25cf Plastspray<\/p>","protected":false},"featured_media":4186,"template":"","meta":{"_seopress_robots_primary_cat":"none","_seopress_titles_title":"","_seopress_titles_desc":"","_seopress_robots_index":"","_import_markdown_pro_load_document_selector":0,"_import_markdown_pro_submit_text_textarea":""},"product_cat":[53],"product_tag":[],"_links":{"self":[{"href":"https:\/\/hingelocks.com\/sv\/wp-json\/wp\/v2\/product\/4182"}],"collection":[{"href":"https:\/\/hingelocks.com\/sv\/wp-json\/wp\/v2\/product"}],"about":[{"href":"https:\/\/hingelocks.com\/sv\/wp-json\/wp\/v2\/types\/product"}],"wp:featuredmedia":[{"embeddable":true,"href":"https:\/\/hingelocks.com\/sv\/wp-json\/wp\/v2\/media\/4186"}],"wp:attachment":[{"href":"https:\/\/hingelocks.com\/sv\/wp-json\/wp\/v2\/media?parent=4182"}],"wp:term":[{"taxonomy":"product_cat","embeddable":true,"href":"https:\/\/hingelocks.com\/sv\/wp-json\/wp\/v2\/product_cat?post=4182"},{"taxonomy":"product_tag","embeddable":true,"href":"https:\/\/hingelocks.com\/sv\/wp-json\/wp\/v2\/product_tag?post=4182"}],"curies":[{"name":"wp","href":"https:\/\/api.w.org\/{rel}","templated":true}]}}