{"id":4200,"date":"2024-07-14T18:07:53","date_gmt":"2024-07-14T10:07:53","guid":{"rendered":"https:\/\/hingelocks.com\/product\/hl127\/"},"modified":"2024-08-30T22:21:25","modified_gmt":"2024-08-30T14:21:25","slug":"hl127-180-graders-gangjarn-i-plast-for-godtycklig-positionering","status":"publish","type":"product","link":"https:\/\/hingelocks.com\/sv\/produkt\/hl127-180-graders-gangjarn-i-plast-for-godtycklig-positionering\/","title":{"rendered":"Hl127 180 graders plastg\u00e5ngj\u00e4rn f\u00f6r godtycklig positionering"},"content":{"rendered":"<p><img src='https:\/\/hingelocks.com\/wp-content\/uploads\/2024\/07\/201552817210453EN01.jpg'>                             <\/p>\n<h2>Specifikationer<\/h2>\n<p>                                                      <img decoding=\"async\" src=\"https:\/\/hingelocks.com\/wp-content\/uploads\/2024\/07\/201552817219617EN02.jpg\" class=\"w80\"><\/p>","protected":false},"excerpt":{"rendered":"<div class=\"name\">Funktioner<\/div>\n<p>                                                           \u25cf Material: PA6 g\u00e5ngj\u00e4rn \u3001 Zinkpl\u00e4terat st\u00e5l Skruv<br \/>\u25cf Ytbehandling: Matt svart<br \/>\u25cf Funktion: justerbar momentjustering av sexkantbult<br \/>\u25cf Anm\u00e4rkning: 180\u00b0 g\u00e5ngj\u00e4rn<br \/>\u25cf                                                                   <\/p>\n<div class=\"name\">Material<\/div>\n<p>                                                                    \u25cf Plast                                                                                    <\/p>\n<div class=\"name\">Avsluta<\/div>\n<p>                                                                    \u25cf Plastspray<\/p>","protected":false},"featured_media":4203,"template":"","meta":{"_seopress_robots_primary_cat":"","_seopress_titles_title":"","_seopress_titles_desc":"","_seopress_robots_index":"","_import_markdown_pro_load_document_selector":0,"_import_markdown_pro_submit_text_textarea":""},"product_cat":[53],"product_tag":[],"_links":{"self":[{"href":"https:\/\/hingelocks.com\/sv\/wp-json\/wp\/v2\/product\/4200"}],"collection":[{"href":"https:\/\/hingelocks.com\/sv\/wp-json\/wp\/v2\/product"}],"about":[{"href":"https:\/\/hingelocks.com\/sv\/wp-json\/wp\/v2\/types\/product"}],"wp:featuredmedia":[{"embeddable":true,"href":"https:\/\/hingelocks.com\/sv\/wp-json\/wp\/v2\/media\/4203"}],"wp:attachment":[{"href":"https:\/\/hingelocks.com\/sv\/wp-json\/wp\/v2\/media?parent=4200"}],"wp:term":[{"taxonomy":"product_cat","embeddable":true,"href":"https:\/\/hingelocks.com\/sv\/wp-json\/wp\/v2\/product_cat?post=4200"},{"taxonomy":"product_tag","embeddable":true,"href":"https:\/\/hingelocks.com\/sv\/wp-json\/wp\/v2\/product_tag?post=4200"}],"curies":[{"name":"wp","href":"https:\/\/api.w.org\/{rel}","templated":true}]}}