{"id":4216,"date":"2024-07-14T18:08:19","date_gmt":"2024-07-14T10:08:19","guid":{"rendered":"https:\/\/hingelocks.com\/product\/hl133\/"},"modified":"2024-08-30T22:29:36","modified_gmt":"2024-08-30T14:29:36","slug":"hl133-countersunk-mount-hinge","status":"publish","type":"product","link":"https:\/\/hingelocks.com\/sv\/produkt\/hl133-countersunk-mount-hinge\/","title":{"rendered":"HL133 G\u00e5ngj\u00e4rn f\u00f6r f\u00f6rs\u00e4nkt montering"},"content":{"rendered":"<p><img decoding=\"async\" src=\"https:\/\/hingelocks.com\/wp-content\/uploads\/2024\/07\/2019125133437428EN01-scaled.jpg\" \/><\/p>\n<h2>Specifikationer<\/h2>\n<p><img decoding=\"async\" class=\"w80\" src=\"https:\/\/hingelocks.com\/wp-content\/uploads\/2024\/07\/2019125133448933EN02.jpg\" \/><\/p>","protected":false},"excerpt":{"rendered":"<div class=\"name\">Funktioner<\/div>\n<p>\u25cf Material: zinc alloy hinge,steel for the pin.<br \/>\n\u25cf Finish: matt black.<br \/>\n\u25cf Anm\u00e4rkning: 180\u00b0 g\u00e5ngj\u00e4rn.<\/p>\n<div class=\"name\">Material<\/div>\n<p>\u25cf Zinklegering<\/p>\n<div class=\"name\">Avsluta<\/div>\n<p>\u25cf Plastspray<\/p>","protected":false},"featured_media":4219,"template":"","meta":{"_seopress_robots_primary_cat":"none","_seopress_titles_title":"","_seopress_titles_desc":"","_seopress_robots_index":"","_import_markdown_pro_load_document_selector":0,"_import_markdown_pro_submit_text_textarea":""},"product_cat":[53],"product_tag":[],"_links":{"self":[{"href":"https:\/\/hingelocks.com\/sv\/wp-json\/wp\/v2\/product\/4216"}],"collection":[{"href":"https:\/\/hingelocks.com\/sv\/wp-json\/wp\/v2\/product"}],"about":[{"href":"https:\/\/hingelocks.com\/sv\/wp-json\/wp\/v2\/types\/product"}],"wp:featuredmedia":[{"embeddable":true,"href":"https:\/\/hingelocks.com\/sv\/wp-json\/wp\/v2\/media\/4219"}],"wp:attachment":[{"href":"https:\/\/hingelocks.com\/sv\/wp-json\/wp\/v2\/media?parent=4216"}],"wp:term":[{"taxonomy":"product_cat","embeddable":true,"href":"https:\/\/hingelocks.com\/sv\/wp-json\/wp\/v2\/product_cat?post=4216"},{"taxonomy":"product_tag","embeddable":true,"href":"https:\/\/hingelocks.com\/sv\/wp-json\/wp\/v2\/product_tag?post=4216"}],"curies":[{"name":"wp","href":"https:\/\/api.w.org\/{rel}","templated":true}]}}