{"id":4286,"date":"2024-07-14T18:12:48","date_gmt":"2024-07-14T10:12:48","guid":{"rendered":"https:\/\/hingelocks.com\/product\/hl124-2\/"},"modified":"2024-08-30T22:03:30","modified_gmt":"2024-08-30T14:03:30","slug":"hl124-2-torque-zinc-alloy-hinges-for-cabinet-damping-hinge","status":"publish","type":"product","link":"https:\/\/hingelocks.com\/sv\/produkt\/hl124-2-torque-zinc-alloy-hinges-for-cabinet-damping-hinge\/","title":{"rendered":"Hl124-2 vridmoment g\u00e5ngj\u00e4rn i zinklegering f\u00f6r d\u00e4mpande g\u00e5ngj\u00e4rn f\u00f6r sk\u00e5p"},"content":{"rendered":"<p><img src='https:\/\/hingelocks.com\/wp-content\/uploads\/2024\/07\/2016123174114226.jpg'>                             <\/p>\n<h2>Specifikationer<\/h2>\n<p>                                                      <img decoding=\"async\" src=\"https:\/\/hingelocks.com\/wp-content\/uploads\/2024\/07\/2015102783736763EN02.jpg\" class=\"w80\"><\/p>","protected":false},"excerpt":{"rendered":"<div class=\"name\">Funktioner<\/div>\n<p>                                                           \u25cf Material: zinc alloy hinge,steel pin<br \/>\u25cf Finish: the color<br \/>\u25cf Structural function: 2Nm symmetrical torque<br \/>\u25cf Remark: friction hinge 180\u00b0hinge                                                                   <\/p>\n<div class=\"name\">Material<\/div>\n<p>                                                                    \u25cf Zinklegering                                                                                    <\/p>\n<div class=\"name\">Avsluta<\/div>\n<p>                                                                    \u25cf Plastspray<\/p>","protected":false},"featured_media":4289,"template":"","meta":{"_seopress_robots_primary_cat":"","_seopress_titles_title":"","_seopress_titles_desc":"","_seopress_robots_index":"","_import_markdown_pro_load_document_selector":0,"_import_markdown_pro_submit_text_textarea":""},"product_cat":[53],"product_tag":[],"_links":{"self":[{"href":"https:\/\/hingelocks.com\/sv\/wp-json\/wp\/v2\/product\/4286"}],"collection":[{"href":"https:\/\/hingelocks.com\/sv\/wp-json\/wp\/v2\/product"}],"about":[{"href":"https:\/\/hingelocks.com\/sv\/wp-json\/wp\/v2\/types\/product"}],"wp:featuredmedia":[{"embeddable":true,"href":"https:\/\/hingelocks.com\/sv\/wp-json\/wp\/v2\/media\/4289"}],"wp:attachment":[{"href":"https:\/\/hingelocks.com\/sv\/wp-json\/wp\/v2\/media?parent=4286"}],"wp:term":[{"taxonomy":"product_cat","embeddable":true,"href":"https:\/\/hingelocks.com\/sv\/wp-json\/wp\/v2\/product_cat?post=4286"},{"taxonomy":"product_tag","embeddable":true,"href":"https:\/\/hingelocks.com\/sv\/wp-json\/wp\/v2\/product_tag?post=4286"}],"curies":[{"name":"wp","href":"https:\/\/api.w.org\/{rel}","templated":true}]}}