{"id":4331,"date":"2024-07-14T18:15:00","date_gmt":"2024-07-14T10:15:00","guid":{"rendered":"https:\/\/hingelocks.com\/product\/hl161-2\/"},"modified":"2024-08-30T21:50:51","modified_gmt":"2024-08-30T13:50:51","slug":"270-degree-hinge-hl161-2-torque-position-control-hinges","status":"publish","type":"product","link":"https:\/\/hingelocks.com\/sv\/produkt\/270-degree-hinge-hl161-2-torque-position-control-hinges\/","title":{"rendered":"270 graders g\u00e5ngj\u00e4rn Hl161-2 vridmoment positionskontroll g\u00e5ngj\u00e4rn"},"content":{"rendered":"<p><img decoding=\"async\" src=\"https:\/\/hingelocks.com\/wp-content\/uploads\/2024\/07\/20201010111110136.jpg\"\/><\/p>\n<h2>Specifikationer<\/h2>\n<p>                                                      <img decoding=\"async\" src=\"https:\/\/hingelocks.com\/wp-content\/uploads\/2024\/07\/20201010111122833\uff08EN02.jpg\" class=\"w80\"><\/p>","protected":false},"excerpt":{"rendered":"<div class=\"name\">Funktioner<\/div>\n<p>                                                           Material: g\u00e5ngj\u00e4rn i zinkgjutning, rostfritt st\u00e5l och nickelpl\u00e4teringsst\u00e5lstift finns tillg\u00e4ngliga Struktur och funktion: 2,0 Nm symmetriskt vridmoment, statisk vridmomentspecifikation \u00b1 20% \u00f6ver 25 000 g\u00e5ngers livsl\u00e4ngd B\u00e5de v\u00e4nster och h\u00f6ger till\u00e4mplig Med M5-skruv f\u00f6r montering<br \/>\u25cf Ytbehandling: Pockad f\u00f6rkromning<br \/>\u25cf Anm\u00e4rkning:2                                                                  <\/p>\n<div class=\"name\">Material<\/div>\n<p>                                                                    \u25cf Zinklegering                                                                                    <\/p>\n<div class=\"name\">Avsluta<\/div>\n<p>                                                                    \u25cf Plastspray<br \/>                                                                   \u25cf Elektropl\u00e5t<\/p>","protected":false},"featured_media":4334,"template":"","meta":{"_seopress_robots_primary_cat":"","_seopress_titles_title":"","_seopress_titles_desc":"","_seopress_robots_index":"","_import_markdown_pro_load_document_selector":0,"_import_markdown_pro_submit_text_textarea":""},"product_cat":[53],"product_tag":[],"_links":{"self":[{"href":"https:\/\/hingelocks.com\/sv\/wp-json\/wp\/v2\/product\/4331"}],"collection":[{"href":"https:\/\/hingelocks.com\/sv\/wp-json\/wp\/v2\/product"}],"about":[{"href":"https:\/\/hingelocks.com\/sv\/wp-json\/wp\/v2\/types\/product"}],"wp:featuredmedia":[{"embeddable":true,"href":"https:\/\/hingelocks.com\/sv\/wp-json\/wp\/v2\/media\/4334"}],"wp:attachment":[{"href":"https:\/\/hingelocks.com\/sv\/wp-json\/wp\/v2\/media?parent=4331"}],"wp:term":[{"taxonomy":"product_cat","embeddable":true,"href":"https:\/\/hingelocks.com\/sv\/wp-json\/wp\/v2\/product_cat?post=4331"},{"taxonomy":"product_tag","embeddable":true,"href":"https:\/\/hingelocks.com\/sv\/wp-json\/wp\/v2\/product_tag?post=4331"}],"curies":[{"name":"wp","href":"https:\/\/api.w.org\/{rel}","templated":true}]}}