{"id":4339,"date":"2024-07-14T18:15:00","date_gmt":"2024-07-14T10:15:00","guid":{"rendered":"https:\/\/hingelocks.com\/product\/hl199-1\/"},"modified":"2024-08-30T21:51:54","modified_gmt":"2024-08-30T13:51:54","slug":"180-degrees-hinges-hl199-plastic-hinge","status":"publish","type":"product","link":"https:\/\/hingelocks.com\/sv\/produkt\/180-degrees-hinges-hl199-plastic-hinge\/","title":{"rendered":"180 graders g\u00e5ngj\u00e4rn Hl199 plastg\u00e5ngj\u00e4rn"},"content":{"rendered":"<p><img decoding=\"async\" src=\"https:\/\/hingelocks.com\/wp-content\/uploads\/2024\/07\/202069182216173.jpg\" \/><\/p>\n<h2>Specifikationer<\/h2>\n<p><img decoding=\"async\" class=\"w80\" src=\"https:\/\/hingelocks.com\/wp-content\/uploads\/2024\/07\/202069182224914EN2.jpg\" \/><\/p>","protected":false},"excerpt":{"rendered":"<div class=\"name\">Funktioner<\/div>\n<p>Material: PA g\u00e5ngj\u00e4rn st\u00e5lstift \u3001 rostfritt<br \/>\n\u25cf Ytbehandling:Matt svart<br \/>\n\u25cf Anm\u00e4rkning:180\u00b0 g\u00e5ngj\u00e4rn<\/p>\n<div class=\"name\">Material<\/div>\n<p>\u25cf rostfritt st\u00e5l<\/p>\n<div class=\"name\">Avsluta<\/div>","protected":false},"featured_media":4342,"template":"","meta":{"_seopress_robots_primary_cat":"none","_seopress_titles_title":"","_seopress_titles_desc":"","_seopress_robots_index":"","_import_markdown_pro_load_document_selector":0,"_import_markdown_pro_submit_text_textarea":""},"product_cat":[53],"product_tag":[],"_links":{"self":[{"href":"https:\/\/hingelocks.com\/sv\/wp-json\/wp\/v2\/product\/4339"}],"collection":[{"href":"https:\/\/hingelocks.com\/sv\/wp-json\/wp\/v2\/product"}],"about":[{"href":"https:\/\/hingelocks.com\/sv\/wp-json\/wp\/v2\/types\/product"}],"wp:featuredmedia":[{"embeddable":true,"href":"https:\/\/hingelocks.com\/sv\/wp-json\/wp\/v2\/media\/4342"}],"wp:attachment":[{"href":"https:\/\/hingelocks.com\/sv\/wp-json\/wp\/v2\/media?parent=4339"}],"wp:term":[{"taxonomy":"product_cat","embeddable":true,"href":"https:\/\/hingelocks.com\/sv\/wp-json\/wp\/v2\/product_cat?post=4339"},{"taxonomy":"product_tag","embeddable":true,"href":"https:\/\/hingelocks.com\/sv\/wp-json\/wp\/v2\/product_tag?post=4339"}],"curies":[{"name":"wp","href":"https:\/\/api.w.org\/{rel}","templated":true}]}}