{"id":4343,"date":"2024-07-14T18:15:19","date_gmt":"2024-07-14T10:15:19","guid":{"rendered":"https:\/\/hingelocks.com\/product\/hl200-1\/"},"modified":"2024-08-30T21:47:37","modified_gmt":"2024-08-30T13:47:37","slug":"hl200-adjustable-torque-position-control-hinges-friction-stay-hinge","status":"publish","type":"product","link":"https:\/\/hingelocks.com\/sv\/produkt\/hl200-adjustable-torque-position-control-hinges-friction-stay-hinge\/","title":{"rendered":"Hl200 g\u00e5ngj\u00e4rn med justerbart vridmoment och positionskontroll Friction Stay g\u00e5ngj\u00e4rn"},"content":{"rendered":"<p><img decoding=\"async\" src=\"https:\/\/hingelocks.com\/wp-content\/uploads\/2024\/07\/2020101093858547EN01.jpg\" \/><\/p>\n<h2>Specifikationer<\/h2>\n<p><img decoding=\"async\" class=\"w80\" src=\"https:\/\/hingelocks.com\/wp-content\/uploads\/2024\/07\/202010109395171EN02.jpg\" \/><\/p>","protected":false},"excerpt":{"rendered":"<div class=\"name\">Funktioner<\/div>\n<p>\u25cf Material: dynamiska g\u00e5ngj\u00e4rn i zinklegering, stift i rostfritt st\u00e5l,<br \/>\n\u25cf Ytbehandling: elektrofores svart.<br \/>\n\u25cf Strukturell funktion: Det inre symmetriska positioneringsg\u00e5ngj\u00e4rnet har en \u00f6ppen vinkel p\u00e5 60 grader 120 grader 180 grader, positioneringsfunktion.<br \/>\n\u25cf Och vridmomentet justeras med en inv\u00e4ndig sexkantsnyckel 6<\/p>\n<div class=\"name\">Material<\/div>\n<p>\u25cf Zinklegering<\/p>\n<div class=\"name\">Avsluta<\/div>\n<p>\u25cf Plastspray<\/p>","protected":false},"featured_media":4346,"template":"","meta":{"_seopress_robots_primary_cat":"none","_seopress_titles_title":"","_seopress_titles_desc":"","_seopress_robots_index":"","_import_markdown_pro_load_document_selector":0,"_import_markdown_pro_submit_text_textarea":""},"product_cat":[53],"product_tag":[],"_links":{"self":[{"href":"https:\/\/hingelocks.com\/sv\/wp-json\/wp\/v2\/product\/4343"}],"collection":[{"href":"https:\/\/hingelocks.com\/sv\/wp-json\/wp\/v2\/product"}],"about":[{"href":"https:\/\/hingelocks.com\/sv\/wp-json\/wp\/v2\/types\/product"}],"wp:featuredmedia":[{"embeddable":true,"href":"https:\/\/hingelocks.com\/sv\/wp-json\/wp\/v2\/media\/4346"}],"wp:attachment":[{"href":"https:\/\/hingelocks.com\/sv\/wp-json\/wp\/v2\/media?parent=4343"}],"wp:term":[{"taxonomy":"product_cat","embeddable":true,"href":"https:\/\/hingelocks.com\/sv\/wp-json\/wp\/v2\/product_cat?post=4343"},{"taxonomy":"product_tag","embeddable":true,"href":"https:\/\/hingelocks.com\/sv\/wp-json\/wp\/v2\/product_tag?post=4343"}],"curies":[{"name":"wp","href":"https:\/\/api.w.org\/{rel}","templated":true}]}}