{"id":4358,"date":"2024-07-14T18:15:58","date_gmt":"2024-07-14T10:15:58","guid":{"rendered":"https:\/\/hingelocks.com\/product\/hl213-1\/"},"modified":"2024-08-30T21:45:35","modified_gmt":"2024-08-30T13:45:35","slug":"hl213-1-black-industrial-hinge-zinc-alloy-electric-control-box-electric-cabinet-hinge","status":"publish","type":"product","link":"https:\/\/hingelocks.com\/sv\/produkt\/hl213-1-black-industrial-hinge-zinc-alloy-electric-control-box-electric-cabinet-hinge\/","title":{"rendered":"Hl213-1 Svart industriellt g\u00e5ngj\u00e4rn i zinklegering f\u00f6r elektriska kontrollboxar och elektriska sk\u00e5p"},"content":{"rendered":"<p><img src='https:\/\/hingelocks.com\/wp-content\/uploads\/2024\/07\/202221215293332EN01.jpg'>                             <\/p>\n<h2>Specifikationer<\/h2>\n<p>                                                      <img decoding=\"async\" src=\"https:\/\/hingelocks.com\/wp-content\/uploads\/2024\/07\/EN02-10.jpg\" class=\"w80\"><\/p>","protected":false},"excerpt":{"rendered":"<div class=\"name\">Funktioner<\/div>\n<p>                                                           Material: g\u00e5ngj\u00e4rn i zinklegering, stift i rostfritt st\u00e5l  <br \/>\u25cf Ytbehandling: matt svart  <br \/>\u25cf Rotera cirka 180 grader                                                                    <\/p>\n<div class=\"name\">Material<\/div>\n<p>                                                                    \u25cf Zinklegering                                                                                    <\/p>\n<div class=\"name\">Avsluta<\/div>\n<p>                                                                    \u25cf Plastspray<\/p>","protected":false},"featured_media":4361,"template":"","meta":{"_seopress_robots_primary_cat":"","_seopress_titles_title":"","_seopress_titles_desc":"","_seopress_robots_index":"","_import_markdown_pro_load_document_selector":0,"_import_markdown_pro_submit_text_textarea":""},"product_cat":[53],"product_tag":[],"_links":{"self":[{"href":"https:\/\/hingelocks.com\/sv\/wp-json\/wp\/v2\/product\/4358"}],"collection":[{"href":"https:\/\/hingelocks.com\/sv\/wp-json\/wp\/v2\/product"}],"about":[{"href":"https:\/\/hingelocks.com\/sv\/wp-json\/wp\/v2\/types\/product"}],"wp:featuredmedia":[{"embeddable":true,"href":"https:\/\/hingelocks.com\/sv\/wp-json\/wp\/v2\/media\/4361"}],"wp:attachment":[{"href":"https:\/\/hingelocks.com\/sv\/wp-json\/wp\/v2\/media?parent=4358"}],"wp:term":[{"taxonomy":"product_cat","embeddable":true,"href":"https:\/\/hingelocks.com\/sv\/wp-json\/wp\/v2\/product_cat?post=4358"},{"taxonomy":"product_tag","embeddable":true,"href":"https:\/\/hingelocks.com\/sv\/wp-json\/wp\/v2\/product_tag?post=4358"}],"curies":[{"name":"wp","href":"https:\/\/api.w.org\/{rel}","templated":true}]}}